{"id":116514,"date":"2026-05-05T17:24:35","date_gmt":"2026-05-05T20:24:35","guid":{"rendered":"https:\/\/www.hediyepazar.com\/?product=yuz-ve-vucut-tuy-temizleme-makinesi-3-farkli-baslikli"},"modified":"2026-05-05T17:24:35","modified_gmt":"2026-05-05T20:24:35","slug":"yuz-ve-vucut-tuy-temizleme-makinesi-3-farkli-baslikli","status":"publish","type":"product","link":"https:\/\/www.hediyepazar.com\/?product=yuz-ve-vucut-tuy-temizleme-makinesi-3-farkli-baslikli","title":{"rendered":"Y\u00fcz ve V\u00fccut T\u00fcy Temizleme Makinesi 3 Farkl\u0131 Ba\u015fl\u0131kl\u0131"},"content":{"rendered":"<p>Bu \u00e7ok fonksiyonlu t\u00fcy temizleme cihaz\u0131, evde h\u0131zl\u0131, ac\u0131s\u0131z ve etkili bir bak\u0131m deneyimi sunar. 3 farkl\u0131 ba\u015fl\u0131\u011f\u0131 sayesinde y\u00fcz, v\u00fccut ve hassas b\u00f6lgelerde kullan\u0131labilir. Y\u00fcz ba\u015fl\u0131\u011f\u0131, en k\u00fc\u00e7\u00fck ve ince t\u00fcyleri bile kolayca al\u0131rken, geni\u015f ba\u015fl\u0131k kol, bacak ve s\u0131rt gibi b\u00f6lgelerde h\u0131zl\u0131 sonu\u00e7 verir. K\u0131vr\u0131ml\u0131 alanlar i\u00e7in tasarlanan \u00f6zel ba\u015fl\u0131k ise bikini b\u00f6lgesi ve koltuk alt\u0131 gibi yerlerde m\u00fckemmel performans sa\u011flar. Cilt y\u00fczeyindeki kuru ve \u00f6l\u00fc deriyi temizleyerek daha canl\u0131 ve p\u00fcr\u00fczs\u00fcz bir g\u00f6r\u00fcn\u00fcm elde etmenizi sa\u011flar. G\u00fcvenlik korumas\u0131 sayesinde cildi tahri\u015f etmez, kesik riskini ortadan kald\u0131r\u0131r. Pille \u00e7al\u0131\u015fmas\u0131 sayesinde kabloya ihtiya\u00e7 duymadan her yerde kullan\u0131labilir. Hafif ve ergonomik yap\u0131s\u0131, uzun s\u00fcreli kullan\u0131mlarda bile konfor sa\u011flar. D\u00fczenli kullan\u0131mda t\u00fcylerin tekrar \u00e7\u0131kma s\u00fcresini uzat\u0131r ve cildin dokusunu iyile\u015ftirir. G\u00fcnl\u00fck bak\u0131m\u0131n\u0131 kolayla\u015ft\u0131rmak ve profesyonel bir sonu\u00e7 elde etmek isteyenler i\u00e7in idealdir.<\/p>\n","protected":false},"excerpt":{"rendered":"<p>Bu \u00e7ok fonksiyonlu t\u00fcy temizleme cihaz\u0131, evde h\u0131zl\u0131, ac\u0131s\u0131z ve etkili bir bak\u0131m deneyimi sunar. 3 farkl\u0131 ba\u015fl\u0131\u011f\u0131 sayesinde y\u00fcz, v\u00fccut ve hassas b\u00f6lgelerde kullan\u0131labilir. Y\u00fcz ba\u015fl\u0131\u011f\u0131, en k\u00fc\u00e7\u00fck ve ince t\u00fcyleri bile kolayca al\u0131rken, geni\u015f ba\u015fl\u0131k kol, bacak ve s\u0131rt gibi b\u00f6lgelerde h\u0131zl\u0131 sonu\u00e7 verir. K\u0131vr\u0131ml\u0131 alanlar i\u00e7in tasarlanan \u00f6zel ba\u015fl\u0131k ise bikini b\u00f6lgesi&#8230;<\/p>\n","protected":false},"featured_media":116513,"comment_status":"open","ping_status":"closed","template":"","meta":{"_kad_post_transparent":"","_kad_post_title":"","_kad_post_layout":"","_kad_post_sidebar_id":"","_kad_post_content_style":"","_kad_post_vertical_padding":"","_kad_post_feature":"","_kad_post_feature_position":"","_kad_post_header":false,"_kad_post_footer":false,"_kad_post_classname":""},"product_brand":[],"product_cat":[14919],"product_tag":[],"class_list":{"0":"post-116514","1":"product","2":"type-product","3":"status-publish","4":"has-post-thumbnail","6":"product_cat-epilator-epilator","8":"first","9":"instock","10":"purchasable","11":"product-type-simple","12":"entry","13":"content-bg","14":"loop-entry"},"_links":{"self":[{"href":"https:\/\/www.hediyepazar.com\/index.php?rest_route=\/wp\/v2\/product\/116514","targetHints":{"allow":["GET"]}}],"collection":[{"href":"https:\/\/www.hediyepazar.com\/index.php?rest_route=\/wp\/v2\/product"}],"about":[{"href":"https:\/\/www.hediyepazar.com\/index.php?rest_route=\/wp\/v2\/types\/product"}],"replies":[{"embeddable":true,"href":"https:\/\/www.hediyepazar.com\/index.php?rest_route=%2Fwp%2Fv2%2Fcomments&post=116514"}],"wp:featuredmedia":[{"embeddable":true,"href":"https:\/\/www.hediyepazar.com\/index.php?rest_route=\/wp\/v2\/media\/116513"}],"wp:attachment":[{"href":"https:\/\/www.hediyepazar.com\/index.php?rest_route=%2Fwp%2Fv2%2Fmedia&parent=116514"}],"wp:term":[{"taxonomy":"product_brand","embeddable":true,"href":"https:\/\/www.hediyepazar.com\/index.php?rest_route=%2Fwp%2Fv2%2Fproduct_brand&post=116514"},{"taxonomy":"product_cat","embeddable":true,"href":"https:\/\/www.hediyepazar.com\/index.php?rest_route=%2Fwp%2Fv2%2Fproduct_cat&post=116514"},{"taxonomy":"product_tag","embeddable":true,"href":"https:\/\/www.hediyepazar.com\/index.php?rest_route=%2Fwp%2Fv2%2Fproduct_tag&post=116514"}],"curies":[{"name":"wp","href":"https:\/\/api.w.org\/{rel}","templated":true}]}}