{"id":116518,"date":"2026-05-05T17:24:45","date_gmt":"2026-05-05T20:24:45","guid":{"rendered":"https:\/\/www.hediyepazar.com\/?product=3-baslikli-yuz-ve-vucut-tuy-temizleme-cihazi-pembe"},"modified":"2026-05-05T17:24:45","modified_gmt":"2026-05-05T20:24:45","slug":"3-baslikli-yuz-ve-vucut-tuy-temizleme-cihazi-pembe","status":"publish","type":"product","link":"https:\/\/www.hediyepazar.com\/?product=3-baslikli-yuz-ve-vucut-tuy-temizleme-cihazi-pembe","title":{"rendered":"3 Ba\u015fl\u0131kl\u0131 Y\u00fcz ve V\u00fccut T\u00fcy Temizleme Cihaz\u0131 Pembe"},"content":{"rendered":"<p>Evde kolay ve profesyonel bir t\u00fcy temizleme deneyimi sunan bu 3 ba\u015fl\u0131kl\u0131 cihaz, p\u00fcr\u00fczs\u00fcz bir cilt i\u00e7in ihtiyac\u0131n\u0131z olan her \u015feyi tek pakette toplar. Kuru ve \u00f6l\u00fc cilt h\u00fccrelerini nazik\u00e7e temizlerken \u015feftali t\u00fcylerini kolayca giderir. \u00d6zel tasarlanm\u0131\u015f g\u00fcvenlik korumas\u0131 sayesinde kesik ve tahri\u015f riskini en aza indirir. Ac\u0131 ve s\u0131z\u0131 hissetmeden, cildinize zarar vermeden t\u00fcylerden kurtulman\u0131z\u0131 sa\u011flar. Ta\u015f\u0131nabilir boyutu ve kablosuz kullan\u0131m\u0131 ile her yerde rahatl\u0131kla kullan\u0131labilir. \u00dc\u00e7 farkl\u0131 ba\u015fl\u0131k, y\u00fcz, bikini b\u00f6lgesi, kollar ve bacaklar i\u00e7in \u00f6zel \u00e7\u00f6z\u00fcmler sunar. An\u0131nda daha p\u00fcr\u00fczs\u00fcz, parlak ve gen\u00e7 bir cilde kavu\u015fmak isteyenler i\u00e7in idealdir.<\/p>\n","protected":false},"excerpt":{"rendered":"<p>Evde kolay ve profesyonel bir t\u00fcy temizleme deneyimi sunan bu 3 ba\u015fl\u0131kl\u0131 cihaz, p\u00fcr\u00fczs\u00fcz bir cilt i\u00e7in ihtiyac\u0131n\u0131z olan her \u015feyi tek pakette toplar. Kuru ve \u00f6l\u00fc cilt h\u00fccrelerini nazik\u00e7e temizlerken \u015feftali t\u00fcylerini kolayca giderir. \u00d6zel tasarlanm\u0131\u015f g\u00fcvenlik korumas\u0131 sayesinde kesik ve tahri\u015f riskini en aza indirir. Ac\u0131 ve s\u0131z\u0131 hissetmeden, cildinize zarar vermeden t\u00fcylerden&#8230;<\/p>\n","protected":false},"featured_media":116517,"comment_status":"open","ping_status":"closed","template":"","meta":{"_kad_post_transparent":"","_kad_post_title":"","_kad_post_layout":"","_kad_post_sidebar_id":"","_kad_post_content_style":"","_kad_post_vertical_padding":"","_kad_post_feature":"","_kad_post_feature_position":"","_kad_post_header":false,"_kad_post_footer":false,"_kad_post_classname":""},"product_brand":[],"product_cat":[14919],"product_tag":[],"class_list":{"0":"post-116518","1":"product","2":"type-product","3":"status-publish","4":"has-post-thumbnail","6":"product_cat-epilator-epilator","8":"first","9":"instock","10":"purchasable","11":"product-type-simple","12":"entry","13":"content-bg","14":"loop-entry"},"_links":{"self":[{"href":"https:\/\/www.hediyepazar.com\/index.php?rest_route=\/wp\/v2\/product\/116518","targetHints":{"allow":["GET"]}}],"collection":[{"href":"https:\/\/www.hediyepazar.com\/index.php?rest_route=\/wp\/v2\/product"}],"about":[{"href":"https:\/\/www.hediyepazar.com\/index.php?rest_route=\/wp\/v2\/types\/product"}],"replies":[{"embeddable":true,"href":"https:\/\/www.hediyepazar.com\/index.php?rest_route=%2Fwp%2Fv2%2Fcomments&post=116518"}],"wp:featuredmedia":[{"embeddable":true,"href":"https:\/\/www.hediyepazar.com\/index.php?rest_route=\/wp\/v2\/media\/116517"}],"wp:attachment":[{"href":"https:\/\/www.hediyepazar.com\/index.php?rest_route=%2Fwp%2Fv2%2Fmedia&parent=116518"}],"wp:term":[{"taxonomy":"product_brand","embeddable":true,"href":"https:\/\/www.hediyepazar.com\/index.php?rest_route=%2Fwp%2Fv2%2Fproduct_brand&post=116518"},{"taxonomy":"product_cat","embeddable":true,"href":"https:\/\/www.hediyepazar.com\/index.php?rest_route=%2Fwp%2Fv2%2Fproduct_cat&post=116518"},{"taxonomy":"product_tag","embeddable":true,"href":"https:\/\/www.hediyepazar.com\/index.php?rest_route=%2Fwp%2Fv2%2Fproduct_tag&post=116518"}],"curies":[{"name":"wp","href":"https:\/\/api.w.org\/{rel}","templated":true}]}}