{"id":116558,"date":"2026-05-05T17:30:33","date_gmt":"2026-05-05T20:30:33","guid":{"rendered":"https:\/\/www.hediyepazar.com\/?product=seyahat-boyu-tasinabilir-profesyonel-sac-sekillendirici-set"},"modified":"2026-05-05T17:30:33","modified_gmt":"2026-05-05T20:30:33","slug":"seyahat-boyu-tasinabilir-profesyonel-sac-sekillendirici-set","status":"publish","type":"product","link":"https:\/\/www.hediyepazar.com\/?product=seyahat-boyu-tasinabilir-profesyonel-sac-sekillendirici-set","title":{"rendered":"Seyahat Boyu Ta\u015f\u0131nabilir Profesyonel Sa\u00e7 \u015eekillendirici Set"},"content":{"rendered":"<p>Sa\u00e7lar\u0131n\u0131z\u0131 d\u00fczle\u015ftirmekten, do\u011fal dalgalar yaratmaya veya hacimli bukleler olu\u015fturmaya kadar t\u00fcm stiller art\u0131k sizin kontrol\u00fcn\u00fczde. 5 farkl\u0131 ba\u015fl\u0131k sayesinde her g\u00fcn yeni bir g\u00f6r\u00fcn\u00fcm deneyebilirsiniz. Negatif iyon teknolojisi ile sa\u00e7lar\u0131n\u0131z hem \u015fekillenir hem de yumu\u015fac\u0131k olur. G\u00fcnl\u00fck stilinizi kolayca de\u011fi\u015ftirmek isteyen herkes i\u00e7in ideal bir \u00e7\u00f6z\u00fcmd\u00fcr.<\/p>\n","protected":false},"excerpt":{"rendered":"<p>Sa\u00e7lar\u0131n\u0131z\u0131 d\u00fczle\u015ftirmekten, do\u011fal dalgalar yaratmaya veya hacimli bukleler olu\u015fturmaya kadar t\u00fcm stiller art\u0131k sizin kontrol\u00fcn\u00fczde. 5 farkl\u0131 ba\u015fl\u0131k sayesinde her g\u00fcn yeni bir g\u00f6r\u00fcn\u00fcm deneyebilirsiniz. Negatif iyon teknolojisi ile sa\u00e7lar\u0131n\u0131z hem \u015fekillenir hem de yumu\u015fac\u0131k olur. G\u00fcnl\u00fck stilinizi kolayca de\u011fi\u015ftirmek isteyen herkes i\u00e7in ideal bir \u00e7\u00f6z\u00fcmd\u00fcr.<\/p>\n","protected":false},"featured_media":116557,"comment_status":"open","ping_status":"closed","template":"","meta":{"_kad_post_transparent":"","_kad_post_title":"","_kad_post_layout":"","_kad_post_sidebar_id":"","_kad_post_content_style":"","_kad_post_vertical_padding":"","_kad_post_feature":"","_kad_post_feature_position":"","_kad_post_header":false,"_kad_post_footer":false,"_kad_post_classname":""},"product_brand":[],"product_cat":[14907],"product_tag":[],"class_list":{"0":"post-116558","1":"product","2":"type-product","3":"status-publish","4":"has-post-thumbnail","6":"product_cat-sac-masasi-sac-masasi","8":"first","9":"instock","10":"purchasable","11":"product-type-simple","12":"entry","13":"content-bg","14":"loop-entry"},"_links":{"self":[{"href":"https:\/\/www.hediyepazar.com\/index.php?rest_route=\/wp\/v2\/product\/116558","targetHints":{"allow":["GET"]}}],"collection":[{"href":"https:\/\/www.hediyepazar.com\/index.php?rest_route=\/wp\/v2\/product"}],"about":[{"href":"https:\/\/www.hediyepazar.com\/index.php?rest_route=\/wp\/v2\/types\/product"}],"replies":[{"embeddable":true,"href":"https:\/\/www.hediyepazar.com\/index.php?rest_route=%2Fwp%2Fv2%2Fcomments&post=116558"}],"wp:featuredmedia":[{"embeddable":true,"href":"https:\/\/www.hediyepazar.com\/index.php?rest_route=\/wp\/v2\/media\/116557"}],"wp:attachment":[{"href":"https:\/\/www.hediyepazar.com\/index.php?rest_route=%2Fwp%2Fv2%2Fmedia&parent=116558"}],"wp:term":[{"taxonomy":"product_brand","embeddable":true,"href":"https:\/\/www.hediyepazar.com\/index.php?rest_route=%2Fwp%2Fv2%2Fproduct_brand&post=116558"},{"taxonomy":"product_cat","embeddable":true,"href":"https:\/\/www.hediyepazar.com\/index.php?rest_route=%2Fwp%2Fv2%2Fproduct_cat&post=116558"},{"taxonomy":"product_tag","embeddable":true,"href":"https:\/\/www.hediyepazar.com\/index.php?rest_route=%2Fwp%2Fv2%2Fproduct_tag&post=116558"}],"curies":[{"name":"wp","href":"https:\/\/api.w.org\/{rel}","templated":true}]}}