{"id":116562,"date":"2026-05-05T17:30:43","date_gmt":"2026-05-05T20:30:43","guid":{"rendered":"https:\/\/www.hediyepazar.com\/?product=hizli-kurutma-ve-bukle-yapma-ozellikli-sac-sekillendirme-cihazi"},"modified":"2026-05-05T17:30:43","modified_gmt":"2026-05-05T20:30:43","slug":"hizli-kurutma-ve-bukle-yapma-ozellikli-sac-sekillendirme-cihazi","status":"publish","type":"product","link":"https:\/\/www.hediyepazar.com\/?product=hizli-kurutma-ve-bukle-yapma-ozellikli-sac-sekillendirme-cihazi","title":{"rendered":"H\u0131zl\u0131 Kurutma ve Bukle Yapma \u00d6zellikli Sa\u00e7 \u015eekillendirme Cihaz\u0131"},"content":{"rendered":"<p>5+1 sa\u00e7 \u015fekillendirici set, sa\u00e7 stilinizi de\u011fi\u015ftirirken ayn\u0131 zamanda sa\u00e7 bak\u0131m\u0131n\u0131za da destek olur. G\u00fc\u00e7l\u00fc hava ak\u0131m\u0131 ve hassas \u0131s\u0131 kontrol\u00fc ile sa\u00e7 tellerine gereksiz \u0131s\u0131 y\u00fcklemesi yapmaz. B\u00f6ylece hem daha sa\u011fl\u0131kl\u0131 hem de daha uzun \u00f6m\u00fcrl\u00fc sa\u00e7lara sahip olabilirsiniz. Her ba\u015fl\u0131k, belirli bir \u015fekillendirme amac\u0131na g\u00f6re tasarlanm\u0131\u015ft\u0131r, b\u00f6ylece stilinizi ki\u015fiselle\u015ftirme imk\u00e2n\u0131 bulursunuz. Gerek g\u00fcnl\u00fck zarif bir g\u00f6r\u00fcn\u00fcm, gerekse \u00f6zel g\u00fcnlerde etkileyici bir stil yaratmak i\u00e7in idealdir.<\/p>\n","protected":false},"excerpt":{"rendered":"<p>5+1 sa\u00e7 \u015fekillendirici set, sa\u00e7 stilinizi de\u011fi\u015ftirirken ayn\u0131 zamanda sa\u00e7 bak\u0131m\u0131n\u0131za da destek olur. G\u00fc\u00e7l\u00fc hava ak\u0131m\u0131 ve hassas \u0131s\u0131 kontrol\u00fc ile sa\u00e7 tellerine gereksiz \u0131s\u0131 y\u00fcklemesi yapmaz. B\u00f6ylece hem daha sa\u011fl\u0131kl\u0131 hem de daha uzun \u00f6m\u00fcrl\u00fc sa\u00e7lara sahip olabilirsiniz. Her ba\u015fl\u0131k, belirli bir \u015fekillendirme amac\u0131na g\u00f6re tasarlanm\u0131\u015ft\u0131r, b\u00f6ylece stilinizi ki\u015fiselle\u015ftirme imk\u00e2n\u0131 bulursunuz. Gerek g\u00fcnl\u00fck&#8230;<\/p>\n","protected":false},"featured_media":116561,"comment_status":"open","ping_status":"closed","template":"","meta":{"_kad_post_transparent":"","_kad_post_title":"","_kad_post_layout":"","_kad_post_sidebar_id":"","_kad_post_content_style":"","_kad_post_vertical_padding":"","_kad_post_feature":"","_kad_post_feature_position":"","_kad_post_header":false,"_kad_post_footer":false,"_kad_post_classname":""},"product_brand":[],"product_cat":[14907],"product_tag":[],"class_list":{"0":"post-116562","1":"product","2":"type-product","3":"status-publish","4":"has-post-thumbnail","6":"product_cat-sac-masasi-sac-masasi","8":"first","9":"instock","10":"purchasable","11":"product-type-simple","12":"entry","13":"content-bg","14":"loop-entry"},"_links":{"self":[{"href":"https:\/\/www.hediyepazar.com\/index.php?rest_route=\/wp\/v2\/product\/116562","targetHints":{"allow":["GET"]}}],"collection":[{"href":"https:\/\/www.hediyepazar.com\/index.php?rest_route=\/wp\/v2\/product"}],"about":[{"href":"https:\/\/www.hediyepazar.com\/index.php?rest_route=\/wp\/v2\/types\/product"}],"replies":[{"embeddable":true,"href":"https:\/\/www.hediyepazar.com\/index.php?rest_route=%2Fwp%2Fv2%2Fcomments&post=116562"}],"wp:featuredmedia":[{"embeddable":true,"href":"https:\/\/www.hediyepazar.com\/index.php?rest_route=\/wp\/v2\/media\/116561"}],"wp:attachment":[{"href":"https:\/\/www.hediyepazar.com\/index.php?rest_route=%2Fwp%2Fv2%2Fmedia&parent=116562"}],"wp:term":[{"taxonomy":"product_brand","embeddable":true,"href":"https:\/\/www.hediyepazar.com\/index.php?rest_route=%2Fwp%2Fv2%2Fproduct_brand&post=116562"},{"taxonomy":"product_cat","embeddable":true,"href":"https:\/\/www.hediyepazar.com\/index.php?rest_route=%2Fwp%2Fv2%2Fproduct_cat&post=116562"},{"taxonomy":"product_tag","embeddable":true,"href":"https:\/\/www.hediyepazar.com\/index.php?rest_route=%2Fwp%2Fv2%2Fproduct_tag&post=116562"}],"curies":[{"name":"wp","href":"https:\/\/api.w.org\/{rel}","templated":true}]}}