{"id":116564,"date":"2026-05-05T17:30:58","date_gmt":"2026-05-05T20:30:58","guid":{"rendered":"https:\/\/www.hediyepazar.com\/?product=cok-fonksiyonlu-sac-kurutma-ve-sekillendirme-makinesi-5-baslik"},"modified":"2026-05-05T17:30:58","modified_gmt":"2026-05-05T20:30:58","slug":"cok-fonksiyonlu-sac-kurutma-ve-sekillendirme-makinesi-5-baslik","status":"publish","type":"product","link":"https:\/\/www.hediyepazar.com\/?product=cok-fonksiyonlu-sac-kurutma-ve-sekillendirme-makinesi-5-baslik","title":{"rendered":"\u00c7ok Fonksiyonlu Sa\u00e7 Kurutma ve \u015eekillendirme Makinesi 5 Ba\u015fl\u0131k"},"content":{"rendered":"<p>Bu \u00e7ok fonksiyonlu sa\u00e7 \u015fekillendirici, farkl\u0131 ba\u015fl\u0131k se\u00e7enekleri ile hem g\u00fcnl\u00fck kullan\u0131m hem de \u00f6zel g\u00fcnler i\u00e7in idealdir. Is\u0131y\u0131 e\u015fit da\u011f\u0131tan teknolojisi, sa\u00e7 tellerinin zarar g\u00f6rmesini engeller ve parlakl\u0131\u011f\u0131n\u0131 korur. Sa\u00e7 kurutma, d\u00fczle\u015ftirme, do\u011fal dalgalar veya hacimli bukleler\u2026 T\u00fcm bu stilleri tek cihazla elde edebilirsiniz. H\u0131zl\u0131 \u0131s\u0131nma \u00f6zelli\u011fi sayesinde bekleme s\u00fcresini minimuma indirir, zamandan kazanman\u0131z\u0131 sa\u011flar. Negatif iyon \u00f6zelli\u011fi sayesinde sa\u00e7lar\u0131n\u0131z elektriklenmez, yumu\u015fak ve p\u00fcr\u00fczs\u00fcz bir dokunu\u015fa sahip olur.<\/p>\n","protected":false},"excerpt":{"rendered":"<p>Bu \u00e7ok fonksiyonlu sa\u00e7 \u015fekillendirici, farkl\u0131 ba\u015fl\u0131k se\u00e7enekleri ile hem g\u00fcnl\u00fck kullan\u0131m hem de \u00f6zel g\u00fcnler i\u00e7in idealdir. Is\u0131y\u0131 e\u015fit da\u011f\u0131tan teknolojisi, sa\u00e7 tellerinin zarar g\u00f6rmesini engeller ve parlakl\u0131\u011f\u0131n\u0131 korur. Sa\u00e7 kurutma, d\u00fczle\u015ftirme, do\u011fal dalgalar veya hacimli bukleler\u2026 T\u00fcm bu stilleri tek cihazla elde edebilirsiniz. H\u0131zl\u0131 \u0131s\u0131nma \u00f6zelli\u011fi sayesinde bekleme s\u00fcresini minimuma indirir, zamandan kazanman\u0131z\u0131&#8230;<\/p>\n","protected":false},"featured_media":116563,"comment_status":"open","ping_status":"closed","template":"","meta":{"_kad_post_transparent":"","_kad_post_title":"","_kad_post_layout":"","_kad_post_sidebar_id":"","_kad_post_content_style":"","_kad_post_vertical_padding":"","_kad_post_feature":"","_kad_post_feature_position":"","_kad_post_header":false,"_kad_post_footer":false,"_kad_post_classname":""},"product_brand":[],"product_cat":[14907],"product_tag":[],"class_list":{"0":"post-116564","1":"product","2":"type-product","3":"status-publish","4":"has-post-thumbnail","6":"product_cat-sac-masasi-sac-masasi","8":"first","9":"instock","10":"purchasable","11":"product-type-simple","12":"entry","13":"content-bg","14":"loop-entry"},"_links":{"self":[{"href":"https:\/\/www.hediyepazar.com\/index.php?rest_route=\/wp\/v2\/product\/116564","targetHints":{"allow":["GET"]}}],"collection":[{"href":"https:\/\/www.hediyepazar.com\/index.php?rest_route=\/wp\/v2\/product"}],"about":[{"href":"https:\/\/www.hediyepazar.com\/index.php?rest_route=\/wp\/v2\/types\/product"}],"replies":[{"embeddable":true,"href":"https:\/\/www.hediyepazar.com\/index.php?rest_route=%2Fwp%2Fv2%2Fcomments&post=116564"}],"wp:featuredmedia":[{"embeddable":true,"href":"https:\/\/www.hediyepazar.com\/index.php?rest_route=\/wp\/v2\/media\/116563"}],"wp:attachment":[{"href":"https:\/\/www.hediyepazar.com\/index.php?rest_route=%2Fwp%2Fv2%2Fmedia&parent=116564"}],"wp:term":[{"taxonomy":"product_brand","embeddable":true,"href":"https:\/\/www.hediyepazar.com\/index.php?rest_route=%2Fwp%2Fv2%2Fproduct_brand&post=116564"},{"taxonomy":"product_cat","embeddable":true,"href":"https:\/\/www.hediyepazar.com\/index.php?rest_route=%2Fwp%2Fv2%2Fproduct_cat&post=116564"},{"taxonomy":"product_tag","embeddable":true,"href":"https:\/\/www.hediyepazar.com\/index.php?rest_route=%2Fwp%2Fv2%2Fproduct_tag&post=116564"}],"curies":[{"name":"wp","href":"https:\/\/api.w.org\/{rel}","templated":true}]}}