{"id":116568,"date":"2026-05-05T17:31:09","date_gmt":"2026-05-05T20:31:09","guid":{"rendered":"https:\/\/www.hediyepazar.com\/?product=yaratici-cizim-ve-modelleme-icin-profesyonel-3d-yazici-kalem"},"modified":"2026-05-05T17:31:09","modified_gmt":"2026-05-05T20:31:09","slug":"yaratici-cizim-ve-modelleme-icin-profesyonel-3d-yazici-kalem","status":"publish","type":"product","link":"https:\/\/www.hediyepazar.com\/?product=yaratici-cizim-ve-modelleme-icin-profesyonel-3d-yazici-kalem","title":{"rendered":"Yarat\u0131c\u0131 \u00c7izim ve Modelleme \u0130\u00e7in Profesyonel 3D Yaz\u0131c\u0131 Kalem"},"content":{"rendered":"<p>Bu 3D Yaz\u0131c\u0131 Kalem, hem g\u00fcvenli hem de \u00e7ok y\u00f6nl\u00fc kullan\u0131m imk\u00e2n\u0131 sunar. FDM teknolojisi ile ABS, PLA, HIPS filamentleri i\u015fler. 1,75 mm \u00e7ap\u0131nda filament deste\u011fi ve g\u00fcvenli malzeme yap\u0131s\u0131 sayesinde \u00e7ocuklar ve yeti\u015fkinler taraf\u0131ndan kullan\u0131labilir. Ergonomik yap\u0131s\u0131, uzun s\u00fcre rahat kullan\u0131m sa\u011flar. \u0130lk kullan\u0131mda y\u00f6n tu\u015funa 5-10 saniye bas\u0131l\u0131 tutarak cihaz\u0131 aktive edin. S\u0131cakl\u0131k ayar\u0131, filament y\u00fckleme ve \u00e7\u0131karma, h\u0131z kontrol\u00fc gibi fonksiyonlar kolayca y\u00f6netilir. Havada \u00e7izim ve kal\u0131p destekli \u00fcretim yap\u0131labilir. Kullan\u0131m sonras\u0131 filament \u00e7\u0131kar\u0131lmal\u0131, ucu s\u0131cak iken plastik kal\u0131nt\u0131lar temizlenmelidir. El h\u0131z\u0131 ile kalem h\u0131z\u0131n\u0131 dengede tutmak, kaliteli sonu\u00e7lar i\u00e7in \u00f6nemlidir. ABS ve PLA malzemeler toksik de\u011fildir, bu nedenle \u00e7ocuk kullan\u0131m\u0131 g\u00fcvenlidir. Cihaz\u0131 toz, darbe, a\u015f\u0131r\u0131 s\u0131cak ve so\u011fuktan koruyun. E\u011fitim, sanat, hobi, tamir ve prototip yap\u0131m\u0131nda kullan\u0131labilir. 100-240V adapt\u00f6r deste\u011fi ile global uyum sa\u011flar.<\/p>\n","protected":false},"excerpt":{"rendered":"<p>Bu 3D Yaz\u0131c\u0131 Kalem, hem g\u00fcvenli hem de \u00e7ok y\u00f6nl\u00fc kullan\u0131m imk\u00e2n\u0131 sunar. FDM teknolojisi ile ABS, PLA, HIPS filamentleri i\u015fler. 1,75 mm \u00e7ap\u0131nda filament deste\u011fi ve g\u00fcvenli malzeme yap\u0131s\u0131 sayesinde \u00e7ocuklar ve yeti\u015fkinler taraf\u0131ndan kullan\u0131labilir. Ergonomik yap\u0131s\u0131, uzun s\u00fcre rahat kullan\u0131m sa\u011flar. \u0130lk kullan\u0131mda y\u00f6n tu\u015funa 5-10 saniye bas\u0131l\u0131 tutarak cihaz\u0131 aktive edin. S\u0131cakl\u0131k&#8230;<\/p>\n","protected":false},"featured_media":116567,"comment_status":"open","ping_status":"closed","template":"","meta":{"_kad_post_transparent":"","_kad_post_title":"","_kad_post_layout":"","_kad_post_sidebar_id":"","_kad_post_content_style":"","_kad_post_vertical_padding":"","_kad_post_feature":"","_kad_post_feature_position":"","_kad_post_header":false,"_kad_post_footer":false,"_kad_post_classname":""},"product_brand":[],"product_cat":[15090],"product_tag":[],"class_list":{"0":"post-116568","1":"product","2":"type-product","3":"status-publish","4":"has-post-thumbnail","6":"product_cat-cocuk-oyuncak-cocuk-oyuncak","8":"first","9":"instock","10":"purchasable","11":"product-type-simple","12":"entry","13":"content-bg","14":"loop-entry"},"_links":{"self":[{"href":"https:\/\/www.hediyepazar.com\/index.php?rest_route=\/wp\/v2\/product\/116568","targetHints":{"allow":["GET"]}}],"collection":[{"href":"https:\/\/www.hediyepazar.com\/index.php?rest_route=\/wp\/v2\/product"}],"about":[{"href":"https:\/\/www.hediyepazar.com\/index.php?rest_route=\/wp\/v2\/types\/product"}],"replies":[{"embeddable":true,"href":"https:\/\/www.hediyepazar.com\/index.php?rest_route=%2Fwp%2Fv2%2Fcomments&post=116568"}],"wp:featuredmedia":[{"embeddable":true,"href":"https:\/\/www.hediyepazar.com\/index.php?rest_route=\/wp\/v2\/media\/116567"}],"wp:attachment":[{"href":"https:\/\/www.hediyepazar.com\/index.php?rest_route=%2Fwp%2Fv2%2Fmedia&parent=116568"}],"wp:term":[{"taxonomy":"product_brand","embeddable":true,"href":"https:\/\/www.hediyepazar.com\/index.php?rest_route=%2Fwp%2Fv2%2Fproduct_brand&post=116568"},{"taxonomy":"product_cat","embeddable":true,"href":"https:\/\/www.hediyepazar.com\/index.php?rest_route=%2Fwp%2Fv2%2Fproduct_cat&post=116568"},{"taxonomy":"product_tag","embeddable":true,"href":"https:\/\/www.hediyepazar.com\/index.php?rest_route=%2Fwp%2Fv2%2Fproduct_tag&post=116568"}],"curies":[{"name":"wp","href":"https:\/\/api.w.org\/{rel}","templated":true}]}}