{"id":116574,"date":"2026-05-05T17:31:58","date_gmt":"2026-05-05T20:31:58","guid":{"rendered":"https:\/\/www.hediyepazar.com\/?product=profesyonel-ve-hobi-icin-3d-modelleme-kalemi"},"modified":"2026-05-05T17:31:58","modified_gmt":"2026-05-05T20:31:58","slug":"profesyonel-ve-hobi-icin-3d-modelleme-kalemi","status":"publish","type":"product","link":"https:\/\/www.hediyepazar.com\/?product=profesyonel-ve-hobi-icin-3d-modelleme-kalemi","title":{"rendered":"Profesyonel ve Hobi \u0130\u00e7in 3D Modelleme Kalemi"},"content":{"rendered":"<p>Profesyoneller ve hobi severler i\u00e7in tasarlanan bu 3D yaz\u0131c\u0131 kalem, ABS ve PLA filamentlerle m\u00fckemmel uyumluluk g\u00f6sterir. 0,7 mm nozul \u00e7ap\u0131 ile y\u00fcksek hassasiyetli \u00e7izimler ve detayl\u0131 modeller olu\u015fturabilirsiniz. Filamentin h\u0131zl\u0131 so\u011fumas\u0131 sayesinde projeleriniz sa\u011flam ve dayan\u0131kl\u0131 olur. Cihaz\u0131n h\u0131z ve s\u0131cakl\u0131k ayarlar\u0131 sayesinde farkl\u0131 malzemelerle \u00e7al\u0131\u015fmak \u00e7ok kolayd\u0131r. \u00c7ocuklar i\u00e7in g\u00fcvenli plastikten \u00fcretilmi\u015f olup, e\u011fitim ama\u00e7l\u0131 kullan\u0131ma uygundur. Yarat\u0131c\u0131 projelerinizde esnek \u00e7al\u0131\u015fma imk\u00e2n\u0131 sunar.<\/p>\n","protected":false},"excerpt":{"rendered":"<p>Profesyoneller ve hobi severler i\u00e7in tasarlanan bu 3D yaz\u0131c\u0131 kalem, ABS ve PLA filamentlerle m\u00fckemmel uyumluluk g\u00f6sterir. 0,7 mm nozul \u00e7ap\u0131 ile y\u00fcksek hassasiyetli \u00e7izimler ve detayl\u0131 modeller olu\u015fturabilirsiniz. Filamentin h\u0131zl\u0131 so\u011fumas\u0131 sayesinde projeleriniz sa\u011flam ve dayan\u0131kl\u0131 olur. Cihaz\u0131n h\u0131z ve s\u0131cakl\u0131k ayarlar\u0131 sayesinde farkl\u0131 malzemelerle \u00e7al\u0131\u015fmak \u00e7ok kolayd\u0131r. \u00c7ocuklar i\u00e7in g\u00fcvenli plastikten \u00fcretilmi\u015f olup,&#8230;<\/p>\n","protected":false},"featured_media":116573,"comment_status":"open","ping_status":"closed","template":"","meta":{"_kad_post_transparent":"","_kad_post_title":"","_kad_post_layout":"","_kad_post_sidebar_id":"","_kad_post_content_style":"","_kad_post_vertical_padding":"","_kad_post_feature":"","_kad_post_feature_position":"","_kad_post_header":false,"_kad_post_footer":false,"_kad_post_classname":""},"product_brand":[],"product_cat":[15090],"product_tag":[],"class_list":{"0":"post-116574","1":"product","2":"type-product","3":"status-publish","4":"has-post-thumbnail","6":"product_cat-cocuk-oyuncak-cocuk-oyuncak","8":"first","9":"instock","10":"purchasable","11":"product-type-simple","12":"entry","13":"content-bg","14":"loop-entry"},"_links":{"self":[{"href":"https:\/\/www.hediyepazar.com\/index.php?rest_route=\/wp\/v2\/product\/116574","targetHints":{"allow":["GET"]}}],"collection":[{"href":"https:\/\/www.hediyepazar.com\/index.php?rest_route=\/wp\/v2\/product"}],"about":[{"href":"https:\/\/www.hediyepazar.com\/index.php?rest_route=\/wp\/v2\/types\/product"}],"replies":[{"embeddable":true,"href":"https:\/\/www.hediyepazar.com\/index.php?rest_route=%2Fwp%2Fv2%2Fcomments&post=116574"}],"wp:featuredmedia":[{"embeddable":true,"href":"https:\/\/www.hediyepazar.com\/index.php?rest_route=\/wp\/v2\/media\/116573"}],"wp:attachment":[{"href":"https:\/\/www.hediyepazar.com\/index.php?rest_route=%2Fwp%2Fv2%2Fmedia&parent=116574"}],"wp:term":[{"taxonomy":"product_brand","embeddable":true,"href":"https:\/\/www.hediyepazar.com\/index.php?rest_route=%2Fwp%2Fv2%2Fproduct_brand&post=116574"},{"taxonomy":"product_cat","embeddable":true,"href":"https:\/\/www.hediyepazar.com\/index.php?rest_route=%2Fwp%2Fv2%2Fproduct_cat&post=116574"},{"taxonomy":"product_tag","embeddable":true,"href":"https:\/\/www.hediyepazar.com\/index.php?rest_route=%2Fwp%2Fv2%2Fproduct_tag&post=116574"}],"curies":[{"name":"wp","href":"https:\/\/api.w.org\/{rel}","templated":true}]}}