{"id":116576,"date":"2026-05-05T17:32:03","date_gmt":"2026-05-05T20:32:03","guid":{"rendered":"https:\/\/www.hediyepazar.com\/?product=uc-boyutlu-3d-yazici-kalem-abs-ve-pla-uyumlu"},"modified":"2026-05-05T17:32:03","modified_gmt":"2026-05-05T20:32:03","slug":"uc-boyutlu-3d-yazici-kalem-abs-ve-pla-uyumlu","status":"publish","type":"product","link":"https:\/\/www.hediyepazar.com\/?product=uc-boyutlu-3d-yazici-kalem-abs-ve-pla-uyumlu","title":{"rendered":"\u00dc\u00e7 Boyutlu 3D Yaz\u0131c\u0131 Kalem ABS ve PLA Uyumlu"},"content":{"rendered":"<p>Bu 3D Yaz\u0131c\u0131 Kalem, hayal g\u00fcc\u00fcn\u00fcz\u00fc s\u0131n\u0131rs\u0131z bir \u015fekilde ger\u00e7e\u011fe d\u00f6n\u00fc\u015ft\u00fcrmenize olanak tan\u0131r. FDM (Fuse Deposition Modeling) teknolojisi ile \u00e7al\u0131\u015fan bu kalem, ABS, PLA ve HIPS filamentlerle uyumlu olarak \u00e7al\u0131\u015f\u0131r. Ergonomik tasar\u0131m\u0131 sayesinde uzun s\u00fcreli kullan\u0131mda bile rahat tutu\u015f sa\u011flar. 1,75 mm filament deste\u011fi ile hem \u00e7ocuklar hem de yeti\u015fkinler i\u00e7in g\u00fcvenli ve e\u011flenceli bir kullan\u0131m sunar. Yaln\u0131zca bir d\u00fc\u011fmeye basarak \u0131s\u0131 ayar\u0131n\u0131 yapabilir, filament y\u00fckleme ve \u00e7\u0131karma i\u015flemlerini kolayca ger\u00e7ekle\u015ftirebilirsiniz. \u00d6zellikle el becerilerini geli\u015ftirmek isteyen \u00f6\u011frenciler, sanat\u00e7\u0131lar ve hobi severler i\u00e7in m\u00fckemmel bir ara\u00e7t\u0131r. Prototip yap\u0131m\u0131, heykel tasar\u0131m\u0131, s\u00fcs e\u015fyalar\u0131 veya tamir i\u015flerinde de kullan\u0131labilir. Hafif yap\u0131s\u0131 ve ta\u015f\u0131nabilir tasar\u0131m\u0131 sayesinde istedi\u011finiz yerde kullanabilirsiniz.<\/p>\n","protected":false},"excerpt":{"rendered":"<p>Bu 3D Yaz\u0131c\u0131 Kalem, hayal g\u00fcc\u00fcn\u00fcz\u00fc s\u0131n\u0131rs\u0131z bir \u015fekilde ger\u00e7e\u011fe d\u00f6n\u00fc\u015ft\u00fcrmenize olanak tan\u0131r. FDM (Fuse Deposition Modeling) teknolojisi ile \u00e7al\u0131\u015fan bu kalem, ABS, PLA ve HIPS filamentlerle uyumlu olarak \u00e7al\u0131\u015f\u0131r. Ergonomik tasar\u0131m\u0131 sayesinde uzun s\u00fcreli kullan\u0131mda bile rahat tutu\u015f sa\u011flar. 1,75 mm filament deste\u011fi ile hem \u00e7ocuklar hem de yeti\u015fkinler i\u00e7in g\u00fcvenli ve e\u011flenceli bir&#8230;<\/p>\n","protected":false},"featured_media":116575,"comment_status":"open","ping_status":"closed","template":"","meta":{"_kad_post_transparent":"","_kad_post_title":"","_kad_post_layout":"","_kad_post_sidebar_id":"","_kad_post_content_style":"","_kad_post_vertical_padding":"","_kad_post_feature":"","_kad_post_feature_position":"","_kad_post_header":false,"_kad_post_footer":false,"_kad_post_classname":""},"product_brand":[],"product_cat":[15090],"product_tag":[],"class_list":{"0":"post-116576","1":"product","2":"type-product","3":"status-publish","4":"has-post-thumbnail","6":"product_cat-cocuk-oyuncak-cocuk-oyuncak","8":"first","9":"instock","10":"purchasable","11":"product-type-simple","12":"entry","13":"content-bg","14":"loop-entry"},"_links":{"self":[{"href":"https:\/\/www.hediyepazar.com\/index.php?rest_route=\/wp\/v2\/product\/116576","targetHints":{"allow":["GET"]}}],"collection":[{"href":"https:\/\/www.hediyepazar.com\/index.php?rest_route=\/wp\/v2\/product"}],"about":[{"href":"https:\/\/www.hediyepazar.com\/index.php?rest_route=\/wp\/v2\/types\/product"}],"replies":[{"embeddable":true,"href":"https:\/\/www.hediyepazar.com\/index.php?rest_route=%2Fwp%2Fv2%2Fcomments&post=116576"}],"wp:featuredmedia":[{"embeddable":true,"href":"https:\/\/www.hediyepazar.com\/index.php?rest_route=\/wp\/v2\/media\/116575"}],"wp:attachment":[{"href":"https:\/\/www.hediyepazar.com\/index.php?rest_route=%2Fwp%2Fv2%2Fmedia&parent=116576"}],"wp:term":[{"taxonomy":"product_brand","embeddable":true,"href":"https:\/\/www.hediyepazar.com\/index.php?rest_route=%2Fwp%2Fv2%2Fproduct_brand&post=116576"},{"taxonomy":"product_cat","embeddable":true,"href":"https:\/\/www.hediyepazar.com\/index.php?rest_route=%2Fwp%2Fv2%2Fproduct_cat&post=116576"},{"taxonomy":"product_tag","embeddable":true,"href":"https:\/\/www.hediyepazar.com\/index.php?rest_route=%2Fwp%2Fv2%2Fproduct_tag&post=116576"}],"curies":[{"name":"wp","href":"https:\/\/api.w.org\/{rel}","templated":true}]}}