{"id":116578,"date":"2026-05-05T17:32:08","date_gmt":"2026-05-05T20:32:08","guid":{"rendered":"https:\/\/www.hediyepazar.com\/?product=dayanikli-ve-hafif-tasarimli-kablosuz-oyun-kumandasi"},"modified":"2026-05-05T17:32:08","modified_gmt":"2026-05-05T20:32:08","slug":"dayanikli-ve-hafif-tasarimli-kablosuz-oyun-kumandasi","status":"publish","type":"product","link":"https:\/\/www.hediyepazar.com\/?product=dayanikli-ve-hafif-tasarimli-kablosuz-oyun-kumandasi","title":{"rendered":"Dayan\u0131kl\u0131 ve Hafif Tasar\u0131ml\u0131 Kablosuz Oyun Kumandas\u0131"},"content":{"rendered":"<p>Profesyonel oyuncular i\u00e7in tasarlanan bu kablosuz gamepad, geli\u015fmi\u015f kontrol hassasiyeti ve dayan\u0131kl\u0131l\u0131\u011f\u0131 bir araya getirir. Bluetooth teknolojisi ile kablosuz ba\u011flant\u0131 kurarak 10 metreye kadar gecikmesiz kullan\u0131m sa\u011flar.PC, Android cihazlar ve Android TV Box ile uyumlu \u00e7al\u0131\u015farak \u00e7oklu cihaz deste\u011fi sunar. Ergonomik yap\u0131s\u0131, uzun s\u00fcreli oyunlarda bile konfor sa\u011flar. Kaymaz y\u00fczey kaplamas\u0131, yo\u011fun oyun anlar\u0131nda bile sa\u011flam kavrama imk\u00e2n\u0131 verir.Titre\u015fim deste\u011fi, oyundaki her hareketi hissettirir. Y\u00fcksek hassasiyetli joystickler ve h\u0131zl\u0131 tepki veren tu\u015flar, rekabet\u00e7i oyunlarda avantaj sa\u011flar. Dahili \u015farj edilebilir bataryas\u0131, uzun s\u00fcre kesintisiz oyun oynama imk\u00e2n\u0131 verir.<\/p>\n","protected":false},"excerpt":{"rendered":"<p>Profesyonel oyuncular i\u00e7in tasarlanan bu kablosuz gamepad, geli\u015fmi\u015f kontrol hassasiyeti ve dayan\u0131kl\u0131l\u0131\u011f\u0131 bir araya getirir. Bluetooth teknolojisi ile kablosuz ba\u011flant\u0131 kurarak 10 metreye kadar gecikmesiz kullan\u0131m sa\u011flar.PC, Android cihazlar ve Android TV Box ile uyumlu \u00e7al\u0131\u015farak \u00e7oklu cihaz deste\u011fi sunar. Ergonomik yap\u0131s\u0131, uzun s\u00fcreli oyunlarda bile konfor sa\u011flar. Kaymaz y\u00fczey kaplamas\u0131, yo\u011fun oyun anlar\u0131nda bile&#8230;<\/p>\n","protected":false},"featured_media":116577,"comment_status":"open","ping_status":"closed","template":"","meta":{"_kad_post_transparent":"","_kad_post_title":"","_kad_post_layout":"","_kad_post_sidebar_id":"","_kad_post_content_style":"","_kad_post_vertical_padding":"","_kad_post_feature":"","_kad_post_feature_position":"","_kad_post_header":false,"_kad_post_footer":false,"_kad_post_classname":""},"product_brand":[],"product_cat":[14961],"product_tag":[],"class_list":{"0":"post-116578","1":"product","2":"type-product","3":"status-publish","4":"has-post-thumbnail","6":"product_cat-oyun-konsolu-oyun-konsolu","8":"first","9":"instock","10":"purchasable","11":"product-type-simple","12":"entry","13":"content-bg","14":"loop-entry"},"_links":{"self":[{"href":"https:\/\/www.hediyepazar.com\/index.php?rest_route=\/wp\/v2\/product\/116578","targetHints":{"allow":["GET"]}}],"collection":[{"href":"https:\/\/www.hediyepazar.com\/index.php?rest_route=\/wp\/v2\/product"}],"about":[{"href":"https:\/\/www.hediyepazar.com\/index.php?rest_route=\/wp\/v2\/types\/product"}],"replies":[{"embeddable":true,"href":"https:\/\/www.hediyepazar.com\/index.php?rest_route=%2Fwp%2Fv2%2Fcomments&post=116578"}],"wp:featuredmedia":[{"embeddable":true,"href":"https:\/\/www.hediyepazar.com\/index.php?rest_route=\/wp\/v2\/media\/116577"}],"wp:attachment":[{"href":"https:\/\/www.hediyepazar.com\/index.php?rest_route=%2Fwp%2Fv2%2Fmedia&parent=116578"}],"wp:term":[{"taxonomy":"product_brand","embeddable":true,"href":"https:\/\/www.hediyepazar.com\/index.php?rest_route=%2Fwp%2Fv2%2Fproduct_brand&post=116578"},{"taxonomy":"product_cat","embeddable":true,"href":"https:\/\/www.hediyepazar.com\/index.php?rest_route=%2Fwp%2Fv2%2Fproduct_cat&post=116578"},{"taxonomy":"product_tag","embeddable":true,"href":"https:\/\/www.hediyepazar.com\/index.php?rest_route=%2Fwp%2Fv2%2Fproduct_tag&post=116578"}],"curies":[{"name":"wp","href":"https:\/\/api.w.org\/{rel}","templated":true}]}}