{"id":116588,"date":"2026-05-05T17:34:03","date_gmt":"2026-05-05T20:34:03","guid":{"rendered":"https:\/\/www.hediyepazar.com\/?product=uzun-pil-omurlu-kablosuz-oyun-kumandasi-pc-telefon-tablet-icin"},"modified":"2026-05-05T17:34:03","modified_gmt":"2026-05-05T20:34:03","slug":"uzun-pil-omurlu-kablosuz-oyun-kumandasi-pc-telefon-tablet-icin","status":"publish","type":"product","link":"https:\/\/www.hediyepazar.com\/?product=uzun-pil-omurlu-kablosuz-oyun-kumandasi-pc-telefon-tablet-icin","title":{"rendered":"Uzun Pil \u00d6m\u00fcrl\u00fc Kablosuz Oyun Kumandas\u0131 PC Telefon Tablet \u0130\u00e7in"},"content":{"rendered":"<p>Uzun pil \u00f6mr\u00fc ile \u00f6ne \u00e7\u0131kan bu kablosuz oyun kumandas\u0131, tek \u015farjda saatlerce kesintisiz oyun deneyimi sunar. Bluetooth teknolojisi ile d\u00fc\u015f\u00fck gecikmeli ba\u011flant\u0131 kurarak h\u0131zl\u0131 tepkiler verir.PC, Android cihazlar ve TV Box ile uyumlu \u00e7al\u0131\u015farak \u00e7ok y\u00f6nl\u00fc kullan\u0131m imk\u00e2n\u0131 tan\u0131r. Ergonomik tasar\u0131m\u0131, uzun s\u00fcreli oyunlarda bile konfor sa\u011flar. Titre\u015fim deste\u011fi, ger\u00e7ek\u00e7i bir his sunar. Hafif ve ta\u015f\u0131nabilir yap\u0131s\u0131 ile her yere rahat\u00e7a g\u00f6t\u00fcrebilirsiniz.<\/p>\n","protected":false},"excerpt":{"rendered":"<p>Uzun pil \u00f6mr\u00fc ile \u00f6ne \u00e7\u0131kan bu kablosuz oyun kumandas\u0131, tek \u015farjda saatlerce kesintisiz oyun deneyimi sunar. Bluetooth teknolojisi ile d\u00fc\u015f\u00fck gecikmeli ba\u011flant\u0131 kurarak h\u0131zl\u0131 tepkiler verir.PC, Android cihazlar ve TV Box ile uyumlu \u00e7al\u0131\u015farak \u00e7ok y\u00f6nl\u00fc kullan\u0131m imk\u00e2n\u0131 tan\u0131r. Ergonomik tasar\u0131m\u0131, uzun s\u00fcreli oyunlarda bile konfor sa\u011flar. Titre\u015fim deste\u011fi, ger\u00e7ek\u00e7i bir his sunar. Hafif&#8230;<\/p>\n","protected":false},"featured_media":116587,"comment_status":"open","ping_status":"closed","template":"","meta":{"_kad_post_transparent":"","_kad_post_title":"","_kad_post_layout":"","_kad_post_sidebar_id":"","_kad_post_content_style":"","_kad_post_vertical_padding":"","_kad_post_feature":"","_kad_post_feature_position":"","_kad_post_header":false,"_kad_post_footer":false,"_kad_post_classname":""},"product_brand":[],"product_cat":[14961],"product_tag":[],"class_list":{"0":"post-116588","1":"product","2":"type-product","3":"status-publish","4":"has-post-thumbnail","6":"product_cat-oyun-konsolu-oyun-konsolu","8":"first","9":"instock","10":"purchasable","11":"product-type-simple","12":"entry","13":"content-bg","14":"loop-entry"},"_links":{"self":[{"href":"https:\/\/www.hediyepazar.com\/index.php?rest_route=\/wp\/v2\/product\/116588","targetHints":{"allow":["GET"]}}],"collection":[{"href":"https:\/\/www.hediyepazar.com\/index.php?rest_route=\/wp\/v2\/product"}],"about":[{"href":"https:\/\/www.hediyepazar.com\/index.php?rest_route=\/wp\/v2\/types\/product"}],"replies":[{"embeddable":true,"href":"https:\/\/www.hediyepazar.com\/index.php?rest_route=%2Fwp%2Fv2%2Fcomments&post=116588"}],"wp:featuredmedia":[{"embeddable":true,"href":"https:\/\/www.hediyepazar.com\/index.php?rest_route=\/wp\/v2\/media\/116587"}],"wp:attachment":[{"href":"https:\/\/www.hediyepazar.com\/index.php?rest_route=%2Fwp%2Fv2%2Fmedia&parent=116588"}],"wp:term":[{"taxonomy":"product_brand","embeddable":true,"href":"https:\/\/www.hediyepazar.com\/index.php?rest_route=%2Fwp%2Fv2%2Fproduct_brand&post=116588"},{"taxonomy":"product_cat","embeddable":true,"href":"https:\/\/www.hediyepazar.com\/index.php?rest_route=%2Fwp%2Fv2%2Fproduct_cat&post=116588"},{"taxonomy":"product_tag","embeddable":true,"href":"https:\/\/www.hediyepazar.com\/index.php?rest_route=%2Fwp%2Fv2%2Fproduct_tag&post=116588"}],"curies":[{"name":"wp","href":"https:\/\/api.w.org\/{rel}","templated":true}]}}