{"id":116600,"date":"2026-05-05T17:34:35","date_gmt":"2026-05-05T20:34:35","guid":{"rendered":"https:\/\/www.hediyepazar.com\/?product=otomatik-doner-slaytli-uc-parlaklik-ayarli-projektor-lamba"},"modified":"2026-05-05T17:34:35","modified_gmt":"2026-05-05T20:34:35","slug":"otomatik-doner-slaytli-uc-parlaklik-ayarli-projektor-lamba","status":"publish","type":"product","link":"https:\/\/www.hediyepazar.com\/?product=otomatik-doner-slaytli-uc-parlaklik-ayarli-projektor-lamba","title":{"rendered":"Otomatik D\u00f6ner Slaytl\u0131 \u00dc\u00e7 Parlakl\u0131k Ayarl\u0131 Projekt\u00f6r Lamba"},"content":{"rendered":"<p>Bu projekt\u00f6r sadece bir \u0131\u015f\u0131k kayna\u011f\u0131 de\u011fil, ayn\u0131 zamanda dekoratif bir objedir. Robot \u015feklindeki tasar\u0131m\u0131, modern ve e\u011flenceli bir dokunu\u015f katar.Bluetooth hoparl\u00f6r ve otomatik slayt d\u00f6nd\u00fcrme \u00f6zelli\u011fi ile hem g\u00f6z\u00fcn\u00fcze hem kula\u011f\u0131n\u0131za hitap eder. \u00dc\u00e7 parlakl\u0131k seviyesi ile lo\u015f bir ortamdan parlak bir ayd\u0131nlatmaya kolayca ge\u00e7i\u015f yapabilirsiniz.<\/p>\n","protected":false},"excerpt":{"rendered":"<p>Bu projekt\u00f6r sadece bir \u0131\u015f\u0131k kayna\u011f\u0131 de\u011fil, ayn\u0131 zamanda dekoratif bir objedir. Robot \u015feklindeki tasar\u0131m\u0131, modern ve e\u011flenceli bir dokunu\u015f katar.Bluetooth hoparl\u00f6r ve otomatik slayt d\u00f6nd\u00fcrme \u00f6zelli\u011fi ile hem g\u00f6z\u00fcn\u00fcze hem kula\u011f\u0131n\u0131za hitap eder. \u00dc\u00e7 parlakl\u0131k seviyesi ile lo\u015f bir ortamdan parlak bir ayd\u0131nlatmaya kolayca ge\u00e7i\u015f yapabilirsiniz.<\/p>\n","protected":false},"featured_media":116599,"comment_status":"open","ping_status":"closed","template":"","meta":{"_kad_post_transparent":"","_kad_post_title":"","_kad_post_layout":"","_kad_post_sidebar_id":"","_kad_post_content_style":"","_kad_post_vertical_padding":"","_kad_post_feature":"","_kad_post_feature_position":"","_kad_post_header":false,"_kad_post_footer":false,"_kad_post_classname":""},"product_brand":[],"product_cat":[14967],"product_tag":[],"class_list":{"0":"post-116600","1":"product","2":"type-product","3":"status-publish","4":"has-post-thumbnail","6":"product_cat-gece-lambasi-gece-lambasi","8":"first","9":"instock","10":"purchasable","11":"product-type-simple","12":"entry","13":"content-bg","14":"loop-entry"},"_links":{"self":[{"href":"https:\/\/www.hediyepazar.com\/index.php?rest_route=\/wp\/v2\/product\/116600","targetHints":{"allow":["GET"]}}],"collection":[{"href":"https:\/\/www.hediyepazar.com\/index.php?rest_route=\/wp\/v2\/product"}],"about":[{"href":"https:\/\/www.hediyepazar.com\/index.php?rest_route=\/wp\/v2\/types\/product"}],"replies":[{"embeddable":true,"href":"https:\/\/www.hediyepazar.com\/index.php?rest_route=%2Fwp%2Fv2%2Fcomments&post=116600"}],"wp:featuredmedia":[{"embeddable":true,"href":"https:\/\/www.hediyepazar.com\/index.php?rest_route=\/wp\/v2\/media\/116599"}],"wp:attachment":[{"href":"https:\/\/www.hediyepazar.com\/index.php?rest_route=%2Fwp%2Fv2%2Fmedia&parent=116600"}],"wp:term":[{"taxonomy":"product_brand","embeddable":true,"href":"https:\/\/www.hediyepazar.com\/index.php?rest_route=%2Fwp%2Fv2%2Fproduct_brand&post=116600"},{"taxonomy":"product_cat","embeddable":true,"href":"https:\/\/www.hediyepazar.com\/index.php?rest_route=%2Fwp%2Fv2%2Fproduct_cat&post=116600"},{"taxonomy":"product_tag","embeddable":true,"href":"https:\/\/www.hediyepazar.com\/index.php?rest_route=%2Fwp%2Fv2%2Fproduct_tag&post=116600"}],"curies":[{"name":"wp","href":"https:\/\/api.w.org\/{rel}","templated":true}]}}