{"id":116602,"date":"2026-05-05T17:34:40","date_gmt":"2026-05-05T20:34:40","guid":{"rendered":"https:\/\/www.hediyepazar.com\/?product=tasinabilir-lityum-bataryali-led-gece-lambasi-ve-projektor"},"modified":"2026-05-05T17:34:40","modified_gmt":"2026-05-05T20:34:40","slug":"tasinabilir-lityum-bataryali-led-gece-lambasi-ve-projektor","status":"publish","type":"product","link":"https:\/\/www.hediyepazar.com\/?product=tasinabilir-lityum-bataryali-led-gece-lambasi-ve-projektor","title":{"rendered":"Ta\u015f\u0131nabilir Lityum Bataryal\u0131 Led Gece Lambas\u0131 ve Projekt\u00f6r"},"content":{"rendered":"<p>Sevimli robot tasar\u0131m\u0131 ile bu projekt\u00f6r, \u00e7ocuk odalar\u0131na hem e\u011flence hem de rahatlat\u0131c\u0131 bir \u0131\u015f\u0131k sunar. Y\u00fcksek \u00e7\u00f6z\u00fcn\u00fcrl\u00fckl\u00fc projeksiyon, \u00e7ocuklar\u0131n hayal g\u00fcc\u00fcn\u00fc geli\u015ftirir.\u00dc\u00e7 farkl\u0131 \u0131\u015f\u0131k modu (sar\u0131, beyaz, mavi) sayesinde ortam\u0131 de\u011fi\u015ftirebilir, uykuya ge\u00e7i\u015fi kolayla\u015ft\u0131rabilirsiniz. Yerle\u015fik uyku m\u00fczi\u011fi, sakinle\u015ftirici melodiler sunar.ABS malzeme, sa\u011flaml\u0131k ve g\u00fcvenlik sa\u011flar. Uzun \u00f6m\u00fcrl\u00fc LED teknolojisi ile 35.000 saat kullan\u0131m \u00f6mr\u00fcne sahiptir.<\/p>\n","protected":false},"excerpt":{"rendered":"<p>Sevimli robot tasar\u0131m\u0131 ile bu projekt\u00f6r, \u00e7ocuk odalar\u0131na hem e\u011flence hem de rahatlat\u0131c\u0131 bir \u0131\u015f\u0131k sunar. Y\u00fcksek \u00e7\u00f6z\u00fcn\u00fcrl\u00fckl\u00fc projeksiyon, \u00e7ocuklar\u0131n hayal g\u00fcc\u00fcn\u00fc geli\u015ftirir.\u00dc\u00e7 farkl\u0131 \u0131\u015f\u0131k modu (sar\u0131, beyaz, mavi) sayesinde ortam\u0131 de\u011fi\u015ftirebilir, uykuya ge\u00e7i\u015fi kolayla\u015ft\u0131rabilirsiniz. Yerle\u015fik uyku m\u00fczi\u011fi, sakinle\u015ftirici melodiler sunar.ABS malzeme, sa\u011flaml\u0131k ve g\u00fcvenlik sa\u011flar. Uzun \u00f6m\u00fcrl\u00fc LED teknolojisi ile 35.000 saat kullan\u0131m \u00f6mr\u00fcne&#8230;<\/p>\n","protected":false},"featured_media":116601,"comment_status":"open","ping_status":"closed","template":"","meta":{"_kad_post_transparent":"","_kad_post_title":"","_kad_post_layout":"","_kad_post_sidebar_id":"","_kad_post_content_style":"","_kad_post_vertical_padding":"","_kad_post_feature":"","_kad_post_feature_position":"","_kad_post_header":false,"_kad_post_footer":false,"_kad_post_classname":""},"product_brand":[],"product_cat":[14967],"product_tag":[],"class_list":{"0":"post-116602","1":"product","2":"type-product","3":"status-publish","4":"has-post-thumbnail","6":"product_cat-gece-lambasi-gece-lambasi","8":"first","9":"instock","10":"purchasable","11":"product-type-simple","12":"entry","13":"content-bg","14":"loop-entry"},"_links":{"self":[{"href":"https:\/\/www.hediyepazar.com\/index.php?rest_route=\/wp\/v2\/product\/116602","targetHints":{"allow":["GET"]}}],"collection":[{"href":"https:\/\/www.hediyepazar.com\/index.php?rest_route=\/wp\/v2\/product"}],"about":[{"href":"https:\/\/www.hediyepazar.com\/index.php?rest_route=\/wp\/v2\/types\/product"}],"replies":[{"embeddable":true,"href":"https:\/\/www.hediyepazar.com\/index.php?rest_route=%2Fwp%2Fv2%2Fcomments&post=116602"}],"wp:featuredmedia":[{"embeddable":true,"href":"https:\/\/www.hediyepazar.com\/index.php?rest_route=\/wp\/v2\/media\/116601"}],"wp:attachment":[{"href":"https:\/\/www.hediyepazar.com\/index.php?rest_route=%2Fwp%2Fv2%2Fmedia&parent=116602"}],"wp:term":[{"taxonomy":"product_brand","embeddable":true,"href":"https:\/\/www.hediyepazar.com\/index.php?rest_route=%2Fwp%2Fv2%2Fproduct_brand&post=116602"},{"taxonomy":"product_cat","embeddable":true,"href":"https:\/\/www.hediyepazar.com\/index.php?rest_route=%2Fwp%2Fv2%2Fproduct_cat&post=116602"},{"taxonomy":"product_tag","embeddable":true,"href":"https:\/\/www.hediyepazar.com\/index.php?rest_route=%2Fwp%2Fv2%2Fproduct_tag&post=116602"}],"curies":[{"name":"wp","href":"https:\/\/api.w.org\/{rel}","templated":true}]}}