{"id":116616,"date":"2026-05-05T17:36:00","date_gmt":"2026-05-05T20:36:00","guid":{"rendered":"https:\/\/www.hediyepazar.com\/?product=usb-tf-kart-ve-fm-radyolu-bluetooth-hoparlor-5w"},"modified":"2026-05-05T17:36:00","modified_gmt":"2026-05-05T20:36:00","slug":"usb-tf-kart-ve-fm-radyolu-bluetooth-hoparlor-5w","status":"publish","type":"product","link":"https:\/\/www.hediyepazar.com\/?product=usb-tf-kart-ve-fm-radyolu-bluetooth-hoparlor-5w","title":{"rendered":"USB TF Kart ve FM Radyolu Bluetooth Hoparl\u00f6r 5W"},"content":{"rendered":"<p>Kompakt boyutlu bu Bluetooth hoparl\u00f6r, g\u00fc\u00e7l\u00fc ses performans\u0131yla dikkat \u00e7eker. 5W \u00e7\u0131k\u0131\u015f g\u00fcc\u00fc ve 52mm hoparl\u00f6r ile net ve g\u00fc\u00e7l\u00fc ses sa\u011flar.Bluetooth 5.1 ba\u011flant\u0131 teknolojisi, kesintisiz m\u00fczik deneyimi i\u00e7in 15 metreye kadar kapsama alan\u0131 sunar. TWS \u00f6zelli\u011fi sayesinde iki hoparl\u00f6r\u00fc ba\u011flayarak stereo ses elde edebilirsiniz. FM radyo, TF kart, USB bellek ve Bluetooth \u00fczerinden m\u00fczik dinleyebilirsiniz.800mAh pil, 2 ila 5 saat aras\u0131 kesintisiz \u00e7alma s\u00fcresi sunar. 1,5 saatten k\u0131sa s\u00fcrede \u015farj edilebilir. FM otomatik arama ve haf\u0131za \u00f6zelli\u011fi ile sevdi\u011finiz kanallara kolayca ula\u015fabilirsiniz.ABS + kuma\u015f + kau\u00e7uk ya\u011f\u0131 malzeme ile \u00fcretilen g\u00f6vde, hem sa\u011flam hem de \u015f\u0131kt\u0131r. Hafif ve ta\u015f\u0131nabilir tasar\u0131m\u0131 sayesinde istedi\u011finiz yere rahat\u00e7a g\u00f6t\u00fcrebilirsiniz.<\/p>\n","protected":false},"excerpt":{"rendered":"<p>Kompakt boyutlu bu Bluetooth hoparl\u00f6r, g\u00fc\u00e7l\u00fc ses performans\u0131yla dikkat \u00e7eker. 5W \u00e7\u0131k\u0131\u015f g\u00fcc\u00fc ve 52mm hoparl\u00f6r ile net ve g\u00fc\u00e7l\u00fc ses sa\u011flar.Bluetooth 5.1 ba\u011flant\u0131 teknolojisi, kesintisiz m\u00fczik deneyimi i\u00e7in 15 metreye kadar kapsama alan\u0131 sunar. TWS \u00f6zelli\u011fi sayesinde iki hoparl\u00f6r\u00fc ba\u011flayarak stereo ses elde edebilirsiniz. FM radyo, TF kart, USB bellek ve Bluetooth \u00fczerinden m\u00fczik&#8230;<\/p>\n","protected":false},"featured_media":116615,"comment_status":"open","ping_status":"closed","template":"","meta":{"_kad_post_transparent":"","_kad_post_title":"","_kad_post_layout":"","_kad_post_sidebar_id":"","_kad_post_content_style":"","_kad_post_vertical_padding":"","_kad_post_feature":"","_kad_post_feature_position":"","_kad_post_header":false,"_kad_post_footer":false,"_kad_post_classname":""},"product_brand":[],"product_cat":[14911],"product_tag":[],"class_list":{"0":"post-116616","1":"product","2":"type-product","3":"status-publish","4":"has-post-thumbnail","6":"product_cat-kablosuz-hoparlor-kablosuz-hoparlor","8":"first","9":"instock","10":"purchasable","11":"product-type-simple","12":"entry","13":"content-bg","14":"loop-entry"},"_links":{"self":[{"href":"https:\/\/www.hediyepazar.com\/index.php?rest_route=\/wp\/v2\/product\/116616","targetHints":{"allow":["GET"]}}],"collection":[{"href":"https:\/\/www.hediyepazar.com\/index.php?rest_route=\/wp\/v2\/product"}],"about":[{"href":"https:\/\/www.hediyepazar.com\/index.php?rest_route=\/wp\/v2\/types\/product"}],"replies":[{"embeddable":true,"href":"https:\/\/www.hediyepazar.com\/index.php?rest_route=%2Fwp%2Fv2%2Fcomments&post=116616"}],"wp:featuredmedia":[{"embeddable":true,"href":"https:\/\/www.hediyepazar.com\/index.php?rest_route=\/wp\/v2\/media\/116615"}],"wp:attachment":[{"href":"https:\/\/www.hediyepazar.com\/index.php?rest_route=%2Fwp%2Fv2%2Fmedia&parent=116616"}],"wp:term":[{"taxonomy":"product_brand","embeddable":true,"href":"https:\/\/www.hediyepazar.com\/index.php?rest_route=%2Fwp%2Fv2%2Fproduct_brand&post=116616"},{"taxonomy":"product_cat","embeddable":true,"href":"https:\/\/www.hediyepazar.com\/index.php?rest_route=%2Fwp%2Fv2%2Fproduct_cat&post=116616"},{"taxonomy":"product_tag","embeddable":true,"href":"https:\/\/www.hediyepazar.com\/index.php?rest_route=%2Fwp%2Fv2%2Fproduct_tag&post=116616"}],"curies":[{"name":"wp","href":"https:\/\/api.w.org\/{rel}","templated":true}]}}