{"id":116620,"date":"2026-05-05T17:36:12","date_gmt":"2026-05-05T20:36:12","guid":{"rendered":"https:\/\/www.hediyepazar.com\/?product=kablosuz-hoparlor-tws-ve-fm-destekli"},"modified":"2026-05-05T17:36:12","modified_gmt":"2026-05-05T20:36:12","slug":"kablosuz-hoparlor-tws-ve-fm-destekli","status":"publish","type":"product","link":"https:\/\/www.hediyepazar.com\/?product=kablosuz-hoparlor-tws-ve-fm-destekli","title":{"rendered":"Kablosuz Hoparl\u00f6r TWS ve FM Destekli"},"content":{"rendered":"<p>Bu ta\u015f\u0131nabilir hoparl\u00f6r, k\u00fc\u00e7\u00fck boyutuna ra\u011fmen 5W \u00e7\u0131k\u0131\u015f g\u00fcc\u00fc ile y\u00fcksek performans sunar. 52mm hoparl\u00f6r boyutu, g\u00fc\u00e7l\u00fc bas ve dengeli ses ile kaliteli bir dinleme deneyimi sa\u011flar.Bluetooth 5.1 ile 15 metreye kadar kablosuz ba\u011flant\u0131 imkan\u0131 sunar. TWS \u00f6zelli\u011fi ile ikinci bir hoparl\u00f6rle e\u015fle\u015ftirerek ger\u00e7ek stereo ses alabilirsiniz. FM radyo, TF kart, USB bellek ve Bluetooth deste\u011fi sayesinde m\u00fczik kaynaklar\u0131n\u0131z\u0131 diledi\u011finiz gibi se\u00e7ebilirsiniz.800mAh pil kapasitesi, 2-5 saat aras\u0131nda kesintisiz \u00e7alma s\u00fcresi sunar. USB \u015farj deste\u011fi ile sadece 1,5 saatte \u015farj olur. FM otomatik arama ve haf\u0131za fonksiyonu sayesinde radyo deneyiminizi kolayla\u015ft\u0131r\u0131r.ABS + kuma\u015f kaplama tasar\u0131m\u0131, \u015f\u0131k ve modern bir g\u00f6r\u00fcn\u00fcm sunarken dayan\u0131kl\u0131l\u0131\u011f\u0131 art\u0131r\u0131r. Hafif yap\u0131s\u0131yla evde, ofiste, d\u0131\u015far\u0131da veya seyahatte yan\u0131n\u0131zdan ay\u0131rmak istemeyece\u011finiz bir cihazd\u0131r.<\/p>\n","protected":false},"excerpt":{"rendered":"<p>Bu ta\u015f\u0131nabilir hoparl\u00f6r, k\u00fc\u00e7\u00fck boyutuna ra\u011fmen 5W \u00e7\u0131k\u0131\u015f g\u00fcc\u00fc ile y\u00fcksek performans sunar. 52mm hoparl\u00f6r boyutu, g\u00fc\u00e7l\u00fc bas ve dengeli ses ile kaliteli bir dinleme deneyimi sa\u011flar.Bluetooth 5.1 ile 15 metreye kadar kablosuz ba\u011flant\u0131 imkan\u0131 sunar. TWS \u00f6zelli\u011fi ile ikinci bir hoparl\u00f6rle e\u015fle\u015ftirerek ger\u00e7ek stereo ses alabilirsiniz. FM radyo, TF kart, USB bellek ve Bluetooth&#8230;<\/p>\n","protected":false},"featured_media":116619,"comment_status":"open","ping_status":"closed","template":"","meta":{"_kad_post_transparent":"","_kad_post_title":"","_kad_post_layout":"","_kad_post_sidebar_id":"","_kad_post_content_style":"","_kad_post_vertical_padding":"","_kad_post_feature":"","_kad_post_feature_position":"","_kad_post_header":false,"_kad_post_footer":false,"_kad_post_classname":""},"product_brand":[],"product_cat":[14911],"product_tag":[],"class_list":{"0":"post-116620","1":"product","2":"type-product","3":"status-publish","4":"has-post-thumbnail","6":"product_cat-kablosuz-hoparlor-kablosuz-hoparlor","8":"first","9":"instock","10":"purchasable","11":"product-type-simple","12":"entry","13":"content-bg","14":"loop-entry"},"_links":{"self":[{"href":"https:\/\/www.hediyepazar.com\/index.php?rest_route=\/wp\/v2\/product\/116620","targetHints":{"allow":["GET"]}}],"collection":[{"href":"https:\/\/www.hediyepazar.com\/index.php?rest_route=\/wp\/v2\/product"}],"about":[{"href":"https:\/\/www.hediyepazar.com\/index.php?rest_route=\/wp\/v2\/types\/product"}],"replies":[{"embeddable":true,"href":"https:\/\/www.hediyepazar.com\/index.php?rest_route=%2Fwp%2Fv2%2Fcomments&post=116620"}],"wp:featuredmedia":[{"embeddable":true,"href":"https:\/\/www.hediyepazar.com\/index.php?rest_route=\/wp\/v2\/media\/116619"}],"wp:attachment":[{"href":"https:\/\/www.hediyepazar.com\/index.php?rest_route=%2Fwp%2Fv2%2Fmedia&parent=116620"}],"wp:term":[{"taxonomy":"product_brand","embeddable":true,"href":"https:\/\/www.hediyepazar.com\/index.php?rest_route=%2Fwp%2Fv2%2Fproduct_brand&post=116620"},{"taxonomy":"product_cat","embeddable":true,"href":"https:\/\/www.hediyepazar.com\/index.php?rest_route=%2Fwp%2Fv2%2Fproduct_cat&post=116620"},{"taxonomy":"product_tag","embeddable":true,"href":"https:\/\/www.hediyepazar.com\/index.php?rest_route=%2Fwp%2Fv2%2Fproduct_tag&post=116620"}],"curies":[{"name":"wp","href":"https:\/\/api.w.org\/{rel}","templated":true}]}}