{"id":116626,"date":"2026-05-05T17:37:06","date_gmt":"2026-05-05T20:37:06","guid":{"rendered":"https:\/\/www.hediyepazar.com\/?product=suya-dayanikli-110db-alarmli-celik-disk-kilidi"},"modified":"2026-05-05T17:37:06","modified_gmt":"2026-05-05T20:37:06","slug":"suya-dayanikli-110db-alarmli-celik-disk-kilidi","status":"publish","type":"product","link":"https:\/\/www.hediyepazar.com\/?product=suya-dayanikli-110db-alarmli-celik-disk-kilidi","title":{"rendered":"Suya Dayan\u0131kl\u0131 110dB Alarml\u0131 \u00c7elik Disk Kilidi"},"content":{"rendered":"<p>Alarml\u0131 disk kilidi, 6 mm pin kal\u0131nl\u0131\u011f\u0131 ve sa\u011flam \u00e7elik g\u00f6vdesi ile uzun \u00f6m\u00fcrl\u00fc kullan\u0131m sunar. Alarml\u0131 modda 110dB ses \u00e7\u0131kararak h\u0131rs\u0131zl\u0131k giri\u015fimlerine kar\u015f\u0131 maksimum cayd\u0131r\u0131c\u0131l\u0131k sa\u011flar.Suya dayan\u0131kl\u0131 g\u00f6vde, her mevsim g\u00fcvenli kullan\u0131m imkan\u0131 verir. \u015eok sens\u00f6r\u00fc ile en ufak hareket alg\u0131land\u0131\u011f\u0131nda alarm devreye girer.Alarml\u0131 veya alarms\u0131z mod se\u00e7ene\u011fi, kullan\u0131m alan\u0131n\u0131za g\u00f6re esnek bir \u00e7\u00f6z\u00fcm sunar. Spiral hat\u0131rlatma kablosu ile kilidi \u00e7\u0131karmay\u0131 unutmadan g\u00fcvenli \u015fekilde yolculu\u011funuza devam edebilirsiniz.<\/p>\n","protected":false},"excerpt":{"rendered":"<p>Alarml\u0131 disk kilidi, 6 mm pin kal\u0131nl\u0131\u011f\u0131 ve sa\u011flam \u00e7elik g\u00f6vdesi ile uzun \u00f6m\u00fcrl\u00fc kullan\u0131m sunar. Alarml\u0131 modda 110dB ses \u00e7\u0131kararak h\u0131rs\u0131zl\u0131k giri\u015fimlerine kar\u015f\u0131 maksimum cayd\u0131r\u0131c\u0131l\u0131k sa\u011flar.Suya dayan\u0131kl\u0131 g\u00f6vde, her mevsim g\u00fcvenli kullan\u0131m imkan\u0131 verir. \u015eok sens\u00f6r\u00fc ile en ufak hareket alg\u0131land\u0131\u011f\u0131nda alarm devreye girer.Alarml\u0131 veya alarms\u0131z mod se\u00e7ene\u011fi, kullan\u0131m alan\u0131n\u0131za g\u00f6re esnek bir \u00e7\u00f6z\u00fcm&#8230;<\/p>\n","protected":false},"featured_media":116625,"comment_status":"open","ping_status":"closed","template":"","meta":{"_kad_post_transparent":"","_kad_post_title":"","_kad_post_layout":"","_kad_post_sidebar_id":"","_kad_post_content_style":"","_kad_post_vertical_padding":"","_kad_post_feature":"","_kad_post_feature_position":"","_kad_post_header":false,"_kad_post_footer":false,"_kad_post_classname":""},"product_brand":[],"product_cat":[14985],"product_tag":[],"class_list":{"0":"post-116626","1":"product","2":"type-product","3":"status-publish","4":"has-post-thumbnail","6":"product_cat-akilli-guvenlik-urunu-akilli-guvenlik-urunu","8":"first","9":"instock","10":"purchasable","11":"product-type-simple","12":"entry","13":"content-bg","14":"loop-entry"},"_links":{"self":[{"href":"https:\/\/www.hediyepazar.com\/index.php?rest_route=\/wp\/v2\/product\/116626","targetHints":{"allow":["GET"]}}],"collection":[{"href":"https:\/\/www.hediyepazar.com\/index.php?rest_route=\/wp\/v2\/product"}],"about":[{"href":"https:\/\/www.hediyepazar.com\/index.php?rest_route=\/wp\/v2\/types\/product"}],"replies":[{"embeddable":true,"href":"https:\/\/www.hediyepazar.com\/index.php?rest_route=%2Fwp%2Fv2%2Fcomments&post=116626"}],"wp:featuredmedia":[{"embeddable":true,"href":"https:\/\/www.hediyepazar.com\/index.php?rest_route=\/wp\/v2\/media\/116625"}],"wp:attachment":[{"href":"https:\/\/www.hediyepazar.com\/index.php?rest_route=%2Fwp%2Fv2%2Fmedia&parent=116626"}],"wp:term":[{"taxonomy":"product_brand","embeddable":true,"href":"https:\/\/www.hediyepazar.com\/index.php?rest_route=%2Fwp%2Fv2%2Fproduct_brand&post=116626"},{"taxonomy":"product_cat","embeddable":true,"href":"https:\/\/www.hediyepazar.com\/index.php?rest_route=%2Fwp%2Fv2%2Fproduct_cat&post=116626"},{"taxonomy":"product_tag","embeddable":true,"href":"https:\/\/www.hediyepazar.com\/index.php?rest_route=%2Fwp%2Fv2%2Fproduct_tag&post=116626"}],"curies":[{"name":"wp","href":"https:\/\/api.w.org\/{rel}","templated":true}]}}