{"id":116630,"date":"2026-05-05T17:37:22","date_gmt":"2026-05-05T20:37:22","guid":{"rendered":"https:\/\/www.hediyepazar.com\/?product=yuksek-sesli-110db-celik-disk-kilidi-su-gecirmez"},"modified":"2026-05-05T17:37:22","modified_gmt":"2026-05-05T20:37:22","slug":"yuksek-sesli-110db-celik-disk-kilidi-su-gecirmez","status":"publish","type":"product","link":"https:\/\/www.hediyepazar.com\/?product=yuksek-sesli-110db-celik-disk-kilidi-su-gecirmez","title":{"rendered":"Y\u00fcksek Sesli 110dB \u00c7elik Disk Kilidi Su Ge\u00e7irmez"},"content":{"rendered":"<p>Bu alarml\u0131 disk kilidi, hem g\u00fcnl\u00fck kullan\u0131mda hem de uzun s\u00fcreli park alanlar\u0131nda g\u00fcvenli\u011finizi en \u00fcst d\u00fczeye \u00e7\u0131kar\u0131r. Alarml\u0131 ve alarms\u0131z mod se\u00e7enekleri, ihtiyac\u0131n\u0131za g\u00f6re esnek kullan\u0131m sa\u011flar. Tek hareketle mod de\u011fi\u015ftirme imkan\u0131 sunar.110 desibel g\u00fcc\u00fcndeki alarm, \u00e7al\u0131nma giri\u015fimlerini an\u0131nda fark ettirir. \u015eok sens\u00f6r\u00fc, kilit \u00fczerinde olu\u015fan en ufak hareket veya darbeyi alg\u0131layarak alarm\u0131 devreye sokar. Bu \u00f6zellik, h\u0131rs\u0131zlar\u0131n cayd\u0131r\u0131lmas\u0131 a\u00e7\u0131s\u0131ndan b\u00fcy\u00fck avantaj sa\u011flar.6 mm pin kal\u0131nl\u0131\u011f\u0131, geni\u015f uyumluluk sunarken, suya dayan\u0131kl\u0131 g\u00f6vde her hava ko\u015fulunda g\u00fcvenli kullan\u0131m imkan\u0131 verir. \u00c7elik yap\u0131s\u0131, fiziksel darbelere kar\u015f\u0131 ekstra dayan\u0131kl\u0131l\u0131k sa\u011flar.\u00dcr\u00fcn, pratik kilitleme mekanizmas\u0131 ile zaman kayb\u0131 ya\u015famadan g\u00fcvenli park imkan\u0131 sunar. Spiral hat\u0131rlatma kablosu, kilidi \u00e7\u0131karmay\u0131 unutma riskini ortadan kald\u0131r\u0131r.<\/p>\n","protected":false},"excerpt":{"rendered":"<p>Bu alarml\u0131 disk kilidi, hem g\u00fcnl\u00fck kullan\u0131mda hem de uzun s\u00fcreli park alanlar\u0131nda g\u00fcvenli\u011finizi en \u00fcst d\u00fczeye \u00e7\u0131kar\u0131r. Alarml\u0131 ve alarms\u0131z mod se\u00e7enekleri, ihtiyac\u0131n\u0131za g\u00f6re esnek kullan\u0131m sa\u011flar. Tek hareketle mod de\u011fi\u015ftirme imkan\u0131 sunar.110 desibel g\u00fcc\u00fcndeki alarm, \u00e7al\u0131nma giri\u015fimlerini an\u0131nda fark ettirir. \u015eok sens\u00f6r\u00fc, kilit \u00fczerinde olu\u015fan en ufak hareket veya darbeyi alg\u0131layarak alarm\u0131 devreye&#8230;<\/p>\n","protected":false},"featured_media":116629,"comment_status":"open","ping_status":"closed","template":"","meta":{"_kad_post_transparent":"","_kad_post_title":"","_kad_post_layout":"","_kad_post_sidebar_id":"","_kad_post_content_style":"","_kad_post_vertical_padding":"","_kad_post_feature":"","_kad_post_feature_position":"","_kad_post_header":false,"_kad_post_footer":false,"_kad_post_classname":""},"product_brand":[],"product_cat":[14985],"product_tag":[],"class_list":{"0":"post-116630","1":"product","2":"type-product","3":"status-publish","4":"has-post-thumbnail","6":"product_cat-akilli-guvenlik-urunu-akilli-guvenlik-urunu","8":"first","9":"instock","10":"purchasable","11":"product-type-simple","12":"entry","13":"content-bg","14":"loop-entry"},"_links":{"self":[{"href":"https:\/\/www.hediyepazar.com\/index.php?rest_route=\/wp\/v2\/product\/116630","targetHints":{"allow":["GET"]}}],"collection":[{"href":"https:\/\/www.hediyepazar.com\/index.php?rest_route=\/wp\/v2\/product"}],"about":[{"href":"https:\/\/www.hediyepazar.com\/index.php?rest_route=\/wp\/v2\/types\/product"}],"replies":[{"embeddable":true,"href":"https:\/\/www.hediyepazar.com\/index.php?rest_route=%2Fwp%2Fv2%2Fcomments&post=116630"}],"wp:featuredmedia":[{"embeddable":true,"href":"https:\/\/www.hediyepazar.com\/index.php?rest_route=\/wp\/v2\/media\/116629"}],"wp:attachment":[{"href":"https:\/\/www.hediyepazar.com\/index.php?rest_route=%2Fwp%2Fv2%2Fmedia&parent=116630"}],"wp:term":[{"taxonomy":"product_brand","embeddable":true,"href":"https:\/\/www.hediyepazar.com\/index.php?rest_route=%2Fwp%2Fv2%2Fproduct_brand&post=116630"},{"taxonomy":"product_cat","embeddable":true,"href":"https:\/\/www.hediyepazar.com\/index.php?rest_route=%2Fwp%2Fv2%2Fproduct_cat&post=116630"},{"taxonomy":"product_tag","embeddable":true,"href":"https:\/\/www.hediyepazar.com\/index.php?rest_route=%2Fwp%2Fv2%2Fproduct_tag&post=116630"}],"curies":[{"name":"wp","href":"https:\/\/api.w.org\/{rel}","templated":true}]}}