{"id":116636,"date":"2026-05-05T17:38:17","date_gmt":"2026-05-05T20:38:17","guid":{"rendered":"https:\/\/www.hediyepazar.com\/?product=1000-oyun-yuklu-tasinabilir-renkli-ekranli-el-konsolu"},"modified":"2026-05-05T17:38:17","modified_gmt":"2026-05-05T20:38:17","slug":"1000-oyun-yuklu-tasinabilir-renkli-ekranli-el-konsolu","status":"publish","type":"product","link":"https:\/\/www.hediyepazar.com\/?product=1000-oyun-yuklu-tasinabilir-renkli-ekranli-el-konsolu","title":{"rendered":"1000 Oyun Y\u00fckl\u00fc Ta\u015f\u0131nabilir Renkli Ekranl\u0131 El Konsolu"},"content":{"rendered":"<p>Bu retro ta\u015f\u0131nabilir oyun konsolu, hafif yap\u0131s\u0131 ve kompakt tasar\u0131m\u0131yla her an yan\u0131n\u0131zda. \u0130\u00e7inde y\u00fckl\u00fc 1000\u2019den fazla oyunla gelir ve kendi oyunlar\u0131n\u0131z\u0131 y\u00fcklemenize imk\u00e2n tan\u0131r.Televizyona ba\u011flanma \u00f6zelli\u011fi ile oyun keyfinizi geni\u015f ekrana ta\u015f\u0131yabilir, arkada\u015flar\u0131n\u0131zla e\u011flenceli vakit ge\u00e7irebilirsiniz. HDMI \u00e7\u0131k\u0131\u015f\u0131, g\u00f6r\u00fcnt\u00fc kalitesini en \u00fcst seviyeye \u00e7\u0131kar\u0131r.800mAh lityum pil, 4 saat kesintisiz oyun s\u00fcresi sunar ve sadece 1,5 saatte USB kablo ile \u015farj olur.Renkli ekran\u0131, ergonomik tu\u015f yerle\u015fimi ve hafifli\u011fi ile hareket halindeyken bile rahat bir kullan\u0131m sa\u011flar.Video izleme, m\u00fczik dinleme, e-kitap okuma gibi \u00e7ok y\u00f6nl\u00fc \u00f6zellikleri sayesinde hem e\u011flence hem de pratik kullan\u0131m sunar.Paket i\u00e7eri\u011fi: El konsolu, USB kablo, HDMI kablo, kullan\u0131m k\u0131lavuzu.<\/p>\n","protected":false},"excerpt":{"rendered":"<p>Bu retro ta\u015f\u0131nabilir oyun konsolu, hafif yap\u0131s\u0131 ve kompakt tasar\u0131m\u0131yla her an yan\u0131n\u0131zda. \u0130\u00e7inde y\u00fckl\u00fc 1000\u2019den fazla oyunla gelir ve kendi oyunlar\u0131n\u0131z\u0131 y\u00fcklemenize imk\u00e2n tan\u0131r.Televizyona ba\u011flanma \u00f6zelli\u011fi ile oyun keyfinizi geni\u015f ekrana ta\u015f\u0131yabilir, arkada\u015flar\u0131n\u0131zla e\u011flenceli vakit ge\u00e7irebilirsiniz. HDMI \u00e7\u0131k\u0131\u015f\u0131, g\u00f6r\u00fcnt\u00fc kalitesini en \u00fcst seviyeye \u00e7\u0131kar\u0131r.800mAh lityum pil, 4 saat kesintisiz oyun s\u00fcresi sunar ve sadece&#8230;<\/p>\n","protected":false},"featured_media":116635,"comment_status":"open","ping_status":"closed","template":"","meta":{"_kad_post_transparent":"","_kad_post_title":"","_kad_post_layout":"","_kad_post_sidebar_id":"","_kad_post_content_style":"","_kad_post_vertical_padding":"","_kad_post_feature":"","_kad_post_feature_position":"","_kad_post_header":false,"_kad_post_footer":false,"_kad_post_classname":""},"product_brand":[],"product_cat":[14961],"product_tag":[],"class_list":{"0":"post-116636","1":"product","2":"type-product","3":"status-publish","4":"has-post-thumbnail","6":"product_cat-oyun-konsolu-oyun-konsolu","8":"first","9":"instock","10":"purchasable","11":"product-type-simple","12":"entry","13":"content-bg","14":"loop-entry"},"_links":{"self":[{"href":"https:\/\/www.hediyepazar.com\/index.php?rest_route=\/wp\/v2\/product\/116636","targetHints":{"allow":["GET"]}}],"collection":[{"href":"https:\/\/www.hediyepazar.com\/index.php?rest_route=\/wp\/v2\/product"}],"about":[{"href":"https:\/\/www.hediyepazar.com\/index.php?rest_route=\/wp\/v2\/types\/product"}],"replies":[{"embeddable":true,"href":"https:\/\/www.hediyepazar.com\/index.php?rest_route=%2Fwp%2Fv2%2Fcomments&post=116636"}],"wp:featuredmedia":[{"embeddable":true,"href":"https:\/\/www.hediyepazar.com\/index.php?rest_route=\/wp\/v2\/media\/116635"}],"wp:attachment":[{"href":"https:\/\/www.hediyepazar.com\/index.php?rest_route=%2Fwp%2Fv2%2Fmedia&parent=116636"}],"wp:term":[{"taxonomy":"product_brand","embeddable":true,"href":"https:\/\/www.hediyepazar.com\/index.php?rest_route=%2Fwp%2Fv2%2Fproduct_brand&post=116636"},{"taxonomy":"product_cat","embeddable":true,"href":"https:\/\/www.hediyepazar.com\/index.php?rest_route=%2Fwp%2Fv2%2Fproduct_cat&post=116636"},{"taxonomy":"product_tag","embeddable":true,"href":"https:\/\/www.hediyepazar.com\/index.php?rest_route=%2Fwp%2Fv2%2Fproduct_tag&post=116636"}],"curies":[{"name":"wp","href":"https:\/\/api.w.org\/{rel}","templated":true}]}}