{"id":116638,"date":"2026-05-05T17:38:23","date_gmt":"2026-05-05T20:38:23","guid":{"rendered":"https:\/\/www.hediyepazar.com\/?product=hdmi-cikisli-cok-fonksiyonlu-renkli-ekranli-el-konsolu"},"modified":"2026-05-05T17:38:23","modified_gmt":"2026-05-05T20:38:23","slug":"hdmi-cikisli-cok-fonksiyonlu-renkli-ekranli-el-konsolu","status":"publish","type":"product","link":"https:\/\/www.hediyepazar.com\/?product=hdmi-cikisli-cok-fonksiyonlu-renkli-ekranli-el-konsolu","title":{"rendered":"HDMI \u00c7\u0131k\u0131\u015fl\u0131 \u00c7ok Fonksiyonlu Renkli Ekranl\u0131 El Konsolu"},"content":{"rendered":"<p>\u00c7ocuklu\u011funuzun unutulmaz oyunlar\u0131n\u0131 tek bir cihazda toplad\u0131k. Bu ta\u015f\u0131nabilir konsolda 1000\u2019den fazla klasik oyun y\u00fckl\u00fc olarak geliyor. Ayr\u0131ca kendi oyunlar\u0131n\u0131z\u0131 da y\u00fckleyerek cihaz\u0131n\u0131z\u0131 ki\u015fiselle\u015ftirebilirsiniz.HDMI \u00e7\u0131k\u0131\u015f\u0131 sayesinde, oyun deneyiminizi televizyonunuza ta\u015f\u0131yabilir, y\u00fcksek \u00e7\u00f6z\u00fcn\u00fcrl\u00fckte arkada\u015flar\u0131n\u0131zla birlikte oynayabilirsiniz.800mAh lityum pil ile tam dolumda 4 saat oyun keyfi sunar. 1,5 saat gibi k\u0131sa bir s\u00fcrede USB kablo ile \u015farj edilebilir.Kompakt boyutu, hafif yap\u0131s\u0131 ve ergonomik tu\u015flar\u0131 sayesinde her yerde rahatl\u0131kla kullanabilirsiniz. Renkli ekran\u0131, g\u00f6r\u00fcnt\u00fcleri daha canl\u0131 ve net hale getirir.Ayr\u0131ca bu cihaz video oynatma, m\u00fczik dinleme, e-kitap okuma ve bilgisayar ba\u011flant\u0131s\u0131 gibi \u00e7ok y\u00f6nl\u00fc kullan\u0131m imk\u00e2nlar\u0131 sunar. E\u011flenceyi tek cihazda toplay\u0131n!Paket i\u00e7eri\u011fi: El konsolu, USB kablo, HDMI kablo, kullan\u0131m k\u0131lavuzu.<\/p>\n","protected":false},"excerpt":{"rendered":"<p>\u00c7ocuklu\u011funuzun unutulmaz oyunlar\u0131n\u0131 tek bir cihazda toplad\u0131k. Bu ta\u015f\u0131nabilir konsolda 1000\u2019den fazla klasik oyun y\u00fckl\u00fc olarak geliyor. Ayr\u0131ca kendi oyunlar\u0131n\u0131z\u0131 da y\u00fckleyerek cihaz\u0131n\u0131z\u0131 ki\u015fiselle\u015ftirebilirsiniz.HDMI \u00e7\u0131k\u0131\u015f\u0131 sayesinde, oyun deneyiminizi televizyonunuza ta\u015f\u0131yabilir, y\u00fcksek \u00e7\u00f6z\u00fcn\u00fcrl\u00fckte arkada\u015flar\u0131n\u0131zla birlikte oynayabilirsiniz.800mAh lityum pil ile tam dolumda 4 saat oyun keyfi sunar. 1,5 saat gibi k\u0131sa bir s\u00fcrede USB kablo ile \u015farj&#8230;<\/p>\n","protected":false},"featured_media":116637,"comment_status":"open","ping_status":"closed","template":"","meta":{"_kad_post_transparent":"","_kad_post_title":"","_kad_post_layout":"","_kad_post_sidebar_id":"","_kad_post_content_style":"","_kad_post_vertical_padding":"","_kad_post_feature":"","_kad_post_feature_position":"","_kad_post_header":false,"_kad_post_footer":false,"_kad_post_classname":""},"product_brand":[],"product_cat":[14961],"product_tag":[],"class_list":{"0":"post-116638","1":"product","2":"type-product","3":"status-publish","4":"has-post-thumbnail","6":"product_cat-oyun-konsolu-oyun-konsolu","8":"first","9":"instock","10":"purchasable","11":"product-type-simple","12":"entry","13":"content-bg","14":"loop-entry"},"_links":{"self":[{"href":"https:\/\/www.hediyepazar.com\/index.php?rest_route=\/wp\/v2\/product\/116638","targetHints":{"allow":["GET"]}}],"collection":[{"href":"https:\/\/www.hediyepazar.com\/index.php?rest_route=\/wp\/v2\/product"}],"about":[{"href":"https:\/\/www.hediyepazar.com\/index.php?rest_route=\/wp\/v2\/types\/product"}],"replies":[{"embeddable":true,"href":"https:\/\/www.hediyepazar.com\/index.php?rest_route=%2Fwp%2Fv2%2Fcomments&post=116638"}],"wp:featuredmedia":[{"embeddable":true,"href":"https:\/\/www.hediyepazar.com\/index.php?rest_route=\/wp\/v2\/media\/116637"}],"wp:attachment":[{"href":"https:\/\/www.hediyepazar.com\/index.php?rest_route=%2Fwp%2Fv2%2Fmedia&parent=116638"}],"wp:term":[{"taxonomy":"product_brand","embeddable":true,"href":"https:\/\/www.hediyepazar.com\/index.php?rest_route=%2Fwp%2Fv2%2Fproduct_brand&post=116638"},{"taxonomy":"product_cat","embeddable":true,"href":"https:\/\/www.hediyepazar.com\/index.php?rest_route=%2Fwp%2Fv2%2Fproduct_cat&post=116638"},{"taxonomy":"product_tag","embeddable":true,"href":"https:\/\/www.hediyepazar.com\/index.php?rest_route=%2Fwp%2Fv2%2Fproduct_tag&post=116638"}],"curies":[{"name":"wp","href":"https:\/\/api.w.org\/{rel}","templated":true}]}}