{"id":116646,"date":"2026-05-05T17:39:19","date_gmt":"2026-05-05T20:39:19","guid":{"rendered":"https:\/\/www.hediyepazar.com\/?product=ps1-gba-nes-oyun-destekli-retro-cihaz"},"modified":"2026-05-05T17:39:19","modified_gmt":"2026-05-05T20:39:19","slug":"ps1-gba-nes-oyun-destekli-retro-cihaz","status":"publish","type":"product","link":"https:\/\/www.hediyepazar.com\/?product=ps1-gba-nes-oyun-destekli-retro-cihaz","title":{"rendered":"PS1 GBA NES Oyun Destekli Retro Cihaz"},"content":{"rendered":"<p>Kompakt boyutu, y\u00fcksek haf\u0131zas\u0131 ve fonksiyonel \u00f6zellikleriyle bu retro oyun cihaz\u0131, ge\u00e7mi\u015fin en sevilen oyunlar\u0131n\u0131 yan\u0131n\u0131zda ta\u015f\u0131man\u0131z\u0131 sa\u011flar. 4.3 in\u00e7 TFT LCD ekran\u0131, 480&#215;272 \u00e7\u00f6z\u00fcn\u00fcrl\u00fckte net ve parlak g\u00f6r\u00fcnt\u00fcler sunarken 3D destekli yap\u0131s\u0131yla oyun atmosferini daha ger\u00e7ek\u00e7i hale getirir.64 GB dahili haf\u0131zas\u0131, \u00f6nceden y\u00fcklenmi\u015f y\u00fczlerce oyunla birlikte gelir. NES, PS1, GBA, MAME gibi bir\u00e7ok em\u00fclat\u00f6r\u00fc desteklemesi sayesinde \u00e7ok say\u0131da klasik oyun bu cihazla uyumlu \u00e7al\u0131\u015f\u0131r. Ek olarak, 32 GB\u2019a kadar microSD kart deste\u011fi ile ki\u015fisel oyun ar\u015fivinizi ekleyebilirsiniz.Dahili 1000-1500 mAh batarya sayesinde 3 ila 5 saat aras\u0131nda kesintisiz oyun keyfi sunar. Micro USB ba\u011flant\u0131 noktas\u0131 \u00fczerinden h\u0131zl\u0131 ve pratik \u015fekilde \u015farj edilebilir. Bu sayede cihaz\u0131n\u0131z\u0131 g\u00fcnl\u00fck kullan\u0131mda ya da yolculuk esnas\u0131nda rahatl\u0131kla kullanabilirsiniz.Cihaz sadece oyunla s\u0131n\u0131rl\u0131 de\u011fil. MP3 m\u00fczik dinleme, video oynatma, foto\u011fraf g\u00f6r\u00fcnt\u00fcleme ve e-kitap okuma gibi multimedya i\u015flevleri de destekler. B\u00f6ylece sadece oyun de\u011fil, genel e\u011flence ama\u00e7l\u0131 da kullan\u0131labilir.Kullan\u0131m\u0131 olduk\u00e7a basittir. Fiziksel tu\u015flar ve sade aray\u00fcz sayesinde her ya\u015ftan kullan\u0131c\u0131 rahatl\u0131kla eri\u015fim sa\u011flayabilir. \u00c7ocuklar i\u00e7in e\u011flenceli bir hediye, yeti\u015fkinler i\u00e7in nostaljik bir deneyim sunar.Uygun fiyat\u0131, zengin oyun deste\u011fi ve multimedya \u00f6zellikleriyle bu cihaz, oyunseverler i\u00e7in ak\u0131ll\u0131 bir se\u00e7imdir. Hem b\u00fct\u00e7enizi zorlamaz hem de saatler s\u00fcren keyifli anlar sunar.<\/p>\n","protected":false},"excerpt":{"rendered":"<p>Kompakt boyutu, y\u00fcksek haf\u0131zas\u0131 ve fonksiyonel \u00f6zellikleriyle bu retro oyun cihaz\u0131, ge\u00e7mi\u015fin en sevilen oyunlar\u0131n\u0131 yan\u0131n\u0131zda ta\u015f\u0131man\u0131z\u0131 sa\u011flar. 4.3 in\u00e7 TFT LCD ekran\u0131, 480&#215;272 \u00e7\u00f6z\u00fcn\u00fcrl\u00fckte net ve parlak g\u00f6r\u00fcnt\u00fcler sunarken 3D destekli yap\u0131s\u0131yla oyun atmosferini daha ger\u00e7ek\u00e7i hale getirir.64 GB dahili haf\u0131zas\u0131, \u00f6nceden y\u00fcklenmi\u015f y\u00fczlerce oyunla birlikte gelir. NES, PS1, GBA, MAME gibi bir\u00e7ok em\u00fclat\u00f6r\u00fc&#8230;<\/p>\n","protected":false},"featured_media":116645,"comment_status":"open","ping_status":"closed","template":"","meta":{"_kad_post_transparent":"","_kad_post_title":"","_kad_post_layout":"","_kad_post_sidebar_id":"","_kad_post_content_style":"","_kad_post_vertical_padding":"","_kad_post_feature":"","_kad_post_feature_position":"","_kad_post_header":false,"_kad_post_footer":false,"_kad_post_classname":""},"product_brand":[],"product_cat":[14961],"product_tag":[],"class_list":{"0":"post-116646","1":"product","2":"type-product","3":"status-publish","4":"has-post-thumbnail","6":"product_cat-oyun-konsolu-oyun-konsolu","8":"first","9":"instock","10":"purchasable","11":"product-type-simple","12":"entry","13":"content-bg","14":"loop-entry"},"_links":{"self":[{"href":"https:\/\/www.hediyepazar.com\/index.php?rest_route=\/wp\/v2\/product\/116646","targetHints":{"allow":["GET"]}}],"collection":[{"href":"https:\/\/www.hediyepazar.com\/index.php?rest_route=\/wp\/v2\/product"}],"about":[{"href":"https:\/\/www.hediyepazar.com\/index.php?rest_route=\/wp\/v2\/types\/product"}],"replies":[{"embeddable":true,"href":"https:\/\/www.hediyepazar.com\/index.php?rest_route=%2Fwp%2Fv2%2Fcomments&post=116646"}],"wp:featuredmedia":[{"embeddable":true,"href":"https:\/\/www.hediyepazar.com\/index.php?rest_route=\/wp\/v2\/media\/116645"}],"wp:attachment":[{"href":"https:\/\/www.hediyepazar.com\/index.php?rest_route=%2Fwp%2Fv2%2Fmedia&parent=116646"}],"wp:term":[{"taxonomy":"product_brand","embeddable":true,"href":"https:\/\/www.hediyepazar.com\/index.php?rest_route=%2Fwp%2Fv2%2Fproduct_brand&post=116646"},{"taxonomy":"product_cat","embeddable":true,"href":"https:\/\/www.hediyepazar.com\/index.php?rest_route=%2Fwp%2Fv2%2Fproduct_cat&post=116646"},{"taxonomy":"product_tag","embeddable":true,"href":"https:\/\/www.hediyepazar.com\/index.php?rest_route=%2Fwp%2Fv2%2Fproduct_tag&post=116646"}],"curies":[{"name":"wp","href":"https:\/\/api.w.org\/{rel}","templated":true}]}}