{"id":116648,"date":"2026-05-05T17:40:57","date_gmt":"2026-05-05T20:40:57","guid":{"rendered":"https:\/\/www.hediyepazar.com\/?product=sarjli-hafiza-kart-destekli-oyun-konsolu"},"modified":"2026-05-05T17:40:57","modified_gmt":"2026-05-05T20:40:57","slug":"sarjli-hafiza-kart-destekli-oyun-konsolu","status":"publish","type":"product","link":"https:\/\/www.hediyepazar.com\/?product=sarjli-hafiza-kart-destekli-oyun-konsolu","title":{"rendered":"\u015earjl\u0131 Haf\u0131za Kart Destekli Oyun Konsolu"},"content":{"rendered":"<p>4.3 in\u00e7 boyutundaki TFT LCD ekran\u0131 ile dikkat \u00e7eken bu retro oyun cihaz\u0131, 3D ekran teknolojisi sayesinde oyunlar\u0131 daha etkileyici hale getiriyor. 480&#215;272 \u00e7\u00f6z\u00fcn\u00fcrl\u00fck ile renkler daha net, detaylar daha canl\u0131.64 GB dahili haf\u0131zas\u0131, y\u00fczlerce retro oyunla dolu olarak gelir. Cihaz NES, GBA, SFC, PS1 ve daha bir\u00e7ok em\u00fclat\u00f6r\u00fc destekler. 32 GB\u2019a kadar art\u0131r\u0131labilir microSD kart deste\u011fi ile kullan\u0131c\u0131lar oyun koleksiyonlar\u0131n\u0131 geni\u015fletebilir.1000-1500 mAh kapasitesindeki lityum pil ile 3 ila 5 saatlik kesintisiz oyun oynama s\u00fcresi sunar. Micro USB \u015farj giri\u015fi ile kolayca \u015farj edilebilir, b\u00f6ylece d\u0131\u015far\u0131da bile oyun keyfi yar\u0131da kalmaz.Cihaz sadece oyunla s\u0131n\u0131rl\u0131 de\u011fildir. MP3 m\u00fczik dinleme, video oynatma, foto\u011fraf g\u00f6r\u00fcnt\u00fcleme ve e-kitap okuma gibi \u00e7oklu medya \u00f6zellikleriyle de tam donan\u0131ml\u0131 bir e\u011flence merkezidir.Kolay men\u00fc sistemi ve fiziksel d\u00fc\u011fmeler sayesinde kullan\u0131c\u0131 dostu bir deneyim sa\u011flar. \u00c7ocuklar i\u00e7in e\u011flenceli bir oyun alternatifi, yeti\u015fkinler i\u00e7inse nostaljik bir hediye se\u00e7ene\u011fidir.Kompakt yap\u0131s\u0131yla \u00e7antada veya cepte rahatl\u0131kla ta\u015f\u0131nabilir. D\u00fc\u015f\u00fck maliyetle y\u00fcksek performans isteyen kullan\u0131c\u0131lar i\u00e7in ideal bir tercih olan bu cihaz, hem e\u011flenceli hem de i\u015flevsel bir deneyim sunar.<\/p>\n","protected":false},"excerpt":{"rendered":"<p>4.3 in\u00e7 boyutundaki TFT LCD ekran\u0131 ile dikkat \u00e7eken bu retro oyun cihaz\u0131, 3D ekran teknolojisi sayesinde oyunlar\u0131 daha etkileyici hale getiriyor. 480&#215;272 \u00e7\u00f6z\u00fcn\u00fcrl\u00fck ile renkler daha net, detaylar daha canl\u0131.64 GB dahili haf\u0131zas\u0131, y\u00fczlerce retro oyunla dolu olarak gelir. Cihaz NES, GBA, SFC, PS1 ve daha bir\u00e7ok em\u00fclat\u00f6r\u00fc destekler. 32 GB\u2019a kadar art\u0131r\u0131labilir microSD&#8230;<\/p>\n","protected":false},"featured_media":116647,"comment_status":"open","ping_status":"closed","template":"","meta":{"_kad_post_transparent":"","_kad_post_title":"","_kad_post_layout":"","_kad_post_sidebar_id":"","_kad_post_content_style":"","_kad_post_vertical_padding":"","_kad_post_feature":"","_kad_post_feature_position":"","_kad_post_header":false,"_kad_post_footer":false,"_kad_post_classname":""},"product_brand":[],"product_cat":[14961],"product_tag":[],"class_list":{"0":"post-116648","1":"product","2":"type-product","3":"status-publish","4":"has-post-thumbnail","6":"product_cat-oyun-konsolu-oyun-konsolu","8":"first","9":"instock","10":"purchasable","11":"product-type-simple","12":"entry","13":"content-bg","14":"loop-entry"},"_links":{"self":[{"href":"https:\/\/www.hediyepazar.com\/index.php?rest_route=\/wp\/v2\/product\/116648","targetHints":{"allow":["GET"]}}],"collection":[{"href":"https:\/\/www.hediyepazar.com\/index.php?rest_route=\/wp\/v2\/product"}],"about":[{"href":"https:\/\/www.hediyepazar.com\/index.php?rest_route=\/wp\/v2\/types\/product"}],"replies":[{"embeddable":true,"href":"https:\/\/www.hediyepazar.com\/index.php?rest_route=%2Fwp%2Fv2%2Fcomments&post=116648"}],"wp:featuredmedia":[{"embeddable":true,"href":"https:\/\/www.hediyepazar.com\/index.php?rest_route=\/wp\/v2\/media\/116647"}],"wp:attachment":[{"href":"https:\/\/www.hediyepazar.com\/index.php?rest_route=%2Fwp%2Fv2%2Fmedia&parent=116648"}],"wp:term":[{"taxonomy":"product_brand","embeddable":true,"href":"https:\/\/www.hediyepazar.com\/index.php?rest_route=%2Fwp%2Fv2%2Fproduct_brand&post=116648"},{"taxonomy":"product_cat","embeddable":true,"href":"https:\/\/www.hediyepazar.com\/index.php?rest_route=%2Fwp%2Fv2%2Fproduct_cat&post=116648"},{"taxonomy":"product_tag","embeddable":true,"href":"https:\/\/www.hediyepazar.com\/index.php?rest_route=%2Fwp%2Fv2%2Fproduct_tag&post=116648"}],"curies":[{"name":"wp","href":"https:\/\/api.w.org\/{rel}","templated":true}]}}