{"id":116656,"date":"2026-05-05T17:41:24","date_gmt":"2026-05-05T20:41:24","guid":{"rendered":"https:\/\/www.hediyepazar.com\/?product=mobil-uyumlu-mikrofon-dis-mekan-icin-ideal"},"modified":"2026-05-05T17:41:24","modified_gmt":"2026-05-05T20:41:24","slug":"mobil-uyumlu-mikrofon-dis-mekan-icin-ideal","status":"publish","type":"product","link":"https:\/\/www.hediyepazar.com\/?product=mobil-uyumlu-mikrofon-dis-mekan-icin-ideal","title":{"rendered":"Mobil Uyumlu Mikrofon &#8211; D\u0131\u015f Mek\u00e2n \u0130\u00e7in \u0130deal"},"content":{"rendered":"<p>G\u00fcn\u00fcm\u00fczde i\u00e7erik \u00fcreticileri i\u00e7in kaliteli ses, g\u00f6rsel kadar \u00f6nemlidir. Bu kablosuz mikrofon, basit kullan\u0131m\u0131 ve g\u00fc\u00e7l\u00fc performans\u0131yla dikkat \u00e7eker. Telefon, tablet ya da bilgisayara do\u011frudan tak\u0131lan al\u0131c\u0131s\u0131 sayesinde birka\u00e7 saniyede kullan\u0131ma haz\u0131r hale gelir. Uygulama kurmak ya da Bluetooth e\u015fle\u015ftirmesi yapmak gerekmez.G\u00fcr\u00fclt\u00fc engelleme \u00f6zelli\u011fi sayesinde arka plan sesleri bast\u0131r\u0131l\u0131r, konu\u015fma sesi net ve g\u00fc\u00e7l\u00fc \u015fekilde al\u0131n\u0131r. ASMR i\u00e7eriklerinden sokak r\u00f6portajlar\u0131na kadar pek \u00e7ok kullan\u0131m alan\u0131 i\u00e7in uygundur.\u00c7ok y\u00f6nl\u00fc kay\u0131t \u00f6zelli\u011fi, konu\u015fmalar\u0131n\u0131z\u0131 her a\u00e7\u0131dan e\u015fit \u015fekilde alg\u0131lar. Bu \u00f6zellik sayesinde mikrofonu nereye takarsan\u0131z tak\u0131n ses kalitesinden \u00f6d\u00fcn vermezsiniz. R\u00fczgar filtresi, a\u00e7\u0131k havada dahi net kay\u0131t alman\u0131z\u0131 sa\u011flar.Kompakt ve hafif yap\u0131s\u0131 ta\u015f\u0131may\u0131 kolayla\u015ft\u0131r\u0131r. Klipsli yap\u0131s\u0131yla her t\u00fcrl\u00fc k\u0131yafete sabitlenebilir. Uzun s\u00fcreli kullan\u0131m gerektiren yay\u0131n ve \u00e7ekimlerde 8 saatlik batarya \u00f6mr\u00fcyle sizi yar\u0131 yolda b\u0131rakmaz.YouTube, TikTok, Instagram gibi platformlarda i\u00e7erik \u00fcreten influencer\u2019lar i\u00e7in birebir olan bu mikrofon, st\u00fcdyo kalitesinde sesi her an her yerde sunar.<\/p>\n","protected":false},"excerpt":{"rendered":"<p>G\u00fcn\u00fcm\u00fczde i\u00e7erik \u00fcreticileri i\u00e7in kaliteli ses, g\u00f6rsel kadar \u00f6nemlidir. Bu kablosuz mikrofon, basit kullan\u0131m\u0131 ve g\u00fc\u00e7l\u00fc performans\u0131yla dikkat \u00e7eker. Telefon, tablet ya da bilgisayara do\u011frudan tak\u0131lan al\u0131c\u0131s\u0131 sayesinde birka\u00e7 saniyede kullan\u0131ma haz\u0131r hale gelir. Uygulama kurmak ya da Bluetooth e\u015fle\u015ftirmesi yapmak gerekmez.G\u00fcr\u00fclt\u00fc engelleme \u00f6zelli\u011fi sayesinde arka plan sesleri bast\u0131r\u0131l\u0131r, konu\u015fma sesi net ve g\u00fc\u00e7l\u00fc \u015fekilde&#8230;<\/p>\n","protected":false},"featured_media":116655,"comment_status":"open","ping_status":"closed","template":"","meta":{"_kad_post_transparent":"","_kad_post_title":"","_kad_post_layout":"","_kad_post_sidebar_id":"","_kad_post_content_style":"","_kad_post_vertical_padding":"","_kad_post_feature":"","_kad_post_feature_position":"","_kad_post_header":false,"_kad_post_footer":false,"_kad_post_classname":""},"product_brand":[],"product_cat":[15091],"product_tag":[],"class_list":{"0":"post-116656","1":"product","2":"type-product","3":"status-publish","4":"has-post-thumbnail","6":"product_cat-mikrofon-mikrofon","8":"first","9":"instock","10":"purchasable","11":"product-type-simple","12":"entry","13":"content-bg","14":"loop-entry"},"_links":{"self":[{"href":"https:\/\/www.hediyepazar.com\/index.php?rest_route=\/wp\/v2\/product\/116656","targetHints":{"allow":["GET"]}}],"collection":[{"href":"https:\/\/www.hediyepazar.com\/index.php?rest_route=\/wp\/v2\/product"}],"about":[{"href":"https:\/\/www.hediyepazar.com\/index.php?rest_route=\/wp\/v2\/types\/product"}],"replies":[{"embeddable":true,"href":"https:\/\/www.hediyepazar.com\/index.php?rest_route=%2Fwp%2Fv2%2Fcomments&post=116656"}],"wp:featuredmedia":[{"embeddable":true,"href":"https:\/\/www.hediyepazar.com\/index.php?rest_route=\/wp\/v2\/media\/116655"}],"wp:attachment":[{"href":"https:\/\/www.hediyepazar.com\/index.php?rest_route=%2Fwp%2Fv2%2Fmedia&parent=116656"}],"wp:term":[{"taxonomy":"product_brand","embeddable":true,"href":"https:\/\/www.hediyepazar.com\/index.php?rest_route=%2Fwp%2Fv2%2Fproduct_brand&post=116656"},{"taxonomy":"product_cat","embeddable":true,"href":"https:\/\/www.hediyepazar.com\/index.php?rest_route=%2Fwp%2Fv2%2Fproduct_cat&post=116656"},{"taxonomy":"product_tag","embeddable":true,"href":"https:\/\/www.hediyepazar.com\/index.php?rest_route=%2Fwp%2Fv2%2Fproduct_tag&post=116656"}],"curies":[{"name":"wp","href":"https:\/\/api.w.org\/{rel}","templated":true}]}}