{"id":116660,"date":"2026-05-05T17:41:38","date_gmt":"2026-05-05T20:41:38","guid":{"rendered":"https:\/\/www.hediyepazar.com\/?product=cok-yonlu-mikrofon-net-ses-uzun-pil"},"modified":"2026-05-05T17:41:38","modified_gmt":"2026-05-05T20:41:38","slug":"cok-yonlu-mikrofon-net-ses-uzun-pil","status":"publish","type":"product","link":"https:\/\/www.hediyepazar.com\/?product=cok-yonlu-mikrofon-net-ses-uzun-pil","title":{"rendered":"\u00c7ok Y\u00f6nl\u00fc Mikrofon &#8211; Net Ses Uzun Pil"},"content":{"rendered":"<p>Video ve ses kalitesi, i\u00e7erik \u00fcreticileri i\u00e7in en \u00f6nemli unsurlardan biridir. Bu kablosuz mikrofon, kolay kullan\u0131m\u0131 ve y\u00fcksek performans\u0131yla influencer\u2019lar\u0131n en \u00e7ok tercih edece\u011fi ekipmanlardan biri olmaya aday. Tak ve \u00e7al\u0131\u015ft\u0131r \u00f6zelli\u011fi sayesinde herhangi bir uygulamaya ihtiya\u00e7 duymazs\u0131n\u0131z. Al\u0131c\u0131y\u0131 cihaz\u0131n\u0131za tak\u0131n, mikrofonu a\u00e7\u0131n, kullanmaya ba\u015flay\u0131n.Geli\u015fmi\u015f ses i\u015fleme \u00e7ipi, g\u00fcr\u00fclt\u00fcl\u00fc ortamlarda bile sesinizi net bi\u00e7imde kaydetmenizi sa\u011flar. Ortam sesleri etkili \u015fekilde bast\u0131r\u0131l\u0131rken, insan sesi do\u011fal ve berrak olarak al\u0131n\u0131r. Bu sayede hem canl\u0131 yay\u0131nlarda hem de video kay\u0131tlar\u0131nda profesyonel sonu\u00e7lar elde edersiniz.Mikrofonun t\u00fcm y\u00f6nlerden ses toplayabilen yap\u0131s\u0131, daha zengin ve detayl\u0131 kay\u0131tlar sa\u011flar. Pop filtresi ile desteklenen ba\u015fl\u0131k, d\u0131\u015f ortamlarda kar\u015f\u0131la\u015fabilece\u011finiz ses bozulmalar\u0131n\u0131 \u00f6nler.Ta\u015f\u0131nabilirli\u011fi \u00f6n planda tutan tasar\u0131m\u0131 sayesinde bu mikrofonu diledi\u011finiz yere g\u00f6t\u00fcrebilirsiniz. Klipsiyle k\u0131yafetlere kolayca tak\u0131labilir. A\u011f\u0131rl\u0131\u011f\u0131 hissettirmeyen yap\u0131s\u0131, uzun s\u00fcreli kullan\u0131mlarda bile rahatl\u0131k sunar. 8 saate kadar dayanan bataryas\u0131 sayesinde, uzun \u00e7ekim g\u00fcnlerinde kesintisiz kullan\u0131m sa\u011flar.YouTube i\u00e7erikleri, TikTok videolar\u0131, canl\u0131 dersler ve sosyal medya yay\u0131nlar\u0131 yapan influencer\u2019lar i\u00e7in ideal bir \u00e7\u00f6z\u00fcmd\u00fcr.<\/p>\n","protected":false},"excerpt":{"rendered":"<p>Video ve ses kalitesi, i\u00e7erik \u00fcreticileri i\u00e7in en \u00f6nemli unsurlardan biridir. Bu kablosuz mikrofon, kolay kullan\u0131m\u0131 ve y\u00fcksek performans\u0131yla influencer\u2019lar\u0131n en \u00e7ok tercih edece\u011fi ekipmanlardan biri olmaya aday. Tak ve \u00e7al\u0131\u015ft\u0131r \u00f6zelli\u011fi sayesinde herhangi bir uygulamaya ihtiya\u00e7 duymazs\u0131n\u0131z. Al\u0131c\u0131y\u0131 cihaz\u0131n\u0131za tak\u0131n, mikrofonu a\u00e7\u0131n, kullanmaya ba\u015flay\u0131n.Geli\u015fmi\u015f ses i\u015fleme \u00e7ipi, g\u00fcr\u00fclt\u00fcl\u00fc ortamlarda bile sesinizi net bi\u00e7imde kaydetmenizi&#8230;<\/p>\n","protected":false},"featured_media":116659,"comment_status":"open","ping_status":"closed","template":"","meta":{"_kad_post_transparent":"","_kad_post_title":"","_kad_post_layout":"","_kad_post_sidebar_id":"","_kad_post_content_style":"","_kad_post_vertical_padding":"","_kad_post_feature":"","_kad_post_feature_position":"","_kad_post_header":false,"_kad_post_footer":false,"_kad_post_classname":""},"product_brand":[],"product_cat":[15091],"product_tag":[],"class_list":{"0":"post-116660","1":"product","2":"type-product","3":"status-publish","4":"has-post-thumbnail","6":"product_cat-mikrofon-mikrofon","8":"first","9":"instock","10":"purchasable","11":"product-type-simple","12":"entry","13":"content-bg","14":"loop-entry"},"_links":{"self":[{"href":"https:\/\/www.hediyepazar.com\/index.php?rest_route=\/wp\/v2\/product\/116660","targetHints":{"allow":["GET"]}}],"collection":[{"href":"https:\/\/www.hediyepazar.com\/index.php?rest_route=\/wp\/v2\/product"}],"about":[{"href":"https:\/\/www.hediyepazar.com\/index.php?rest_route=\/wp\/v2\/types\/product"}],"replies":[{"embeddable":true,"href":"https:\/\/www.hediyepazar.com\/index.php?rest_route=%2Fwp%2Fv2%2Fcomments&post=116660"}],"wp:featuredmedia":[{"embeddable":true,"href":"https:\/\/www.hediyepazar.com\/index.php?rest_route=\/wp\/v2\/media\/116659"}],"wp:attachment":[{"href":"https:\/\/www.hediyepazar.com\/index.php?rest_route=%2Fwp%2Fv2%2Fmedia&parent=116660"}],"wp:term":[{"taxonomy":"product_brand","embeddable":true,"href":"https:\/\/www.hediyepazar.com\/index.php?rest_route=%2Fwp%2Fv2%2Fproduct_brand&post=116660"},{"taxonomy":"product_cat","embeddable":true,"href":"https:\/\/www.hediyepazar.com\/index.php?rest_route=%2Fwp%2Fv2%2Fproduct_cat&post=116660"},{"taxonomy":"product_tag","embeddable":true,"href":"https:\/\/www.hediyepazar.com\/index.php?rest_route=%2Fwp%2Fv2%2Fproduct_tag&post=116660"}],"curies":[{"name":"wp","href":"https:\/\/api.w.org\/{rel}","templated":true}]}}