{"id":116666,"date":"2026-05-05T17:42:06","date_gmt":"2026-05-05T20:42:06","guid":{"rendered":"https:\/\/www.hediyepazar.com\/?product=usb-sarjli-cok-fonksiyonlu-tirnak-bakim-cihazi"},"modified":"2026-05-05T17:42:06","modified_gmt":"2026-05-05T20:42:06","slug":"usb-sarjli-cok-fonksiyonlu-tirnak-bakim-cihazi","status":"publish","type":"product","link":"https:\/\/www.hediyepazar.com\/?product=usb-sarjli-cok-fonksiyonlu-tirnak-bakim-cihazi","title":{"rendered":"USB \u015earjl\u0131 \u00c7ok Fonksiyonlu T\u0131rnak Bak\u0131m Cihaz\u0131"},"content":{"rendered":"<p>Bu elektrikli t\u00f6rp\u00fc makinesi yaln\u0131zca fonksiyonel de\u011fil, ayn\u0131 zamanda zamandan tasarruf etmenizi de sa\u011flar. Salonlara gitmeden dakikalar i\u00e7inde bak\u0131ml\u0131 t\u0131rnaklara kavu\u015fabilirsiniz. Setin i\u00e7eri\u011finde yer alan u\u00e7lar sayesinde farkl\u0131 ihtiya\u00e7lar\u0131n\u0131za uygun uygulamalar yapabilir; t\u00f6rp\u00fcleme, \u015fekil verme, parlatma ve temizleme i\u015flemlerini tek bir cihazla ger\u00e7ekle\u015ftirebilirsiniz. Kompakt yap\u0131s\u0131 sayesinde her ortamda kullan\u0131labilir. Hediye aray\u0131\u015f\u0131nda olanlar i\u00e7in de g\u00fczel ve kullan\u0131\u015fl\u0131 bir alternatif sunar. T\u0131rnak bak\u0131m\u0131n\u0131z\u0131 zahmetsiz ve keyifli hale getirin.<\/p>\n","protected":false},"excerpt":{"rendered":"<p>Bu elektrikli t\u00f6rp\u00fc makinesi yaln\u0131zca fonksiyonel de\u011fil, ayn\u0131 zamanda zamandan tasarruf etmenizi de sa\u011flar. Salonlara gitmeden dakikalar i\u00e7inde bak\u0131ml\u0131 t\u0131rnaklara kavu\u015fabilirsiniz. Setin i\u00e7eri\u011finde yer alan u\u00e7lar sayesinde farkl\u0131 ihtiya\u00e7lar\u0131n\u0131za uygun uygulamalar yapabilir; t\u00f6rp\u00fcleme, \u015fekil verme, parlatma ve temizleme i\u015flemlerini tek bir cihazla ger\u00e7ekle\u015ftirebilirsiniz. Kompakt yap\u0131s\u0131 sayesinde her ortamda kullan\u0131labilir. Hediye aray\u0131\u015f\u0131nda olanlar i\u00e7in de g\u00fczel&#8230;<\/p>\n","protected":false},"featured_media":116665,"comment_status":"open","ping_status":"closed","template":"","meta":{"_kad_post_transparent":"","_kad_post_title":"","_kad_post_layout":"","_kad_post_sidebar_id":"","_kad_post_content_style":"","_kad_post_vertical_padding":"","_kad_post_feature":"","_kad_post_feature_position":"","_kad_post_header":false,"_kad_post_footer":false,"_kad_post_classname":""},"product_brand":[],"product_cat":[14963],"product_tag":[],"class_list":{"0":"post-116666","1":"product","2":"type-product","3":"status-publish","4":"has-post-thumbnail","6":"product_cat-manikur-ve-pedikur-aletleri-manikur-ve-pedikur-aletleri","8":"first","9":"instock","10":"purchasable","11":"product-type-simple","12":"entry","13":"content-bg","14":"loop-entry"},"_links":{"self":[{"href":"https:\/\/www.hediyepazar.com\/index.php?rest_route=\/wp\/v2\/product\/116666","targetHints":{"allow":["GET"]}}],"collection":[{"href":"https:\/\/www.hediyepazar.com\/index.php?rest_route=\/wp\/v2\/product"}],"about":[{"href":"https:\/\/www.hediyepazar.com\/index.php?rest_route=\/wp\/v2\/types\/product"}],"replies":[{"embeddable":true,"href":"https:\/\/www.hediyepazar.com\/index.php?rest_route=%2Fwp%2Fv2%2Fcomments&post=116666"}],"wp:featuredmedia":[{"embeddable":true,"href":"https:\/\/www.hediyepazar.com\/index.php?rest_route=\/wp\/v2\/media\/116665"}],"wp:attachment":[{"href":"https:\/\/www.hediyepazar.com\/index.php?rest_route=%2Fwp%2Fv2%2Fmedia&parent=116666"}],"wp:term":[{"taxonomy":"product_brand","embeddable":true,"href":"https:\/\/www.hediyepazar.com\/index.php?rest_route=%2Fwp%2Fv2%2Fproduct_brand&post=116666"},{"taxonomy":"product_cat","embeddable":true,"href":"https:\/\/www.hediyepazar.com\/index.php?rest_route=%2Fwp%2Fv2%2Fproduct_cat&post=116666"},{"taxonomy":"product_tag","embeddable":true,"href":"https:\/\/www.hediyepazar.com\/index.php?rest_route=%2Fwp%2Fv2%2Fproduct_tag&post=116666"}],"curies":[{"name":"wp","href":"https:\/\/api.w.org\/{rel}","templated":true}]}}