{"id":116670,"date":"2026-05-05T17:42:19","date_gmt":"2026-05-05T20:42:19","guid":{"rendered":"https:\/\/www.hediyepazar.com\/?product=ev-tipi-profesyonel-tirnak-torpuleme-aleti"},"modified":"2026-05-05T17:42:19","modified_gmt":"2026-05-05T20:42:19","slug":"ev-tipi-profesyonel-tirnak-torpuleme-aleti","status":"publish","type":"product","link":"https:\/\/www.hediyepazar.com\/?product=ev-tipi-profesyonel-tirnak-torpuleme-aleti","title":{"rendered":"Ev Tipi Profesyonel T\u0131rnak T\u00f6rp\u00fcleme Aleti"},"content":{"rendered":"<p>Bu set yaln\u0131zca manik\u00fcr ve pedik\u00fcr i\u00e7in de\u011fil, ayn\u0131 zamanda t\u0131rnak uzant\u0131lar\u0131n\u0131n \u015fekillendirilmesi, akrilik ya da jel t\u0131rnak i\u015flemlerinin d\u00fczeltilmesi gibi profesyonel i\u015flemlerde de kullan\u0131labilir. 6 farkl\u0131 ba\u015fl\u0131k, t\u0131rnak y\u00fczeyi d\u00fczle\u015ftirme, kenarlar\u0131 inceltme, t\u0131rnak eti alma ve parlatma gibi i\u015flemleri m\u00fcmk\u00fcn k\u0131lar. Evde bak\u0131m rutininizi geli\u015ftirmek ve t\u0131rnaklar\u0131n\u0131za hak etti\u011fi \u00f6zeni g\u00f6stermek i\u00e7in ideal bir yard\u0131mc\u0131d\u0131r. H\u0131z ayar\u0131 sayesinde cihaz\u0131n g\u00fcc\u00fcn\u00fc tam kontrol alt\u0131na alarak daha g\u00fcvenli bir kullan\u0131m sa\u011flayabilirsiniz.<\/p>\n","protected":false},"excerpt":{"rendered":"<p>Bu set yaln\u0131zca manik\u00fcr ve pedik\u00fcr i\u00e7in de\u011fil, ayn\u0131 zamanda t\u0131rnak uzant\u0131lar\u0131n\u0131n \u015fekillendirilmesi, akrilik ya da jel t\u0131rnak i\u015flemlerinin d\u00fczeltilmesi gibi profesyonel i\u015flemlerde de kullan\u0131labilir. 6 farkl\u0131 ba\u015fl\u0131k, t\u0131rnak y\u00fczeyi d\u00fczle\u015ftirme, kenarlar\u0131 inceltme, t\u0131rnak eti alma ve parlatma gibi i\u015flemleri m\u00fcmk\u00fcn k\u0131lar. Evde bak\u0131m rutininizi geli\u015ftirmek ve t\u0131rnaklar\u0131n\u0131za hak etti\u011fi \u00f6zeni g\u00f6stermek i\u00e7in ideal bir&#8230;<\/p>\n","protected":false},"featured_media":116669,"comment_status":"open","ping_status":"closed","template":"","meta":{"_kad_post_transparent":"","_kad_post_title":"","_kad_post_layout":"","_kad_post_sidebar_id":"","_kad_post_content_style":"","_kad_post_vertical_padding":"","_kad_post_feature":"","_kad_post_feature_position":"","_kad_post_header":false,"_kad_post_footer":false,"_kad_post_classname":""},"product_brand":[],"product_cat":[14963],"product_tag":[],"class_list":{"0":"post-116670","1":"product","2":"type-product","3":"status-publish","4":"has-post-thumbnail","6":"product_cat-manikur-ve-pedikur-aletleri-manikur-ve-pedikur-aletleri","8":"first","9":"instock","10":"purchasable","11":"product-type-simple","12":"entry","13":"content-bg","14":"loop-entry"},"_links":{"self":[{"href":"https:\/\/www.hediyepazar.com\/index.php?rest_route=\/wp\/v2\/product\/116670","targetHints":{"allow":["GET"]}}],"collection":[{"href":"https:\/\/www.hediyepazar.com\/index.php?rest_route=\/wp\/v2\/product"}],"about":[{"href":"https:\/\/www.hediyepazar.com\/index.php?rest_route=\/wp\/v2\/types\/product"}],"replies":[{"embeddable":true,"href":"https:\/\/www.hediyepazar.com\/index.php?rest_route=%2Fwp%2Fv2%2Fcomments&post=116670"}],"wp:featuredmedia":[{"embeddable":true,"href":"https:\/\/www.hediyepazar.com\/index.php?rest_route=\/wp\/v2\/media\/116669"}],"wp:attachment":[{"href":"https:\/\/www.hediyepazar.com\/index.php?rest_route=%2Fwp%2Fv2%2Fmedia&parent=116670"}],"wp:term":[{"taxonomy":"product_brand","embeddable":true,"href":"https:\/\/www.hediyepazar.com\/index.php?rest_route=%2Fwp%2Fv2%2Fproduct_brand&post=116670"},{"taxonomy":"product_cat","embeddable":true,"href":"https:\/\/www.hediyepazar.com\/index.php?rest_route=%2Fwp%2Fv2%2Fproduct_cat&post=116670"},{"taxonomy":"product_tag","embeddable":true,"href":"https:\/\/www.hediyepazar.com\/index.php?rest_route=%2Fwp%2Fv2%2Fproduct_tag&post=116670"}],"curies":[{"name":"wp","href":"https:\/\/api.w.org\/{rel}","templated":true}]}}