{"id":116672,"date":"2026-05-05T17:42:59","date_gmt":"2026-05-05T20:42:59","guid":{"rendered":"https:\/\/www.hediyepazar.com\/?product=kalem-tipi-sessiz-manikur-pedikur-cihazi"},"modified":"2026-05-05T17:42:59","modified_gmt":"2026-05-05T20:42:59","slug":"kalem-tipi-sessiz-manikur-pedikur-cihazi","status":"publish","type":"product","link":"https:\/\/www.hediyepazar.com\/?product=kalem-tipi-sessiz-manikur-pedikur-cihazi","title":{"rendered":"Kalem Tipi Sessiz Manik\u00fcr Pedik\u00fcr Cihaz\u0131"},"content":{"rendered":"<p>Cihaz\u0131n kalem \u015feklindeki tasar\u0131m\u0131 yaln\u0131zca estetik de\u011fil, ayn\u0131 zamanda i\u015flevsellik sunar. Avu\u00e7 i\u00e7ine rahat\u00e7a oturan formu ve hafif yap\u0131s\u0131yla kullan\u0131m s\u0131ras\u0131nda elinizi yormaz. Titre\u015fimsiz \u00e7al\u0131\u015fmas\u0131 sayesinde hassas b\u00f6lgelerde bile rahatl\u0131kla i\u015flem yapabilirsiniz. Sessiz motor teknolojisi, t\u0131rnak bak\u0131m\u0131n\u0131 keyifli hale getirir. Farkl\u0131 u\u00e7 se\u00e7enekleri sayesinde t\u0131rnak y\u00fczeyini d\u00fczeltmeden t\u0131rnak eti temizli\u011fine kadar geni\u015f bir kullan\u0131m alan\u0131 sunar. RPM ayar\u0131 sayesinde ister g\u00fcnl\u00fck kullan\u0131m ister detayl\u0131 bak\u0131m i\u00e7in ideal h\u0131zda \u00e7al\u0131\u015ft\u0131rabilirsiniz.<\/p>\n","protected":false},"excerpt":{"rendered":"<p>Cihaz\u0131n kalem \u015feklindeki tasar\u0131m\u0131 yaln\u0131zca estetik de\u011fil, ayn\u0131 zamanda i\u015flevsellik sunar. Avu\u00e7 i\u00e7ine rahat\u00e7a oturan formu ve hafif yap\u0131s\u0131yla kullan\u0131m s\u0131ras\u0131nda elinizi yormaz. Titre\u015fimsiz \u00e7al\u0131\u015fmas\u0131 sayesinde hassas b\u00f6lgelerde bile rahatl\u0131kla i\u015flem yapabilirsiniz. Sessiz motor teknolojisi, t\u0131rnak bak\u0131m\u0131n\u0131 keyifli hale getirir. Farkl\u0131 u\u00e7 se\u00e7enekleri sayesinde t\u0131rnak y\u00fczeyini d\u00fczeltmeden t\u0131rnak eti temizli\u011fine kadar geni\u015f bir kullan\u0131m alan\u0131&#8230;<\/p>\n","protected":false},"featured_media":116671,"comment_status":"open","ping_status":"closed","template":"","meta":{"_kad_post_transparent":"","_kad_post_title":"","_kad_post_layout":"","_kad_post_sidebar_id":"","_kad_post_content_style":"","_kad_post_vertical_padding":"","_kad_post_feature":"","_kad_post_feature_position":"","_kad_post_header":false,"_kad_post_footer":false,"_kad_post_classname":""},"product_brand":[],"product_cat":[14963],"product_tag":[],"class_list":{"0":"post-116672","1":"product","2":"type-product","3":"status-publish","4":"has-post-thumbnail","6":"product_cat-manikur-ve-pedikur-aletleri-manikur-ve-pedikur-aletleri","8":"first","9":"instock","10":"purchasable","11":"product-type-simple","12":"entry","13":"content-bg","14":"loop-entry"},"_links":{"self":[{"href":"https:\/\/www.hediyepazar.com\/index.php?rest_route=\/wp\/v2\/product\/116672","targetHints":{"allow":["GET"]}}],"collection":[{"href":"https:\/\/www.hediyepazar.com\/index.php?rest_route=\/wp\/v2\/product"}],"about":[{"href":"https:\/\/www.hediyepazar.com\/index.php?rest_route=\/wp\/v2\/types\/product"}],"replies":[{"embeddable":true,"href":"https:\/\/www.hediyepazar.com\/index.php?rest_route=%2Fwp%2Fv2%2Fcomments&post=116672"}],"wp:featuredmedia":[{"embeddable":true,"href":"https:\/\/www.hediyepazar.com\/index.php?rest_route=\/wp\/v2\/media\/116671"}],"wp:attachment":[{"href":"https:\/\/www.hediyepazar.com\/index.php?rest_route=%2Fwp%2Fv2%2Fmedia&parent=116672"}],"wp:term":[{"taxonomy":"product_brand","embeddable":true,"href":"https:\/\/www.hediyepazar.com\/index.php?rest_route=%2Fwp%2Fv2%2Fproduct_brand&post=116672"},{"taxonomy":"product_cat","embeddable":true,"href":"https:\/\/www.hediyepazar.com\/index.php?rest_route=%2Fwp%2Fv2%2Fproduct_cat&post=116672"},{"taxonomy":"product_tag","embeddable":true,"href":"https:\/\/www.hediyepazar.com\/index.php?rest_route=%2Fwp%2Fv2%2Fproduct_tag&post=116672"}],"curies":[{"name":"wp","href":"https:\/\/api.w.org\/{rel}","templated":true}]}}