{"id":116676,"date":"2026-05-05T17:43:11","date_gmt":"2026-05-05T20:43:11","guid":{"rendered":"https:\/\/www.hediyepazar.com\/?product=elektrikli-manikur-pedikur-torpu-seti-6-baslikli"},"modified":"2026-05-05T17:43:11","modified_gmt":"2026-05-05T20:43:11","slug":"elektrikli-manikur-pedikur-torpu-seti-6-baslikli","status":"publish","type":"product","link":"https:\/\/www.hediyepazar.com\/?product=elektrikli-manikur-pedikur-torpu-seti-6-baslikli","title":{"rendered":"Elektrikli Manik\u00fcr Pedik\u00fcr T\u00f6rp\u00fc Seti 6 Ba\u015fl\u0131kl\u0131"},"content":{"rendered":"<p>Bu elektrikli manik\u00fcr ve pedik\u00fcr cihaz\u0131 sayesinde art\u0131k kuaf\u00f6re gitmeden salon kalitesinde bak\u0131m yapabilirsiniz. T\u0131rnak \u015fekillendirme, t\u00f6rp\u00fcleme, \u00f6l\u00fc deriyi alma ve y\u00fczey parlatma gibi i\u015flemleri kolayca ger\u00e7ekle\u015ftirebilirsiniz. Ergonomik, kalem tipi tasar\u0131m\u0131 sayesinde elde rahat bir tutu\u015f sa\u011flar ve uzun s\u00fcreli kullan\u0131mlarda bile yorgunluk hissi olu\u015fturmaz. D\u00fc\u015f\u00fck ses seviyesi ve titre\u015fimsiz motoruyla konforlu bir kullan\u0131m sunar. 6 farkl\u0131 metal u\u00e7 ve 6 z\u0131mpara band\u0131yla her ihtiyaca uygun profesyonel \u00e7\u00f6z\u00fcmler sunar. 3000-20000 RPM h\u0131z aral\u0131\u011f\u0131 sayesinde her kullan\u0131c\u0131ya hitap eder.<\/p>\n","protected":false},"excerpt":{"rendered":"<p>Bu elektrikli manik\u00fcr ve pedik\u00fcr cihaz\u0131 sayesinde art\u0131k kuaf\u00f6re gitmeden salon kalitesinde bak\u0131m yapabilirsiniz. T\u0131rnak \u015fekillendirme, t\u00f6rp\u00fcleme, \u00f6l\u00fc deriyi alma ve y\u00fczey parlatma gibi i\u015flemleri kolayca ger\u00e7ekle\u015ftirebilirsiniz. Ergonomik, kalem tipi tasar\u0131m\u0131 sayesinde elde rahat bir tutu\u015f sa\u011flar ve uzun s\u00fcreli kullan\u0131mlarda bile yorgunluk hissi olu\u015fturmaz. D\u00fc\u015f\u00fck ses seviyesi ve titre\u015fimsiz motoruyla konforlu bir kullan\u0131m sunar&#8230;.<\/p>\n","protected":false},"featured_media":116675,"comment_status":"open","ping_status":"closed","template":"","meta":{"_kad_post_transparent":"","_kad_post_title":"","_kad_post_layout":"","_kad_post_sidebar_id":"","_kad_post_content_style":"","_kad_post_vertical_padding":"","_kad_post_feature":"","_kad_post_feature_position":"","_kad_post_header":false,"_kad_post_footer":false,"_kad_post_classname":""},"product_brand":[],"product_cat":[14963],"product_tag":[],"class_list":{"0":"post-116676","1":"product","2":"type-product","3":"status-publish","4":"has-post-thumbnail","6":"product_cat-manikur-ve-pedikur-aletleri-manikur-ve-pedikur-aletleri","8":"first","9":"instock","10":"purchasable","11":"product-type-simple","12":"entry","13":"content-bg","14":"loop-entry"},"_links":{"self":[{"href":"https:\/\/www.hediyepazar.com\/index.php?rest_route=\/wp\/v2\/product\/116676","targetHints":{"allow":["GET"]}}],"collection":[{"href":"https:\/\/www.hediyepazar.com\/index.php?rest_route=\/wp\/v2\/product"}],"about":[{"href":"https:\/\/www.hediyepazar.com\/index.php?rest_route=\/wp\/v2\/types\/product"}],"replies":[{"embeddable":true,"href":"https:\/\/www.hediyepazar.com\/index.php?rest_route=%2Fwp%2Fv2%2Fcomments&post=116676"}],"wp:featuredmedia":[{"embeddable":true,"href":"https:\/\/www.hediyepazar.com\/index.php?rest_route=\/wp\/v2\/media\/116675"}],"wp:attachment":[{"href":"https:\/\/www.hediyepazar.com\/index.php?rest_route=%2Fwp%2Fv2%2Fmedia&parent=116676"}],"wp:term":[{"taxonomy":"product_brand","embeddable":true,"href":"https:\/\/www.hediyepazar.com\/index.php?rest_route=%2Fwp%2Fv2%2Fproduct_brand&post=116676"},{"taxonomy":"product_cat","embeddable":true,"href":"https:\/\/www.hediyepazar.com\/index.php?rest_route=%2Fwp%2Fv2%2Fproduct_cat&post=116676"},{"taxonomy":"product_tag","embeddable":true,"href":"https:\/\/www.hediyepazar.com\/index.php?rest_route=%2Fwp%2Fv2%2Fproduct_tag&post=116676"}],"curies":[{"name":"wp","href":"https:\/\/api.w.org\/{rel}","templated":true}]}}