{"id":116678,"date":"2026-05-05T17:43:15","date_gmt":"2026-05-05T20:43:15","guid":{"rendered":"https:\/\/www.hediyepazar.com\/?product=los-isikli-sarjli-ortam-lambasi-kompakt-ve-portatif"},"modified":"2026-05-05T17:43:15","modified_gmt":"2026-05-05T20:43:15","slug":"los-isikli-sarjli-ortam-lambasi-kompakt-ve-portatif","status":"publish","type":"product","link":"https:\/\/www.hediyepazar.com\/?product=los-isikli-sarjli-ortam-lambasi-kompakt-ve-portatif","title":{"rendered":"Lo\u015f I\u015f\u0131kl\u0131 \u015earjl\u0131 Ortam Lambas\u0131 \u2013 Kompakt ve Portatif"},"content":{"rendered":"<p>G\u00fcn bat\u0131m\u0131 projekt\u00f6r lambas\u0131, yaln\u0131zca bir \u0131\u015f\u0131k kayna\u011f\u0131 de\u011fil, ayn\u0131 zamanda yarat\u0131c\u0131 bir dekorasyon \u00f6gesidir. Astronot fig\u00fcr\u00fcyle \u00f6zellikle gen\u00e7ler ve \u00e7ocuklar i\u00e7in ilgi \u00e7ekici bir tasar\u0131ma sahiptir. \u00c7al\u0131\u015fma masas\u0131, kitap okuma k\u00f6\u015fesi ya da yatak yan\u0131 i\u00e7in s\u0131cak bir ayd\u0131nlatma sunar. I\u015f\u0131k a\u00e7\u0131s\u0131 ayarlanabildi\u011fi i\u00e7in istenilen b\u00f6lgeye net \u0131\u015f\u0131k yans\u0131t\u0131r. Foto\u011fraf ve video \u00e7ekimlerinde estetik bir arka plan \u0131\u015f\u0131\u011f\u0131 olarak da kullan\u0131labilir. Ta\u015f\u0131nabilir olu\u015fu sayesinde farkl\u0131 ortamlarda kullanmaya uygundur. Rahatlat\u0131c\u0131 bir ak\u015fam ge\u00e7irmek, film izlemek veya kitap okumak i\u00e7in ideal bir yard\u0131mc\u0131d\u0131r.<\/p>\n","protected":false},"excerpt":{"rendered":"<p>G\u00fcn bat\u0131m\u0131 projekt\u00f6r lambas\u0131, yaln\u0131zca bir \u0131\u015f\u0131k kayna\u011f\u0131 de\u011fil, ayn\u0131 zamanda yarat\u0131c\u0131 bir dekorasyon \u00f6gesidir. Astronot fig\u00fcr\u00fcyle \u00f6zellikle gen\u00e7ler ve \u00e7ocuklar i\u00e7in ilgi \u00e7ekici bir tasar\u0131ma sahiptir. \u00c7al\u0131\u015fma masas\u0131, kitap okuma k\u00f6\u015fesi ya da yatak yan\u0131 i\u00e7in s\u0131cak bir ayd\u0131nlatma sunar. I\u015f\u0131k a\u00e7\u0131s\u0131 ayarlanabildi\u011fi i\u00e7in istenilen b\u00f6lgeye net \u0131\u015f\u0131k yans\u0131t\u0131r. Foto\u011fraf ve video \u00e7ekimlerinde estetik&#8230;<\/p>\n","protected":false},"featured_media":116677,"comment_status":"open","ping_status":"closed","template":"","meta":{"_kad_post_transparent":"","_kad_post_title":"","_kad_post_layout":"","_kad_post_sidebar_id":"","_kad_post_content_style":"","_kad_post_vertical_padding":"","_kad_post_feature":"","_kad_post_feature_position":"","_kad_post_header":false,"_kad_post_footer":false,"_kad_post_classname":""},"product_brand":[],"product_cat":[14967],"product_tag":[],"class_list":{"0":"post-116678","1":"product","2":"type-product","3":"status-publish","4":"has-post-thumbnail","6":"product_cat-gece-lambasi-gece-lambasi","8":"first","9":"instock","10":"purchasable","11":"product-type-simple","12":"entry","13":"content-bg","14":"loop-entry"},"_links":{"self":[{"href":"https:\/\/www.hediyepazar.com\/index.php?rest_route=\/wp\/v2\/product\/116678","targetHints":{"allow":["GET"]}}],"collection":[{"href":"https:\/\/www.hediyepazar.com\/index.php?rest_route=\/wp\/v2\/product"}],"about":[{"href":"https:\/\/www.hediyepazar.com\/index.php?rest_route=\/wp\/v2\/types\/product"}],"replies":[{"embeddable":true,"href":"https:\/\/www.hediyepazar.com\/index.php?rest_route=%2Fwp%2Fv2%2Fcomments&post=116678"}],"wp:featuredmedia":[{"embeddable":true,"href":"https:\/\/www.hediyepazar.com\/index.php?rest_route=\/wp\/v2\/media\/116677"}],"wp:attachment":[{"href":"https:\/\/www.hediyepazar.com\/index.php?rest_route=%2Fwp%2Fv2%2Fmedia&parent=116678"}],"wp:term":[{"taxonomy":"product_brand","embeddable":true,"href":"https:\/\/www.hediyepazar.com\/index.php?rest_route=%2Fwp%2Fv2%2Fproduct_brand&post=116678"},{"taxonomy":"product_cat","embeddable":true,"href":"https:\/\/www.hediyepazar.com\/index.php?rest_route=%2Fwp%2Fv2%2Fproduct_cat&post=116678"},{"taxonomy":"product_tag","embeddable":true,"href":"https:\/\/www.hediyepazar.com\/index.php?rest_route=%2Fwp%2Fv2%2Fproduct_tag&post=116678"}],"curies":[{"name":"wp","href":"https:\/\/api.w.org\/{rel}","templated":true}]}}