{"id":116680,"date":"2026-05-05T17:43:20","date_gmt":"2026-05-05T20:43:20","guid":{"rendered":"https:\/\/www.hediyepazar.com\/?product=dekoratif-gun-batimi-isigi-astronot-figurlu"},"modified":"2026-05-05T17:43:20","modified_gmt":"2026-05-05T20:43:20","slug":"dekoratif-gun-batimi-isigi-astronot-figurlu","status":"publish","type":"product","link":"https:\/\/www.hediyepazar.com\/?product=dekoratif-gun-batimi-isigi-astronot-figurlu","title":{"rendered":"Dekoratif G\u00fcn Bat\u0131m\u0131 I\u015f\u0131\u011f\u0131 \u2013 Astronot Fig\u00fcrl\u00fc"},"content":{"rendered":"<p>\u015earjl\u0131 ve ta\u015f\u0131nabilir yap\u0131s\u0131yla bu projekt\u00f6r lamba, sadece dekoratif de\u011fil ayn\u0131 zamanda fonksiyonel bir gece lambas\u0131d\u0131r. \u00c7ocuk odas\u0131nda gece lambas\u0131 olarak kullan\u0131labilir; yatmadan \u00f6nce lo\u015f bir ayd\u0131nlatma sa\u011flar. Astronot fig\u00fcr\u00fc \u00e7ocuklar\u0131n ilgisini \u00e7ekerken, s\u0131cak LED \u0131\u015f\u0131\u011f\u0131 ile huzurlu bir uyku ortam\u0131 sunar. Ayr\u0131ca masa lambas\u0131 olarak \u00e7al\u0131\u015fma alanlar\u0131nda da kullan\u0131labilir. I\u015f\u0131\u011f\u0131n yans\u0131tt\u0131\u011f\u0131 g\u00fcn bat\u0131m\u0131 efekti, odan\u0131n genel havas\u0131n\u0131 de\u011fi\u015ftirerek hem estetik hem de rahatlat\u0131c\u0131 bir ortam olu\u015fturur. Uzun \u00f6m\u00fcrl\u00fc bataryas\u0131 ve kolay \u015farj edilebilir yap\u0131s\u0131yla pratiklikten \u00f6d\u00fcn vermez.<\/p>\n","protected":false},"excerpt":{"rendered":"<p>\u015earjl\u0131 ve ta\u015f\u0131nabilir yap\u0131s\u0131yla bu projekt\u00f6r lamba, sadece dekoratif de\u011fil ayn\u0131 zamanda fonksiyonel bir gece lambas\u0131d\u0131r. \u00c7ocuk odas\u0131nda gece lambas\u0131 olarak kullan\u0131labilir; yatmadan \u00f6nce lo\u015f bir ayd\u0131nlatma sa\u011flar. Astronot fig\u00fcr\u00fc \u00e7ocuklar\u0131n ilgisini \u00e7ekerken, s\u0131cak LED \u0131\u015f\u0131\u011f\u0131 ile huzurlu bir uyku ortam\u0131 sunar. Ayr\u0131ca masa lambas\u0131 olarak \u00e7al\u0131\u015fma alanlar\u0131nda da kullan\u0131labilir. I\u015f\u0131\u011f\u0131n yans\u0131tt\u0131\u011f\u0131 g\u00fcn bat\u0131m\u0131 efekti,&#8230;<\/p>\n","protected":false},"featured_media":116679,"comment_status":"open","ping_status":"closed","template":"","meta":{"_kad_post_transparent":"","_kad_post_title":"","_kad_post_layout":"","_kad_post_sidebar_id":"","_kad_post_content_style":"","_kad_post_vertical_padding":"","_kad_post_feature":"","_kad_post_feature_position":"","_kad_post_header":false,"_kad_post_footer":false,"_kad_post_classname":""},"product_brand":[],"product_cat":[14967],"product_tag":[],"class_list":{"0":"post-116680","1":"product","2":"type-product","3":"status-publish","4":"has-post-thumbnail","6":"product_cat-gece-lambasi-gece-lambasi","8":"first","9":"instock","10":"purchasable","11":"product-type-simple","12":"entry","13":"content-bg","14":"loop-entry"},"_links":{"self":[{"href":"https:\/\/www.hediyepazar.com\/index.php?rest_route=\/wp\/v2\/product\/116680","targetHints":{"allow":["GET"]}}],"collection":[{"href":"https:\/\/www.hediyepazar.com\/index.php?rest_route=\/wp\/v2\/product"}],"about":[{"href":"https:\/\/www.hediyepazar.com\/index.php?rest_route=\/wp\/v2\/types\/product"}],"replies":[{"embeddable":true,"href":"https:\/\/www.hediyepazar.com\/index.php?rest_route=%2Fwp%2Fv2%2Fcomments&post=116680"}],"wp:featuredmedia":[{"embeddable":true,"href":"https:\/\/www.hediyepazar.com\/index.php?rest_route=\/wp\/v2\/media\/116679"}],"wp:attachment":[{"href":"https:\/\/www.hediyepazar.com\/index.php?rest_route=%2Fwp%2Fv2%2Fmedia&parent=116680"}],"wp:term":[{"taxonomy":"product_brand","embeddable":true,"href":"https:\/\/www.hediyepazar.com\/index.php?rest_route=%2Fwp%2Fv2%2Fproduct_brand&post=116680"},{"taxonomy":"product_cat","embeddable":true,"href":"https:\/\/www.hediyepazar.com\/index.php?rest_route=%2Fwp%2Fv2%2Fproduct_cat&post=116680"},{"taxonomy":"product_tag","embeddable":true,"href":"https:\/\/www.hediyepazar.com\/index.php?rest_route=%2Fwp%2Fv2%2Fproduct_tag&post=116680"}],"curies":[{"name":"wp","href":"https:\/\/api.w.org\/{rel}","templated":true}]}}