{"id":116682,"date":"2026-05-05T17:43:59","date_gmt":"2026-05-05T20:43:59","guid":{"rendered":"https:\/\/www.hediyepazar.com\/?product=360-ayarlanabilir-baslikli-astronot-gece-lambasi"},"modified":"2026-05-05T17:43:59","modified_gmt":"2026-05-05T20:43:59","slug":"360-ayarlanabilir-baslikli-astronot-gece-lambasi","status":"publish","type":"product","link":"https:\/\/www.hediyepazar.com\/?product=360-ayarlanabilir-baslikli-astronot-gece-lambasi","title":{"rendered":"360\u00b0 Ayarlanabilir Ba\u015fl\u0131kl\u0131 Astronot Gece Lambas\u0131"},"content":{"rendered":"<p>Modern i\u00e7 mek\u00e2n dekorasyonlar\u0131na farkl\u0131 bir dokunu\u015f kazand\u0131rmak isteyenler i\u00e7in g\u00fcn bat\u0131m\u0131 projekt\u00f6r lambas\u0131 m\u00fckemmel bir tercihtir. Yumu\u015fak ve s\u0131cak \u0131\u015f\u0131k efekti, klasik \u0131\u015f\u0131kland\u0131rmalardan s\u0131k\u0131lan kullan\u0131c\u0131lar i\u00e7in ferahlat\u0131c\u0131 bir de\u011fi\u015fiklik sunar. \u00d6zellikle Instagram ve sosyal medya i\u00e7erikleri i\u00e7in g\u00f6rsel olarak zengin bir arka plan yarat\u0131r. Parlakl\u0131k seviyesi dokunmatik tu\u015f ile kolayca ayarlanabilir. Y\u00fcksek kaliteli LED teknolojisi, g\u00f6zleri yormadan uzun s\u00fcreli kullan\u0131ma uygundur. 360 derece hareketli ba\u015fl\u0131\u011f\u0131 sayesinde \u0131\u015f\u0131k istedi\u011finiz alana yans\u0131t\u0131l\u0131r. Romantik, rahatlat\u0131c\u0131 veya yarat\u0131c\u0131 bir atmosfer olu\u015fturmak art\u0131k \u00e7ok kolay.<\/p>\n","protected":false},"excerpt":{"rendered":"<p>Modern i\u00e7 mek\u00e2n dekorasyonlar\u0131na farkl\u0131 bir dokunu\u015f kazand\u0131rmak isteyenler i\u00e7in g\u00fcn bat\u0131m\u0131 projekt\u00f6r lambas\u0131 m\u00fckemmel bir tercihtir. Yumu\u015fak ve s\u0131cak \u0131\u015f\u0131k efekti, klasik \u0131\u015f\u0131kland\u0131rmalardan s\u0131k\u0131lan kullan\u0131c\u0131lar i\u00e7in ferahlat\u0131c\u0131 bir de\u011fi\u015fiklik sunar. \u00d6zellikle Instagram ve sosyal medya i\u00e7erikleri i\u00e7in g\u00f6rsel olarak zengin bir arka plan yarat\u0131r. Parlakl\u0131k seviyesi dokunmatik tu\u015f ile kolayca ayarlanabilir. Y\u00fcksek kaliteli LED&#8230;<\/p>\n","protected":false},"featured_media":116681,"comment_status":"open","ping_status":"closed","template":"","meta":{"_kad_post_transparent":"","_kad_post_title":"","_kad_post_layout":"","_kad_post_sidebar_id":"","_kad_post_content_style":"","_kad_post_vertical_padding":"","_kad_post_feature":"","_kad_post_feature_position":"","_kad_post_header":false,"_kad_post_footer":false,"_kad_post_classname":""},"product_brand":[],"product_cat":[14967],"product_tag":[],"class_list":{"0":"post-116682","1":"product","2":"type-product","3":"status-publish","4":"has-post-thumbnail","6":"product_cat-gece-lambasi-gece-lambasi","8":"first","9":"instock","10":"purchasable","11":"product-type-simple","12":"entry","13":"content-bg","14":"loop-entry"},"_links":{"self":[{"href":"https:\/\/www.hediyepazar.com\/index.php?rest_route=\/wp\/v2\/product\/116682","targetHints":{"allow":["GET"]}}],"collection":[{"href":"https:\/\/www.hediyepazar.com\/index.php?rest_route=\/wp\/v2\/product"}],"about":[{"href":"https:\/\/www.hediyepazar.com\/index.php?rest_route=\/wp\/v2\/types\/product"}],"replies":[{"embeddable":true,"href":"https:\/\/www.hediyepazar.com\/index.php?rest_route=%2Fwp%2Fv2%2Fcomments&post=116682"}],"wp:featuredmedia":[{"embeddable":true,"href":"https:\/\/www.hediyepazar.com\/index.php?rest_route=\/wp\/v2\/media\/116681"}],"wp:attachment":[{"href":"https:\/\/www.hediyepazar.com\/index.php?rest_route=%2Fwp%2Fv2%2Fmedia&parent=116682"}],"wp:term":[{"taxonomy":"product_brand","embeddable":true,"href":"https:\/\/www.hediyepazar.com\/index.php?rest_route=%2Fwp%2Fv2%2Fproduct_brand&post=116682"},{"taxonomy":"product_cat","embeddable":true,"href":"https:\/\/www.hediyepazar.com\/index.php?rest_route=%2Fwp%2Fv2%2Fproduct_cat&post=116682"},{"taxonomy":"product_tag","embeddable":true,"href":"https:\/\/www.hediyepazar.com\/index.php?rest_route=%2Fwp%2Fv2%2Fproduct_tag&post=116682"}],"curies":[{"name":"wp","href":"https:\/\/api.w.org\/{rel}","templated":true}]}}