{"id":116684,"date":"2026-05-05T17:44:04","date_gmt":"2026-05-05T20:44:04","guid":{"rendered":"https:\/\/www.hediyepazar.com\/?product=usb-sarjli-tasinabilir-gun-batimi-projektor-lambasi"},"modified":"2026-05-05T17:44:04","modified_gmt":"2026-05-05T20:44:04","slug":"usb-sarjli-tasinabilir-gun-batimi-projektor-lambasi","status":"publish","type":"product","link":"https:\/\/www.hediyepazar.com\/?product=usb-sarjli-tasinabilir-gun-batimi-projektor-lambasi","title":{"rendered":"USB \u015earjl\u0131 Ta\u015f\u0131nabilir G\u00fcn Bat\u0131m\u0131 Projekt\u00f6r Lambas\u0131"},"content":{"rendered":"<p>Kompakt boyutu ve \u015farjl\u0131 yap\u0131s\u0131yla g\u00fcn bat\u0131m\u0131 projekt\u00f6r lambas\u0131, seyahatlerde ya da d\u0131\u015f mek\u00e2n etkinliklerinde de yan\u0131n\u0131zda ta\u015f\u0131yabilece\u011finiz pratik bir \u00fcr\u00fcnd\u00fcr. LED \u0131\u015f\u0131k kayna\u011f\u0131, d\u00fc\u015f\u00fck enerji t\u00fcketimiyle hem ekonomik hem de uzun \u00f6m\u00fcrl\u00fc bir kullan\u0131m sunar. 3-4 saatlik kullan\u0131m s\u00fcresi ile \u00f6zellikle karanl\u0131k ortamlarda konfor sa\u011flar. Astronot temas\u0131, onu s\u0131radan lambalardan ay\u0131r\u0131r; odan\u0131za e\u011flenceli ve yarat\u0131c\u0131 bir hava katar. USB kablosu ile bilgisayar, powerbank ya da adapt\u00f6r \u00fczerinden kolayca \u015farj edilebilir. \u015e\u0131k kutu i\u00e7eri\u011fiyle hediye olarak da harika bir se\u00e7enektir.<\/p>\n","protected":false},"excerpt":{"rendered":"<p>Kompakt boyutu ve \u015farjl\u0131 yap\u0131s\u0131yla g\u00fcn bat\u0131m\u0131 projekt\u00f6r lambas\u0131, seyahatlerde ya da d\u0131\u015f mek\u00e2n etkinliklerinde de yan\u0131n\u0131zda ta\u015f\u0131yabilece\u011finiz pratik bir \u00fcr\u00fcnd\u00fcr. LED \u0131\u015f\u0131k kayna\u011f\u0131, d\u00fc\u015f\u00fck enerji t\u00fcketimiyle hem ekonomik hem de uzun \u00f6m\u00fcrl\u00fc bir kullan\u0131m sunar. 3-4 saatlik kullan\u0131m s\u00fcresi ile \u00f6zellikle karanl\u0131k ortamlarda konfor sa\u011flar. Astronot temas\u0131, onu s\u0131radan lambalardan ay\u0131r\u0131r; odan\u0131za e\u011flenceli ve&#8230;<\/p>\n","protected":false},"featured_media":116683,"comment_status":"open","ping_status":"closed","template":"","meta":{"_kad_post_transparent":"","_kad_post_title":"","_kad_post_layout":"","_kad_post_sidebar_id":"","_kad_post_content_style":"","_kad_post_vertical_padding":"","_kad_post_feature":"","_kad_post_feature_position":"","_kad_post_header":false,"_kad_post_footer":false,"_kad_post_classname":""},"product_brand":[],"product_cat":[14967],"product_tag":[],"class_list":{"0":"post-116684","1":"product","2":"type-product","3":"status-publish","4":"has-post-thumbnail","6":"product_cat-gece-lambasi-gece-lambasi","8":"first","9":"instock","10":"purchasable","11":"product-type-simple","12":"entry","13":"content-bg","14":"loop-entry"},"_links":{"self":[{"href":"https:\/\/www.hediyepazar.com\/index.php?rest_route=\/wp\/v2\/product\/116684","targetHints":{"allow":["GET"]}}],"collection":[{"href":"https:\/\/www.hediyepazar.com\/index.php?rest_route=\/wp\/v2\/product"}],"about":[{"href":"https:\/\/www.hediyepazar.com\/index.php?rest_route=\/wp\/v2\/types\/product"}],"replies":[{"embeddable":true,"href":"https:\/\/www.hediyepazar.com\/index.php?rest_route=%2Fwp%2Fv2%2Fcomments&post=116684"}],"wp:featuredmedia":[{"embeddable":true,"href":"https:\/\/www.hediyepazar.com\/index.php?rest_route=\/wp\/v2\/media\/116683"}],"wp:attachment":[{"href":"https:\/\/www.hediyepazar.com\/index.php?rest_route=%2Fwp%2Fv2%2Fmedia&parent=116684"}],"wp:term":[{"taxonomy":"product_brand","embeddable":true,"href":"https:\/\/www.hediyepazar.com\/index.php?rest_route=%2Fwp%2Fv2%2Fproduct_brand&post=116684"},{"taxonomy":"product_cat","embeddable":true,"href":"https:\/\/www.hediyepazar.com\/index.php?rest_route=%2Fwp%2Fv2%2Fproduct_cat&post=116684"},{"taxonomy":"product_tag","embeddable":true,"href":"https:\/\/www.hediyepazar.com\/index.php?rest_route=%2Fwp%2Fv2%2Fproduct_tag&post=116684"}],"curies":[{"name":"wp","href":"https:\/\/api.w.org\/{rel}","templated":true}]}}