{"id":116686,"date":"2026-05-05T17:44:09","date_gmt":"2026-05-05T20:44:09","guid":{"rendered":"https:\/\/www.hediyepazar.com\/?product=gun-batimi-efekti-sunan-astronot-led-masa-lambasi"},"modified":"2026-05-05T17:44:09","modified_gmt":"2026-05-05T20:44:09","slug":"gun-batimi-efekti-sunan-astronot-led-masa-lambasi","status":"publish","type":"product","link":"https:\/\/www.hediyepazar.com\/?product=gun-batimi-efekti-sunan-astronot-led-masa-lambasi","title":{"rendered":"G\u00fcn Bat\u0131m\u0131 Efekti Sunan Astronot LED Masa Lambas\u0131"},"content":{"rendered":"<p>Farkl\u0131 bir ayd\u0131nlatma deneyimi sunmak isteyenler i\u00e7in tasarlanan bu g\u00fcn bat\u0131m\u0131 efektli LED lamba, astronot fig\u00fcr\u00fcyle dikkat \u00e7eken \u00f6zg\u00fcn bir dekoratif \u00fcr\u00fcnd\u00fcr. G\u00fcn bat\u0131m\u0131 efektiyle lo\u015f ve romantik bir ambiyans yaratarak ortam atmosferini de\u011fi\u015ftirir. \u00d6zellikle dinlenme, meditasyon, film izleme veya foto\u011fraf\/video \u00e7ekimleri i\u00e7in uygun ortam sa\u011flar. 360\u00b0 d\u00f6nebilen ba\u015fl\u0131\u011f\u0131 sayesinde \u0131\u015f\u0131\u011f\u0131 istedi\u011finiz y\u00fczeye yans\u0131tabilirsiniz. Kompakt ve ta\u015f\u0131nabilir yap\u0131s\u0131yla her yere kolayca ta\u015f\u0131nabilir. USB \u015farj ile \u00e7al\u0131\u015fan bu lamba, tam dolumda uzun s\u00fcreli kullan\u0131m sunar. Minimalist tasar\u0131m\u0131 sayesinde her tarza uyum sa\u011flar.<\/p>\n","protected":false},"excerpt":{"rendered":"<p>Farkl\u0131 bir ayd\u0131nlatma deneyimi sunmak isteyenler i\u00e7in tasarlanan bu g\u00fcn bat\u0131m\u0131 efektli LED lamba, astronot fig\u00fcr\u00fcyle dikkat \u00e7eken \u00f6zg\u00fcn bir dekoratif \u00fcr\u00fcnd\u00fcr. G\u00fcn bat\u0131m\u0131 efektiyle lo\u015f ve romantik bir ambiyans yaratarak ortam atmosferini de\u011fi\u015ftirir. \u00d6zellikle dinlenme, meditasyon, film izleme veya foto\u011fraf\/video \u00e7ekimleri i\u00e7in uygun ortam sa\u011flar. 360\u00b0 d\u00f6nebilen ba\u015fl\u0131\u011f\u0131 sayesinde \u0131\u015f\u0131\u011f\u0131 istedi\u011finiz y\u00fczeye yans\u0131tabilirsiniz. Kompakt&#8230;<\/p>\n","protected":false},"featured_media":116685,"comment_status":"open","ping_status":"closed","template":"","meta":{"_kad_post_transparent":"","_kad_post_title":"","_kad_post_layout":"","_kad_post_sidebar_id":"","_kad_post_content_style":"","_kad_post_vertical_padding":"","_kad_post_feature":"","_kad_post_feature_position":"","_kad_post_header":false,"_kad_post_footer":false,"_kad_post_classname":""},"product_brand":[],"product_cat":[14967],"product_tag":[],"class_list":{"0":"post-116686","1":"product","2":"type-product","3":"status-publish","4":"has-post-thumbnail","6":"product_cat-gece-lambasi-gece-lambasi","8":"first","9":"instock","10":"purchasable","11":"product-type-simple","12":"entry","13":"content-bg","14":"loop-entry"},"_links":{"self":[{"href":"https:\/\/www.hediyepazar.com\/index.php?rest_route=\/wp\/v2\/product\/116686","targetHints":{"allow":["GET"]}}],"collection":[{"href":"https:\/\/www.hediyepazar.com\/index.php?rest_route=\/wp\/v2\/product"}],"about":[{"href":"https:\/\/www.hediyepazar.com\/index.php?rest_route=\/wp\/v2\/types\/product"}],"replies":[{"embeddable":true,"href":"https:\/\/www.hediyepazar.com\/index.php?rest_route=%2Fwp%2Fv2%2Fcomments&post=116686"}],"wp:featuredmedia":[{"embeddable":true,"href":"https:\/\/www.hediyepazar.com\/index.php?rest_route=\/wp\/v2\/media\/116685"}],"wp:attachment":[{"href":"https:\/\/www.hediyepazar.com\/index.php?rest_route=%2Fwp%2Fv2%2Fmedia&parent=116686"}],"wp:term":[{"taxonomy":"product_brand","embeddable":true,"href":"https:\/\/www.hediyepazar.com\/index.php?rest_route=%2Fwp%2Fv2%2Fproduct_brand&post=116686"},{"taxonomy":"product_cat","embeddable":true,"href":"https:\/\/www.hediyepazar.com\/index.php?rest_route=%2Fwp%2Fv2%2Fproduct_cat&post=116686"},{"taxonomy":"product_tag","embeddable":true,"href":"https:\/\/www.hediyepazar.com\/index.php?rest_route=%2Fwp%2Fv2%2Fproduct_tag&post=116686"}],"curies":[{"name":"wp","href":"https:\/\/api.w.org\/{rel}","templated":true}]}}