{"id":116688,"date":"2026-05-05T17:44:14","date_gmt":"2026-05-05T20:44:14","guid":{"rendered":"https:\/\/www.hediyepazar.com\/?product=astronot-tasarimli-gun-batimi-efektli-sarjli-led-lamba"},"modified":"2026-05-05T17:44:14","modified_gmt":"2026-05-05T20:44:14","slug":"astronot-tasarimli-gun-batimi-efektli-sarjli-led-lamba","status":"publish","type":"product","link":"https:\/\/www.hediyepazar.com\/?product=astronot-tasarimli-gun-batimi-efektli-sarjli-led-lamba","title":{"rendered":"Astronot Tasar\u0131ml\u0131 G\u00fcn Bat\u0131m\u0131 Efektli \u015earjl\u0131 LED Lamba"},"content":{"rendered":"<p>Astronot tasar\u0131ml\u0131 bu \u015farjl\u0131 lamba, zarif ve s\u0131cak \u0131\u015f\u0131k tonlar\u0131yla \u00f6zellikle yatak odas\u0131, oturma odas\u0131 ve \u00e7al\u0131\u015fma alanlar\u0131 i\u00e7in ideal bir gece lambas\u0131d\u0131r. LED teknolojisi sayesinde enerji tasarrufu sa\u011flarken, lo\u015f ayd\u0131nlatmas\u0131 ile g\u00f6z yormaz. 360 derece d\u00f6nebilen ba\u015fl\u0131\u011f\u0131 sayesinde \u0131\u015f\u0131\u011f\u0131 istedi\u011finiz a\u00e7\u0131ya y\u00f6nlendirebilir, diledi\u011finiz alanda g\u00fcn bat\u0131m\u0131 efekti yaratabilirsiniz. USB ile kolayca \u015farj edilebilen yap\u0131s\u0131 sayesinde hem ta\u015f\u0131nabilir hem de pratik bir kullan\u0131m sunar. Tam dolumda 3-4 saat kesintisiz \u00e7al\u0131\u015f\u0131r. Dokunmatik kontrol paneli ile \u0131\u015f\u0131\u011f\u0131n parlakl\u0131\u011f\u0131 ayarlanabilir. Hem \u015f\u0131k hem i\u015flevsel olan bu \u00fcr\u00fcn, ayn\u0131 zamanda ho\u015f bir hediye se\u00e7ene\u011fidir.<\/p>\n","protected":false},"excerpt":{"rendered":"<p>Astronot tasar\u0131ml\u0131 bu \u015farjl\u0131 lamba, zarif ve s\u0131cak \u0131\u015f\u0131k tonlar\u0131yla \u00f6zellikle yatak odas\u0131, oturma odas\u0131 ve \u00e7al\u0131\u015fma alanlar\u0131 i\u00e7in ideal bir gece lambas\u0131d\u0131r. LED teknolojisi sayesinde enerji tasarrufu sa\u011flarken, lo\u015f ayd\u0131nlatmas\u0131 ile g\u00f6z yormaz. 360 derece d\u00f6nebilen ba\u015fl\u0131\u011f\u0131 sayesinde \u0131\u015f\u0131\u011f\u0131 istedi\u011finiz a\u00e7\u0131ya y\u00f6nlendirebilir, diledi\u011finiz alanda g\u00fcn bat\u0131m\u0131 efekti yaratabilirsiniz. USB ile kolayca \u015farj edilebilen yap\u0131s\u0131&#8230;<\/p>\n","protected":false},"featured_media":116687,"comment_status":"open","ping_status":"closed","template":"","meta":{"_kad_post_transparent":"","_kad_post_title":"","_kad_post_layout":"","_kad_post_sidebar_id":"","_kad_post_content_style":"","_kad_post_vertical_padding":"","_kad_post_feature":"","_kad_post_feature_position":"","_kad_post_header":false,"_kad_post_footer":false,"_kad_post_classname":""},"product_brand":[],"product_cat":[14967],"product_tag":[],"class_list":{"0":"post-116688","1":"product","2":"type-product","3":"status-publish","4":"has-post-thumbnail","6":"product_cat-gece-lambasi-gece-lambasi","8":"first","9":"instock","10":"purchasable","11":"product-type-simple","12":"entry","13":"content-bg","14":"loop-entry"},"_links":{"self":[{"href":"https:\/\/www.hediyepazar.com\/index.php?rest_route=\/wp\/v2\/product\/116688","targetHints":{"allow":["GET"]}}],"collection":[{"href":"https:\/\/www.hediyepazar.com\/index.php?rest_route=\/wp\/v2\/product"}],"about":[{"href":"https:\/\/www.hediyepazar.com\/index.php?rest_route=\/wp\/v2\/types\/product"}],"replies":[{"embeddable":true,"href":"https:\/\/www.hediyepazar.com\/index.php?rest_route=%2Fwp%2Fv2%2Fcomments&post=116688"}],"wp:featuredmedia":[{"embeddable":true,"href":"https:\/\/www.hediyepazar.com\/index.php?rest_route=\/wp\/v2\/media\/116687"}],"wp:attachment":[{"href":"https:\/\/www.hediyepazar.com\/index.php?rest_route=%2Fwp%2Fv2%2Fmedia&parent=116688"}],"wp:term":[{"taxonomy":"product_brand","embeddable":true,"href":"https:\/\/www.hediyepazar.com\/index.php?rest_route=%2Fwp%2Fv2%2Fproduct_brand&post=116688"},{"taxonomy":"product_cat","embeddable":true,"href":"https:\/\/www.hediyepazar.com\/index.php?rest_route=%2Fwp%2Fv2%2Fproduct_cat&post=116688"},{"taxonomy":"product_tag","embeddable":true,"href":"https:\/\/www.hediyepazar.com\/index.php?rest_route=%2Fwp%2Fv2%2Fproduct_tag&post=116688"}],"curies":[{"name":"wp","href":"https:\/\/api.w.org\/{rel}","templated":true}]}}