{"id":116702,"date":"2026-05-05T17:46:05","date_gmt":"2026-05-05T20:46:05","guid":{"rendered":"https:\/\/www.hediyepazar.com\/?product=abs-govdeli-300ml-usb-nemlendirici-beyaz-gri-pembe-renk"},"modified":"2026-05-05T17:46:05","modified_gmt":"2026-05-05T20:46:05","slug":"abs-govdeli-300ml-usb-nemlendirici-beyaz-gri-pembe-renk","status":"publish","type":"product","link":"https:\/\/www.hediyepazar.com\/?product=abs-govdeli-300ml-usb-nemlendirici-beyaz-gri-pembe-renk","title":{"rendered":"ABS G\u00f6vdeli 300ml USB Nemlendirici \u2013 Beyaz Gri Pembe Renk"},"content":{"rendered":"<p>Kompakt boyutlar\u0131 ve kolay kullan\u0131m\u0131yla ta\u015f\u0131nabilir nemlendirici, ki\u015fisel alanlarda rahatl\u0131kla kullan\u0131labilir. Ofis, yatak odas\u0131 veya seyahatlerde tercih edilebilir. 300 ml hazne kapasitesi ile saatte 30-45 ml nem \u00fcreten cihaz, 4 ila 6 saat \u00e7al\u0131\u015fabilir. DC5.0V\/1.0A g\u00fc\u00e7le \u00e7al\u0131\u015fan cihaz\u0131n maksimum verimle \u00e7al\u0131\u015fabilmesi i\u00e7in yaln\u0131zca ar\u0131t\u0131lm\u0131\u015f su kullan\u0131lmas\u0131 \u00f6nerilir. Aksi takdirde cihaz\u0131n i\u00e7 mekanizmas\u0131 zarar g\u00f6rebilir ve garanti kapsam\u0131 d\u0131\u015f\u0131nda kalabilir. Su bazl\u0131 esanslar kullan\u0131lacaksa miktar 3-5 damlay\u0131 ge\u00e7memelidir. Buhar performans\u0131 azald\u0131\u011f\u0131nda filtre kontrol edilmeli ve gerekiyorsa de\u011fi\u015fim yap\u0131lmal\u0131d\u0131r. I\u015f\u0131k modu, beyaz sabit \u0131\u015f\u0131k ve renk ge\u00e7i\u015fli RGB se\u00e7enekleri sunar. D\u00fc\u015f\u00fck su seviyesi alg\u0131land\u0131\u011f\u0131nda cihaz otomatik olarak kapanarak g\u00fcvenli\u011fi sa\u011flar. Malzeme kalitesi olarak ABS plastik ve yumu\u015fak silikon tercih edilmi\u015ftir. Cihaz, pembe, beyaz ve gri olmak \u00fczere \u00fc\u00e7 renk se\u00e7ene\u011fine sahiptir.<\/p>\n","protected":false},"excerpt":{"rendered":"<p>Kompakt boyutlar\u0131 ve kolay kullan\u0131m\u0131yla ta\u015f\u0131nabilir nemlendirici, ki\u015fisel alanlarda rahatl\u0131kla kullan\u0131labilir. Ofis, yatak odas\u0131 veya seyahatlerde tercih edilebilir. 300 ml hazne kapasitesi ile saatte 30-45 ml nem \u00fcreten cihaz, 4 ila 6 saat \u00e7al\u0131\u015fabilir. DC5.0V\/1.0A g\u00fc\u00e7le \u00e7al\u0131\u015fan cihaz\u0131n maksimum verimle \u00e7al\u0131\u015fabilmesi i\u00e7in yaln\u0131zca ar\u0131t\u0131lm\u0131\u015f su kullan\u0131lmas\u0131 \u00f6nerilir. Aksi takdirde cihaz\u0131n i\u00e7 mekanizmas\u0131 zarar g\u00f6rebilir ve&#8230;<\/p>\n","protected":false},"featured_media":116701,"comment_status":"open","ping_status":"closed","template":"","meta":{"_kad_post_transparent":"","_kad_post_title":"","_kad_post_layout":"","_kad_post_sidebar_id":"","_kad_post_content_style":"","_kad_post_vertical_padding":"","_kad_post_feature":"","_kad_post_feature_position":"","_kad_post_header":false,"_kad_post_footer":false,"_kad_post_classname":""},"product_brand":[],"product_cat":[14965],"product_tag":[],"class_list":{"0":"post-116702","1":"product","2":"type-product","3":"status-publish","4":"has-post-thumbnail","6":"product_cat-hava-nemlendirici-hava-nemlendirici","8":"first","9":"instock","10":"purchasable","11":"product-type-simple","12":"entry","13":"content-bg","14":"loop-entry"},"_links":{"self":[{"href":"https:\/\/www.hediyepazar.com\/index.php?rest_route=\/wp\/v2\/product\/116702","targetHints":{"allow":["GET"]}}],"collection":[{"href":"https:\/\/www.hediyepazar.com\/index.php?rest_route=\/wp\/v2\/product"}],"about":[{"href":"https:\/\/www.hediyepazar.com\/index.php?rest_route=\/wp\/v2\/types\/product"}],"replies":[{"embeddable":true,"href":"https:\/\/www.hediyepazar.com\/index.php?rest_route=%2Fwp%2Fv2%2Fcomments&post=116702"}],"wp:featuredmedia":[{"embeddable":true,"href":"https:\/\/www.hediyepazar.com\/index.php?rest_route=\/wp\/v2\/media\/116701"}],"wp:attachment":[{"href":"https:\/\/www.hediyepazar.com\/index.php?rest_route=%2Fwp%2Fv2%2Fmedia&parent=116702"}],"wp:term":[{"taxonomy":"product_brand","embeddable":true,"href":"https:\/\/www.hediyepazar.com\/index.php?rest_route=%2Fwp%2Fv2%2Fproduct_brand&post=116702"},{"taxonomy":"product_cat","embeddable":true,"href":"https:\/\/www.hediyepazar.com\/index.php?rest_route=%2Fwp%2Fv2%2Fproduct_cat&post=116702"},{"taxonomy":"product_tag","embeddable":true,"href":"https:\/\/www.hediyepazar.com\/index.php?rest_route=%2Fwp%2Fv2%2Fproduct_tag&post=116702"}],"curies":[{"name":"wp","href":"https:\/\/api.w.org\/{rel}","templated":true}]}}