{"id":116710,"date":"2026-05-05T17:47:56","date_gmt":"2026-05-05T20:47:56","guid":{"rendered":"https:\/\/www.hediyepazar.com\/?product=led-isikli-sessiz-masaustu-nemlendirici-3-buhar-modu"},"modified":"2026-05-05T17:47:56","modified_gmt":"2026-05-05T20:47:56","slug":"led-isikli-sessiz-masaustu-nemlendirici-3-buhar-modu","status":"publish","type":"product","link":"https:\/\/www.hediyepazar.com\/?product=led-isikli-sessiz-masaustu-nemlendirici-3-buhar-modu","title":{"rendered":"LED I\u015f\u0131kl\u0131 Sessiz Masa\u00fcst\u00fc Nemlendirici \u2013 3 Buhar Modu"},"content":{"rendered":"<p>Bu ta\u015f\u0131nabilir nemlendirici, sessiz \u00e7al\u0131\u015fmas\u0131 ve kolay kullan\u0131m\u0131 ile farkl\u0131 ortamlarda tercih edilebilir. Ofis, yatak odas\u0131 ya da seyahat s\u0131ras\u0131nda kullan\u0131labilecek \u015fekilde tasarlanm\u0131\u015ft\u0131r. 119 mm y\u00fcksekli\u011fe ve 78 mm \u00e7apa sahip olan cihaz, masa \u00fczerinde fazla yer kaplamaz. 300 ml kapasiteye sahip su haznesi ile 4 ila 6 saat boyunca s\u00fcrekli ya da aral\u0131kl\u0131 buhar yayabilir. 5V USB ba\u011flant\u0131s\u0131 ile \u00e7al\u0131\u015fan cihaz, d\u00fc\u015f\u00fck enerji t\u00fcketimi sa\u011flar. Kullan\u0131m s\u0131ras\u0131nda yaln\u0131zca ar\u0131t\u0131lm\u0131\u015f su \u00f6nerilir. Musluk suyu ya da uygun olmayan ya\u011f kullan\u0131m\u0131 cihaz\u0131n \u00f6mr\u00fcn\u00fc k\u0131saltabilir. E\u011fer koku eklenmek istenirse, yaln\u0131zca alkol veya su bazl\u0131 esansiyel ya\u011flar kullan\u0131lmal\u0131 ve 3-5 damlay\u0131 ge\u00e7memelidir. \u00dcr\u00fcn, \u0131\u015f\u0131k modlar\u0131yla da kullan\u0131c\u0131ya estetik bir ortam sa\u011flar. RGB ge\u00e7i\u015fli ve sabit beyaz \u0131\u015f\u0131k modlar\u0131 mevcuttur. I\u015f\u0131k kapat\u0131lmak istendi\u011finde de tek tu\u015fla kolayca kontrol sa\u011flanabilir. G\u00fcvenli kullan\u0131m i\u00e7in d\u00fc\u015f\u00fck su seviyelerinde otomatik kapanma \u00f6zelli\u011fi bulunur. \u00dcr\u00fcn\u00fcn d\u0131\u015f g\u00f6vdesi ABS plastikten yap\u0131lm\u0131\u015ft\u0131r ve dayan\u0131kl\u0131 yap\u0131dad\u0131r.<\/p>\n","protected":false},"excerpt":{"rendered":"<p>Bu ta\u015f\u0131nabilir nemlendirici, sessiz \u00e7al\u0131\u015fmas\u0131 ve kolay kullan\u0131m\u0131 ile farkl\u0131 ortamlarda tercih edilebilir. Ofis, yatak odas\u0131 ya da seyahat s\u0131ras\u0131nda kullan\u0131labilecek \u015fekilde tasarlanm\u0131\u015ft\u0131r. 119 mm y\u00fcksekli\u011fe ve 78 mm \u00e7apa sahip olan cihaz, masa \u00fczerinde fazla yer kaplamaz. 300 ml kapasiteye sahip su haznesi ile 4 ila 6 saat boyunca s\u00fcrekli ya da aral\u0131kl\u0131 buhar&#8230;<\/p>\n","protected":false},"featured_media":116709,"comment_status":"open","ping_status":"closed","template":"","meta":{"_kad_post_transparent":"","_kad_post_title":"","_kad_post_layout":"","_kad_post_sidebar_id":"","_kad_post_content_style":"","_kad_post_vertical_padding":"","_kad_post_feature":"","_kad_post_feature_position":"","_kad_post_header":false,"_kad_post_footer":false,"_kad_post_classname":""},"product_brand":[],"product_cat":[14965],"product_tag":[],"class_list":{"0":"post-116710","1":"product","2":"type-product","3":"status-publish","4":"has-post-thumbnail","6":"product_cat-hava-nemlendirici-hava-nemlendirici","8":"first","9":"instock","10":"purchasable","11":"product-type-simple","12":"entry","13":"content-bg","14":"loop-entry"},"_links":{"self":[{"href":"https:\/\/www.hediyepazar.com\/index.php?rest_route=\/wp\/v2\/product\/116710","targetHints":{"allow":["GET"]}}],"collection":[{"href":"https:\/\/www.hediyepazar.com\/index.php?rest_route=\/wp\/v2\/product"}],"about":[{"href":"https:\/\/www.hediyepazar.com\/index.php?rest_route=\/wp\/v2\/types\/product"}],"replies":[{"embeddable":true,"href":"https:\/\/www.hediyepazar.com\/index.php?rest_route=%2Fwp%2Fv2%2Fcomments&post=116710"}],"wp:featuredmedia":[{"embeddable":true,"href":"https:\/\/www.hediyepazar.com\/index.php?rest_route=\/wp\/v2\/media\/116709"}],"wp:attachment":[{"href":"https:\/\/www.hediyepazar.com\/index.php?rest_route=%2Fwp%2Fv2%2Fmedia&parent=116710"}],"wp:term":[{"taxonomy":"product_brand","embeddable":true,"href":"https:\/\/www.hediyepazar.com\/index.php?rest_route=%2Fwp%2Fv2%2Fproduct_brand&post=116710"},{"taxonomy":"product_cat","embeddable":true,"href":"https:\/\/www.hediyepazar.com\/index.php?rest_route=%2Fwp%2Fv2%2Fproduct_cat&post=116710"},{"taxonomy":"product_tag","embeddable":true,"href":"https:\/\/www.hediyepazar.com\/index.php?rest_route=%2Fwp%2Fv2%2Fproduct_tag&post=116710"}],"curies":[{"name":"wp","href":"https:\/\/api.w.org\/{rel}","templated":true}]}}