{"id":116716,"date":"2026-05-05T17:48:14","date_gmt":"2026-05-05T20:48:14","guid":{"rendered":"https:\/\/www.hediyepazar.com\/?product=tuy-ve-tiftik-temizleyici-3-bicakli-200ml-kapasiteli"},"modified":"2026-05-05T17:48:14","modified_gmt":"2026-05-05T20:48:14","slug":"tuy-ve-tiftik-temizleyici-3-bicakli-200ml-kapasiteli","status":"publish","type":"product","link":"https:\/\/www.hediyepazar.com\/?product=tuy-ve-tiftik-temizleyici-3-bicakli-200ml-kapasiteli","title":{"rendered":"T\u00fcy ve Tiftik Temizleyici \u2013 3 B\u0131\u00e7akl\u0131 200ml Kapasiteli"},"content":{"rendered":"<p>Pamuk Tiftik T\u00fcy Temizleme Toplama Makinesi, giysilerinizi temiz ve bak\u0131ml\u0131 tutmak isteyenler i\u00e7in ideal bir cihazd\u0131r. 5W motor g\u00fcc\u00fc ile \u00e7al\u0131\u015fan bu model, 3 b\u0131\u00e7akl\u0131 sistemiyle giysi y\u00fczeyindeki t\u00fcyleri ve tiftikleri etkili bir \u015fekilde keser. 200ml haznesi sayesinde s\u0131k bo\u015faltma gerektirmez. 130x60x67mm boyutlar\u0131 sayesinde son derece kompakt ve hafiftir. Ergonomik tutu\u015fu sayesinde uzun s\u00fcreli kullan\u0131mda bile rahatl\u0131k sa\u011flar. Cihaz\u0131n kullan\u0131m\u0131 olduk\u00e7a basittir; tek tu\u015fla a\u00e7ma\/kapama \u00f6zelli\u011fine sahiptir. G\u00f6mlek, kazak, pantolon, koltuk kuma\u015f\u0131 gibi \u00e7e\u015fitli y\u00fczeylerde g\u00fcvenle kullan\u0131labilir. 3 b\u0131\u00e7akl\u0131 kesim mekanizmas\u0131 kuma\u015flara zarar vermez. Temizlik i\u015flemi sonras\u0131 hazne kolayl\u0131kla bo\u015falt\u0131labilir. Seyahatler i\u00e7in uygun olan bu model, ta\u015f\u0131mas\u0131 kolay yap\u0131s\u0131yla her zaman yan\u0131n\u0131zda olabilir. Cihaz\u0131n sundu\u011fu pratik kullan\u0131m ve y\u00fcksek verimlilik, g\u00fcnl\u00fck ya\u015famda b\u00fcy\u00fck kolayl\u0131k sa\u011flar. Giysilerinizi yenilenmi\u015f gibi g\u00f6sterir ve taze bir g\u00f6r\u00fcn\u00fcm sunar.<\/p>\n","protected":false},"excerpt":{"rendered":"<p>Pamuk Tiftik T\u00fcy Temizleme Toplama Makinesi, giysilerinizi temiz ve bak\u0131ml\u0131 tutmak isteyenler i\u00e7in ideal bir cihazd\u0131r. 5W motor g\u00fcc\u00fc ile \u00e7al\u0131\u015fan bu model, 3 b\u0131\u00e7akl\u0131 sistemiyle giysi y\u00fczeyindeki t\u00fcyleri ve tiftikleri etkili bir \u015fekilde keser. 200ml haznesi sayesinde s\u0131k bo\u015faltma gerektirmez. 130x60x67mm boyutlar\u0131 sayesinde son derece kompakt ve hafiftir. Ergonomik tutu\u015fu sayesinde uzun s\u00fcreli kullan\u0131mda&#8230;<\/p>\n","protected":false},"featured_media":116715,"comment_status":"open","ping_status":"closed","template":"","meta":{"_kad_post_transparent":"","_kad_post_title":"","_kad_post_layout":"","_kad_post_sidebar_id":"","_kad_post_content_style":"","_kad_post_vertical_padding":"","_kad_post_feature":"","_kad_post_feature_position":"","_kad_post_header":false,"_kad_post_footer":false,"_kad_post_classname":""},"product_brand":[],"product_cat":[15006],"product_tag":[],"class_list":{"0":"post-116716","1":"product","2":"type-product","3":"status-publish","4":"has-post-thumbnail","6":"product_cat-tuy-toplayici-tuy-toplayici","8":"first","9":"instock","10":"purchasable","11":"product-type-simple","12":"entry","13":"content-bg","14":"loop-entry"},"_links":{"self":[{"href":"https:\/\/www.hediyepazar.com\/index.php?rest_route=\/wp\/v2\/product\/116716","targetHints":{"allow":["GET"]}}],"collection":[{"href":"https:\/\/www.hediyepazar.com\/index.php?rest_route=\/wp\/v2\/product"}],"about":[{"href":"https:\/\/www.hediyepazar.com\/index.php?rest_route=\/wp\/v2\/types\/product"}],"replies":[{"embeddable":true,"href":"https:\/\/www.hediyepazar.com\/index.php?rest_route=%2Fwp%2Fv2%2Fcomments&post=116716"}],"wp:featuredmedia":[{"embeddable":true,"href":"https:\/\/www.hediyepazar.com\/index.php?rest_route=\/wp\/v2\/media\/116715"}],"wp:attachment":[{"href":"https:\/\/www.hediyepazar.com\/index.php?rest_route=%2Fwp%2Fv2%2Fmedia&parent=116716"}],"wp:term":[{"taxonomy":"product_brand","embeddable":true,"href":"https:\/\/www.hediyepazar.com\/index.php?rest_route=%2Fwp%2Fv2%2Fproduct_brand&post=116716"},{"taxonomy":"product_cat","embeddable":true,"href":"https:\/\/www.hediyepazar.com\/index.php?rest_route=%2Fwp%2Fv2%2Fproduct_cat&post=116716"},{"taxonomy":"product_tag","embeddable":true,"href":"https:\/\/www.hediyepazar.com\/index.php?rest_route=%2Fwp%2Fv2%2Fproduct_tag&post=116716"}],"curies":[{"name":"wp","href":"https:\/\/api.w.org\/{rel}","templated":true}]}}