{"id":116718,"date":"2026-05-05T17:48:20","date_gmt":"2026-05-05T20:48:20","guid":{"rendered":"https:\/\/www.hediyepazar.com\/?product=tasinabilir-tiftik-temizleme-makinesi-ergonomik-tasarim"},"modified":"2026-05-05T17:48:20","modified_gmt":"2026-05-05T20:48:20","slug":"tasinabilir-tiftik-temizleme-makinesi-ergonomik-tasarim","status":"publish","type":"product","link":"https:\/\/www.hediyepazar.com\/?product=tasinabilir-tiftik-temizleme-makinesi-ergonomik-tasarim","title":{"rendered":"Ta\u015f\u0131nabilir Tiftik Temizleme Makinesi \u2013 Ergonomik Tasar\u0131m"},"content":{"rendered":"<p>Giysilerinizin y\u00fczeyinde biriken t\u00fcy ve tiftiklerden kurtulmak i\u00e7in pratik bir \u00e7\u00f6z\u00fcm sunan Pamuk Tiftik T\u00fcy Temizleme Toplama Makinesi, g\u00fc\u00e7l\u00fc ve etkili performans\u0131yla \u00f6ne \u00e7\u0131kar. Cihaz\u0131n 5W motor g\u00fcc\u00fc, 3 b\u0131\u00e7akl\u0131 kesme sistemi ile birle\u015ferek etkili bir temizlik sa\u011flar. 200ml kapasiteli haznesi sayesinde uzun s\u00fcre bo\u015faltma gerektirmez. 130x60x67mm \u00f6l\u00e7\u00fcleriyle ta\u015f\u0131nabilirli\u011fi \u00f6n planda tutar. Cihaz\u0131n ergonomik yap\u0131s\u0131, elinize kolayca oturur ve kullan\u0131m s\u0131ras\u0131nda rahatl\u0131k sa\u011flar. Tek tu\u015fla a\u00e7\u0131l\u0131p kapanabilen basit tasar\u0131m\u0131 sayesinde herkes taraf\u0131ndan kolayca kullan\u0131labilir. Giysilerdeki t\u00fcylenmeleri ortadan kald\u0131rarak daha d\u00fczg\u00fcn ve temiz bir g\u00f6r\u00fcn\u00fcm elde etmenizi sa\u011flar. K\u0131\u015fl\u0131k k\u0131yafetler, kazaklar, y\u00fcnl\u00fc kuma\u015flar gibi bir\u00e7ok farkl\u0131 y\u00fczeyde kullan\u0131labilir. \u00dcr\u00fcn, hem ev i\u00e7inde hem de seyahatlerde kullan\u0131ma uygundur. Haznesi \u00e7\u0131kar\u0131l\u0131p temizlenebilir yap\u0131dad\u0131r. Enerji verimlili\u011fi y\u00fcksek olan cihaz, d\u00fczenli kullan\u0131mda giysilerin \u00f6mr\u00fcn\u00fc uzat\u0131r.<\/p>\n","protected":false},"excerpt":{"rendered":"<p>Giysilerinizin y\u00fczeyinde biriken t\u00fcy ve tiftiklerden kurtulmak i\u00e7in pratik bir \u00e7\u00f6z\u00fcm sunan Pamuk Tiftik T\u00fcy Temizleme Toplama Makinesi, g\u00fc\u00e7l\u00fc ve etkili performans\u0131yla \u00f6ne \u00e7\u0131kar. Cihaz\u0131n 5W motor g\u00fcc\u00fc, 3 b\u0131\u00e7akl\u0131 kesme sistemi ile birle\u015ferek etkili bir temizlik sa\u011flar. 200ml kapasiteli haznesi sayesinde uzun s\u00fcre bo\u015faltma gerektirmez. 130x60x67mm \u00f6l\u00e7\u00fcleriyle ta\u015f\u0131nabilirli\u011fi \u00f6n planda tutar. Cihaz\u0131n ergonomik yap\u0131s\u0131,&#8230;<\/p>\n","protected":false},"featured_media":116717,"comment_status":"open","ping_status":"closed","template":"","meta":{"_kad_post_transparent":"","_kad_post_title":"","_kad_post_layout":"","_kad_post_sidebar_id":"","_kad_post_content_style":"","_kad_post_vertical_padding":"","_kad_post_feature":"","_kad_post_feature_position":"","_kad_post_header":false,"_kad_post_footer":false,"_kad_post_classname":""},"product_brand":[],"product_cat":[15006],"product_tag":[],"class_list":{"0":"post-116718","1":"product","2":"type-product","3":"status-publish","4":"has-post-thumbnail","6":"product_cat-tuy-toplayici-tuy-toplayici","8":"first","9":"instock","10":"purchasable","11":"product-type-simple","12":"entry","13":"content-bg","14":"loop-entry"},"_links":{"self":[{"href":"https:\/\/www.hediyepazar.com\/index.php?rest_route=\/wp\/v2\/product\/116718","targetHints":{"allow":["GET"]}}],"collection":[{"href":"https:\/\/www.hediyepazar.com\/index.php?rest_route=\/wp\/v2\/product"}],"about":[{"href":"https:\/\/www.hediyepazar.com\/index.php?rest_route=\/wp\/v2\/types\/product"}],"replies":[{"embeddable":true,"href":"https:\/\/www.hediyepazar.com\/index.php?rest_route=%2Fwp%2Fv2%2Fcomments&post=116718"}],"wp:featuredmedia":[{"embeddable":true,"href":"https:\/\/www.hediyepazar.com\/index.php?rest_route=\/wp\/v2\/media\/116717"}],"wp:attachment":[{"href":"https:\/\/www.hediyepazar.com\/index.php?rest_route=%2Fwp%2Fv2%2Fmedia&parent=116718"}],"wp:term":[{"taxonomy":"product_brand","embeddable":true,"href":"https:\/\/www.hediyepazar.com\/index.php?rest_route=%2Fwp%2Fv2%2Fproduct_brand&post=116718"},{"taxonomy":"product_cat","embeddable":true,"href":"https:\/\/www.hediyepazar.com\/index.php?rest_route=%2Fwp%2Fv2%2Fproduct_cat&post=116718"},{"taxonomy":"product_tag","embeddable":true,"href":"https:\/\/www.hediyepazar.com\/index.php?rest_route=%2Fwp%2Fv2%2Fproduct_tag&post=116718"}],"curies":[{"name":"wp","href":"https:\/\/api.w.org\/{rel}","templated":true}]}}