{"id":116720,"date":"2026-05-05T17:48:58","date_gmt":"2026-05-05T20:48:58","guid":{"rendered":"https:\/\/www.hediyepazar.com\/?product=130x60x67mm-boyutlu-giysi-temizleme-makinesi-5w-guc"},"modified":"2026-05-05T17:48:58","modified_gmt":"2026-05-05T20:48:58","slug":"130x60x67mm-boyutlu-giysi-temizleme-makinesi-5w-guc","status":"publish","type":"product","link":"https:\/\/www.hediyepazar.com\/?product=130x60x67mm-boyutlu-giysi-temizleme-makinesi-5w-guc","title":{"rendered":"130x60x67mm Boyutlu Giysi Temizleme Makinesi \u2013 5W G\u00fc\u00e7"},"content":{"rendered":"<p>Giysilerinizdeki t\u00fcy ve tiftikleri temizlemek art\u0131k \u00e7ok daha pratik hale geliyor. Pamuk Tiftik T\u00fcy Temizleme Makinesi, etkili temizlik performans\u0131 ve ta\u015f\u0131nabilir yap\u0131s\u0131yla g\u00fcnl\u00fck kullan\u0131m i\u00e7in idealdir. 5 Watt g\u00fcc\u00fcndeki motoruyla \u00e7al\u0131\u015f\u0131rken 3 b\u0131\u00e7akl\u0131 sistemi sayesinde kuma\u015f \u00fczerindeki istenmeyen tiftikleri keserek toplar. 200ml\u2019lik haznesi uzun s\u00fcreli kullan\u0131mda s\u0131k bo\u015faltma ihtiyac\u0131n\u0131 ortadan kald\u0131r\u0131r. \u00dcr\u00fcn yaln\u0131zca 130x60x67mm boyutlar\u0131ndad\u0131r, bu da onu olduk\u00e7a kompakt ve ta\u015f\u0131nabilir k\u0131lar. Hem evde hem d\u0131\u015far\u0131da kullan\u0131labilir. \u00dcr\u00fcn tek tu\u015fla \u00e7al\u0131\u015ft\u0131r\u0131l\u0131r; kullan\u0131c\u0131 dostu ve basit bir aray\u00fcze sahiptir. Ergonomik tutu\u015f sa\u011flayan tasar\u0131m\u0131 sayesinde elinizde kaymaz ve uzun s\u00fcreli kullan\u0131mlarda bile rahats\u0131zl\u0131k vermez. Giysilerinizi ilk g\u00fcnk\u00fc gibi d\u00fczg\u00fcn ve temiz tutar. \u00d6zellikle k\u0131\u015fl\u0131k kuma\u015flar, y\u00fcnl\u00fc giysiler ve koltuk kuma\u015flar\u0131 i\u00e7in uygundur. Teknik detaylara bakt\u0131\u011f\u0131m\u0131zda cihaz\u0131n 5W motor g\u00fcc\u00fcne sahip oldu\u011fu, 3 b\u0131\u00e7akla etkili temizlik sa\u011flad\u0131\u011f\u0131 ve 200ml haznesi ile uzun s\u00fcreli temizlik sundu\u011fu g\u00f6r\u00fclmektedir.<\/p>\n","protected":false},"excerpt":{"rendered":"<p>Giysilerinizdeki t\u00fcy ve tiftikleri temizlemek art\u0131k \u00e7ok daha pratik hale geliyor. Pamuk Tiftik T\u00fcy Temizleme Makinesi, etkili temizlik performans\u0131 ve ta\u015f\u0131nabilir yap\u0131s\u0131yla g\u00fcnl\u00fck kullan\u0131m i\u00e7in idealdir. 5 Watt g\u00fcc\u00fcndeki motoruyla \u00e7al\u0131\u015f\u0131rken 3 b\u0131\u00e7akl\u0131 sistemi sayesinde kuma\u015f \u00fczerindeki istenmeyen tiftikleri keserek toplar. 200ml\u2019lik haznesi uzun s\u00fcreli kullan\u0131mda s\u0131k bo\u015faltma ihtiyac\u0131n\u0131 ortadan kald\u0131r\u0131r. \u00dcr\u00fcn yaln\u0131zca 130x60x67mm boyutlar\u0131ndad\u0131r,&#8230;<\/p>\n","protected":false},"featured_media":116719,"comment_status":"open","ping_status":"closed","template":"","meta":{"_kad_post_transparent":"","_kad_post_title":"","_kad_post_layout":"","_kad_post_sidebar_id":"","_kad_post_content_style":"","_kad_post_vertical_padding":"","_kad_post_feature":"","_kad_post_feature_position":"","_kad_post_header":false,"_kad_post_footer":false,"_kad_post_classname":""},"product_brand":[],"product_cat":[15006],"product_tag":[],"class_list":{"0":"post-116720","1":"product","2":"type-product","3":"status-publish","4":"has-post-thumbnail","6":"product_cat-tuy-toplayici-tuy-toplayici","8":"first","9":"instock","10":"purchasable","11":"product-type-simple","12":"entry","13":"content-bg","14":"loop-entry"},"_links":{"self":[{"href":"https:\/\/www.hediyepazar.com\/index.php?rest_route=\/wp\/v2\/product\/116720","targetHints":{"allow":["GET"]}}],"collection":[{"href":"https:\/\/www.hediyepazar.com\/index.php?rest_route=\/wp\/v2\/product"}],"about":[{"href":"https:\/\/www.hediyepazar.com\/index.php?rest_route=\/wp\/v2\/types\/product"}],"replies":[{"embeddable":true,"href":"https:\/\/www.hediyepazar.com\/index.php?rest_route=%2Fwp%2Fv2%2Fcomments&post=116720"}],"wp:featuredmedia":[{"embeddable":true,"href":"https:\/\/www.hediyepazar.com\/index.php?rest_route=\/wp\/v2\/media\/116719"}],"wp:attachment":[{"href":"https:\/\/www.hediyepazar.com\/index.php?rest_route=%2Fwp%2Fv2%2Fmedia&parent=116720"}],"wp:term":[{"taxonomy":"product_brand","embeddable":true,"href":"https:\/\/www.hediyepazar.com\/index.php?rest_route=%2Fwp%2Fv2%2Fproduct_brand&post=116720"},{"taxonomy":"product_cat","embeddable":true,"href":"https:\/\/www.hediyepazar.com\/index.php?rest_route=%2Fwp%2Fv2%2Fproduct_cat&post=116720"},{"taxonomy":"product_tag","embeddable":true,"href":"https:\/\/www.hediyepazar.com\/index.php?rest_route=%2Fwp%2Fv2%2Fproduct_tag&post=116720"}],"curies":[{"name":"wp","href":"https:\/\/api.w.org\/{rel}","templated":true}]}}