{"id":116724,"date":"2026-05-05T17:49:58","date_gmt":"2026-05-05T20:49:58","guid":{"rendered":"https:\/\/www.hediyepazar.com\/?product=pamuk-tiftik-tuy-temizleme-makinesi-5w-3-bicakli-sistem"},"modified":"2026-05-05T17:49:58","modified_gmt":"2026-05-05T20:49:58","slug":"pamuk-tiftik-tuy-temizleme-makinesi-5w-3-bicakli-sistem","status":"publish","type":"product","link":"https:\/\/www.hediyepazar.com\/?product=pamuk-tiftik-tuy-temizleme-makinesi-5w-3-bicakli-sistem","title":{"rendered":"Pamuk Tiftik T\u00fcy Temizleme Makinesi 5W \u2013 3 B\u0131\u00e7akl\u0131 Sistem"},"content":{"rendered":"<p>Pamuk Tiftik T\u00fcy Temizleme Toplama Makinesi, giysilerinizde ve kuma\u015f y\u00fczeylerde biriken tiftikleri ve t\u00fcyleri etkili \u015fekilde temizler. 130x60x67mm boyutlar\u0131 ile kompakt yap\u0131s\u0131 sayesinde kolayca ta\u015f\u0131nabilir. Ev kullan\u0131m\u0131 d\u0131\u015f\u0131nda seyahatlerde de rahatl\u0131kla kullan\u0131labilir. Cihaz, 5 Watt motor g\u00fcc\u00fcne sahip olup, 3 b\u0131\u00e7akl\u0131 temizleme sistemiyle t\u00fcyleri h\u0131zl\u0131ca keser ve haznede toplar. Bu sistem, kuma\u015flara zarar vermeden temizleme imk\u00e2n\u0131 sunar. 200ml kapasiteli haznesi, s\u0131k bo\u015faltma gerektirmeden uzun s\u00fcreli kullan\u0131m sa\u011flar. Ergonomik tasar\u0131m\u0131 sayesinde rahat tutu\u015f sunar ve kullan\u0131m s\u00fcresince el yorgunlu\u011fu olu\u015fturmaz. Tek tu\u015fla a\u00e7\u0131l\u0131p kapanabilen bu cihaz, pratikli\u011fi ile \u00f6n plana \u00e7\u0131kar. Giysilerinizi daha uzun \u00f6m\u00fcrl\u00fc hale getirirken her zaman d\u00fczg\u00fcn ve temiz bir g\u00f6r\u00fcn\u00fcm sa\u011flar. G\u00f6mlek, kazak, ceket gibi farkl\u0131 kuma\u015f t\u00fcrlerinde kullan\u0131labilir. Teknik \u00f6zellikleri aras\u0131nda 3 b\u0131\u00e7akl\u0131 sistem, 5W motor g\u00fcc\u00fc ve geni\u015f hazne yer almaktad\u0131r. Kullan\u0131m sonras\u0131 hazne kolayca bo\u015falt\u0131labilir ve temizlenebilir. Cihaz\u0131n boyutlar\u0131 sayesinde \u00e7ekmecede veya \u00e7antada rahatl\u0131kla saklanabilir.<\/p>\n","protected":false},"excerpt":{"rendered":"<p>Pamuk Tiftik T\u00fcy Temizleme Toplama Makinesi, giysilerinizde ve kuma\u015f y\u00fczeylerde biriken tiftikleri ve t\u00fcyleri etkili \u015fekilde temizler. 130x60x67mm boyutlar\u0131 ile kompakt yap\u0131s\u0131 sayesinde kolayca ta\u015f\u0131nabilir. Ev kullan\u0131m\u0131 d\u0131\u015f\u0131nda seyahatlerde de rahatl\u0131kla kullan\u0131labilir. Cihaz, 5 Watt motor g\u00fcc\u00fcne sahip olup, 3 b\u0131\u00e7akl\u0131 temizleme sistemiyle t\u00fcyleri h\u0131zl\u0131ca keser ve haznede toplar. Bu sistem, kuma\u015flara zarar vermeden temizleme&#8230;<\/p>\n","protected":false},"featured_media":116723,"comment_status":"open","ping_status":"closed","template":"","meta":{"_kad_post_transparent":"","_kad_post_title":"","_kad_post_layout":"","_kad_post_sidebar_id":"","_kad_post_content_style":"","_kad_post_vertical_padding":"","_kad_post_feature":"","_kad_post_feature_position":"","_kad_post_header":false,"_kad_post_footer":false,"_kad_post_classname":""},"product_brand":[],"product_cat":[15006],"product_tag":[],"class_list":{"0":"post-116724","1":"product","2":"type-product","3":"status-publish","4":"has-post-thumbnail","6":"product_cat-tuy-toplayici-tuy-toplayici","8":"first","9":"instock","10":"purchasable","11":"product-type-simple","12":"entry","13":"content-bg","14":"loop-entry"},"_links":{"self":[{"href":"https:\/\/www.hediyepazar.com\/index.php?rest_route=\/wp\/v2\/product\/116724","targetHints":{"allow":["GET"]}}],"collection":[{"href":"https:\/\/www.hediyepazar.com\/index.php?rest_route=\/wp\/v2\/product"}],"about":[{"href":"https:\/\/www.hediyepazar.com\/index.php?rest_route=\/wp\/v2\/types\/product"}],"replies":[{"embeddable":true,"href":"https:\/\/www.hediyepazar.com\/index.php?rest_route=%2Fwp%2Fv2%2Fcomments&post=116724"}],"wp:featuredmedia":[{"embeddable":true,"href":"https:\/\/www.hediyepazar.com\/index.php?rest_route=\/wp\/v2\/media\/116723"}],"wp:attachment":[{"href":"https:\/\/www.hediyepazar.com\/index.php?rest_route=%2Fwp%2Fv2%2Fmedia&parent=116724"}],"wp:term":[{"taxonomy":"product_brand","embeddable":true,"href":"https:\/\/www.hediyepazar.com\/index.php?rest_route=%2Fwp%2Fv2%2Fproduct_brand&post=116724"},{"taxonomy":"product_cat","embeddable":true,"href":"https:\/\/www.hediyepazar.com\/index.php?rest_route=%2Fwp%2Fv2%2Fproduct_cat&post=116724"},{"taxonomy":"product_tag","embeddable":true,"href":"https:\/\/www.hediyepazar.com\/index.php?rest_route=%2Fwp%2Fv2%2Fproduct_tag&post=116724"}],"curies":[{"name":"wp","href":"https:\/\/api.w.org\/{rel}","templated":true}]}}