{"id":116734,"date":"2026-05-05T17:51:08","date_gmt":"2026-05-05T20:51:08","guid":{"rendered":"https:\/\/www.hediyepazar.com\/?product=wifi6-ve-bluetooth-5-4-destekli-led-projektor-hcs350pro"},"modified":"2026-05-05T17:51:08","modified_gmt":"2026-05-05T20:51:08","slug":"wifi6-ve-bluetooth-5-4-destekli-led-projektor-hcs350pro","status":"publish","type":"product","link":"https:\/\/www.hediyepazar.com\/?product=wifi6-ve-bluetooth-5-4-destekli-led-projektor-hcs350pro","title":{"rendered":"WiFi6 ve Bluetooth 5.4 Destekli LED Projekt\u00f6r &#8211; HCS350pro"},"content":{"rendered":"<p>HCS350pro projekt\u00f6r, ev e\u011flencesini ta\u015f\u0131nabilir bir hale getirmek isteyen kullan\u0131c\u0131lar i\u00e7in geli\u015ftirilmi\u015ftir. 1080P Full HD yerel \u00e7\u00f6z\u00fcn\u00fcrl\u00fckle g\u00f6r\u00fcnt\u00fcler net ve detayl\u0131 \u015fekilde yans\u0131t\u0131l\u0131rken, 450 ANSI l\u00fcmen parlakl\u0131k ile g\u00fcnd\u00fcz kullan\u0131m\u0131 da m\u00fcmk\u00fcnd\u00fcr. LED \u0131\u015f\u0131k teknolojisi, daha uzun \u00f6m\u00fcrl\u00fc kullan\u0131m ve daha az enerji t\u00fcketimi sunar. 1.5 kg a\u011f\u0131rl\u0131\u011f\u0131ndaki hafif yap\u0131s\u0131 sayesinde hem evde hem de d\u0131\u015f mekanlarda rahatl\u0131kla kullan\u0131labilir. Android 11 i\u015fletim sistemi sayesinde \u00e7e\u015fitli uygulamalar do\u011frudan projekt\u00f6r \u00fczerinden \u00e7al\u0131\u015ft\u0131r\u0131labilir. 1 GB RAM ve 8 GB dahili haf\u0131za, i\u00e7eriklerin ve uygulamalar\u0131n kolayca depolanmas\u0131n\u0131 sa\u011flar. WiFi6 teknolojisi daha h\u0131zl\u0131 internet ba\u011flant\u0131s\u0131 sunarken Bluetooth 5.4 deste\u011fi, kablosuz kulakl\u0131k ve hoparl\u00f6r ba\u011flant\u0131s\u0131n\u0131 m\u00fcmk\u00fcn k\u0131lar. Ak\u0131ll\u0131 telefonlar ve tabletlerden kablosuz ekran yans\u0131tma \u00f6zelli\u011fi sayesinde i\u00e7erikler kolayca payla\u015f\u0131labilir. 4500&#8217;den fazla yerle\u015fik retro oyun, e\u011flenceli bir oyun deneyimi sunar. Oyunlar herhangi bir harici konsol gerektirmeden projekt\u00f6rde oynanabilir. 4K video deste\u011fi, daha y\u00fcksek \u00e7\u00f6z\u00fcn\u00fcrl\u00fckte i\u00e7erikleri yans\u0131tma imkan\u0131 verir. Netflix, YouTube gibi platformlara do\u011frudan eri\u015fim sa\u011flayan multimedya aray\u00fcz\u00fc ile kullan\u0131c\u0131lar diledikleri i\u00e7eriklere kolayl\u0131kla ula\u015fabilir. \u00c7oklu dil deste\u011fi ile farkl\u0131 kullan\u0131c\u0131 profilleri i\u00e7in kolay kullan\u0131m sunan cihaz, 2 y\u0131ll\u0131k garanti ile g\u00fcvenli bir al\u0131\u015fveri\u015f sa\u011flar. HCS350pro, film, sunum ve oyun i\u00e7in ideal bir \u00e7\u00f6z\u00fcmd\u00fcr.<\/p>\n","protected":false},"excerpt":{"rendered":"<p>HCS350pro projekt\u00f6r, ev e\u011flencesini ta\u015f\u0131nabilir bir hale getirmek isteyen kullan\u0131c\u0131lar i\u00e7in geli\u015ftirilmi\u015ftir. 1080P Full HD yerel \u00e7\u00f6z\u00fcn\u00fcrl\u00fckle g\u00f6r\u00fcnt\u00fcler net ve detayl\u0131 \u015fekilde yans\u0131t\u0131l\u0131rken, 450 ANSI l\u00fcmen parlakl\u0131k ile g\u00fcnd\u00fcz kullan\u0131m\u0131 da m\u00fcmk\u00fcnd\u00fcr. LED \u0131\u015f\u0131k teknolojisi, daha uzun \u00f6m\u00fcrl\u00fc kullan\u0131m ve daha az enerji t\u00fcketimi sunar. 1.5 kg a\u011f\u0131rl\u0131\u011f\u0131ndaki hafif yap\u0131s\u0131 sayesinde hem evde hem de&#8230;<\/p>\n","protected":false},"featured_media":116733,"comment_status":"open","ping_status":"closed","template":"","meta":{"_kad_post_transparent":"","_kad_post_title":"","_kad_post_layout":"","_kad_post_sidebar_id":"","_kad_post_content_style":"","_kad_post_vertical_padding":"","_kad_post_feature":"","_kad_post_feature_position":"","_kad_post_header":false,"_kad_post_footer":false,"_kad_post_classname":""},"product_brand":[],"product_cat":[14905],"product_tag":[],"class_list":{"0":"post-116734","1":"product","2":"type-product","3":"status-publish","4":"has-post-thumbnail","6":"product_cat-projeksiyon-projeksiyon","8":"first","9":"instock","10":"purchasable","11":"product-type-simple","12":"entry","13":"content-bg","14":"loop-entry"},"_links":{"self":[{"href":"https:\/\/www.hediyepazar.com\/index.php?rest_route=\/wp\/v2\/product\/116734","targetHints":{"allow":["GET"]}}],"collection":[{"href":"https:\/\/www.hediyepazar.com\/index.php?rest_route=\/wp\/v2\/product"}],"about":[{"href":"https:\/\/www.hediyepazar.com\/index.php?rest_route=\/wp\/v2\/types\/product"}],"replies":[{"embeddable":true,"href":"https:\/\/www.hediyepazar.com\/index.php?rest_route=%2Fwp%2Fv2%2Fcomments&post=116734"}],"wp:featuredmedia":[{"embeddable":true,"href":"https:\/\/www.hediyepazar.com\/index.php?rest_route=\/wp\/v2\/media\/116733"}],"wp:attachment":[{"href":"https:\/\/www.hediyepazar.com\/index.php?rest_route=%2Fwp%2Fv2%2Fmedia&parent=116734"}],"wp:term":[{"taxonomy":"product_brand","embeddable":true,"href":"https:\/\/www.hediyepazar.com\/index.php?rest_route=%2Fwp%2Fv2%2Fproduct_brand&post=116734"},{"taxonomy":"product_cat","embeddable":true,"href":"https:\/\/www.hediyepazar.com\/index.php?rest_route=%2Fwp%2Fv2%2Fproduct_cat&post=116734"},{"taxonomy":"product_tag","embeddable":true,"href":"https:\/\/www.hediyepazar.com\/index.php?rest_route=%2Fwp%2Fv2%2Fproduct_tag&post=116734"}],"curies":[{"name":"wp","href":"https:\/\/api.w.org\/{rel}","templated":true}]}}