{"id":116738,"date":"2026-05-05T17:51:21","date_gmt":"2026-05-05T20:51:21","guid":{"rendered":"https:\/\/www.hediyepazar.com\/?product=sarjli-titanyum-bicakli-sac-ve-sakal-kesme-makinesi"},"modified":"2026-05-05T17:51:21","modified_gmt":"2026-05-05T20:51:21","slug":"sarjli-titanyum-bicakli-sac-ve-sakal-kesme-makinesi","status":"publish","type":"product","link":"https:\/\/www.hediyepazar.com\/?product=sarjli-titanyum-bicakli-sac-ve-sakal-kesme-makinesi","title":{"rendered":"\u015earjl\u0131 Titanyum B\u0131\u00e7akl\u0131 Sa\u00e7 ve Sakal Kesme Makinesi"},"content":{"rendered":"<p>Bu \u015farjl\u0131 sa\u00e7 kesme makinesi, evde ya da profesyonel ortamda rahatl\u0131kla kullanabilece\u011finiz g\u00fc\u00e7l\u00fc ve kompakt bir bak\u0131m cihaz\u0131d\u0131r. Titanyum ala\u015f\u0131ml\u0131 b\u0131\u00e7aklar\u0131, keskinli\u011fi ve dayan\u0131kl\u0131l\u0131\u011f\u0131 ile \u00f6ne \u00e7\u0131karken; al\u00fcminyum g\u00f6vdesi sayesinde hafif, sa\u011flam ve uzun \u00f6m\u00fcrl\u00fc bir kullan\u0131m sunar. Minimum 0,5 mm\u2019den maksimum 10 mm\u2019ye kadar farkl\u0131 kesim se\u00e7enekleri sunan \u00fcr\u00fcn, hem sa\u00e7 hem de sakal \u015fekillendirme konusunda olduk\u00e7a ba\u015far\u0131l\u0131d\u0131r.\u00dcr\u00fcnle birlikte gelen 4 farkl\u0131 s\u0131n\u0131r tara\u011f\u0131 (1.5 mm, 2 mm, 3 mm, 4 mm), ki\u015fisel tercihlere g\u00f6re farkl\u0131 boyutlarda kesim yapman\u0131za imk\u00e2n tan\u0131r. G\u00fc\u00e7l\u00fc vibrasyon motoru, p\u00fcr\u00fczs\u00fcz ve tak\u0131lma yapmadan \u00e7al\u0131\u015fan bir kesim performans\u0131 sunarken; d\u00fc\u015f\u00fck titre\u015fimli yap\u0131s\u0131 sayesinde kullan\u0131c\u0131 konforunu da ihmal etmez. 1-1.5 saat gibi k\u0131sa bir s\u00fcrede tamamen \u015farj olabilen bu cihaz, tek \u015farjla 2-2.5 saat aral\u0131ks\u0131z kullan\u0131m s\u00fcresi sa\u011flar.Temizlik a\u00e7\u0131s\u0131ndan da olduk\u00e7a pratik olan bu makine, yan\u0131nda gelen f\u0131r\u00e7as\u0131 sayesinde kolayca hijyenik hale getirilebilir. B\u0131\u00e7aklardaki t\u00fcy ve sa\u00e7 birikintilerini zahmetsizce temizleyebilirsiniz. Ayr\u0131ca, \u00fcr\u00fcn su s\u0131\u00e7ramalar\u0131na kar\u015f\u0131 dayan\u0131kl\u0131d\u0131r; yaln\u0131zca tamamen suya bat\u0131r\u0131lmamas\u0131 \u00f6nerilir. Kullan\u0131lmad\u0131\u011f\u0131nda koruyucu k\u0131l\u0131f\u0131 sayesinde g\u00fcvenli bi\u00e7imde saklanabilir.USB \u015farj \u00f6zelli\u011fi sayesinde farkl\u0131 ortamlarda \u015farj etmeniz olduk\u00e7a kolayd\u0131r. Kompakt boyutlar\u0131 ve hafif tasar\u0131m\u0131 sayesinde seyahatlerde yan\u0131n\u0131zda ta\u015f\u0131yabilece\u011finiz ideal bir bak\u0131m \u00e7\u00f6z\u00fcm\u00fcd\u00fcr. Hem estetik hem de fonksiyonel bu \u015farjl\u0131 sa\u00e7 kesme makinesi, ki\u015fisel bak\u0131m\u0131na \u00f6nem veren herkesin ihtiya\u00e7lar\u0131n\u0131 eksiksiz kar\u015f\u0131lar.<\/p>\n","protected":false},"excerpt":{"rendered":"<p>Bu \u015farjl\u0131 sa\u00e7 kesme makinesi, evde ya da profesyonel ortamda rahatl\u0131kla kullanabilece\u011finiz g\u00fc\u00e7l\u00fc ve kompakt bir bak\u0131m cihaz\u0131d\u0131r. Titanyum ala\u015f\u0131ml\u0131 b\u0131\u00e7aklar\u0131, keskinli\u011fi ve dayan\u0131kl\u0131l\u0131\u011f\u0131 ile \u00f6ne \u00e7\u0131karken; al\u00fcminyum g\u00f6vdesi sayesinde hafif, sa\u011flam ve uzun \u00f6m\u00fcrl\u00fc bir kullan\u0131m sunar. Minimum 0,5 mm\u2019den maksimum 10 mm\u2019ye kadar farkl\u0131 kesim se\u00e7enekleri sunan \u00fcr\u00fcn, hem sa\u00e7 hem de sakal&#8230;<\/p>\n","protected":false},"featured_media":116737,"comment_status":"open","ping_status":"closed","template":"","meta":{"_kad_post_transparent":"","_kad_post_title":"","_kad_post_layout":"","_kad_post_sidebar_id":"","_kad_post_content_style":"","_kad_post_vertical_padding":"","_kad_post_feature":"","_kad_post_feature_position":"","_kad_post_header":false,"_kad_post_footer":false,"_kad_post_classname":""},"product_brand":[],"product_cat":[14925],"product_tag":[],"class_list":{"0":"post-116738","1":"product","2":"type-product","3":"status-publish","4":"has-post-thumbnail","6":"product_cat-tiras-makinesi-tiras-makinesi","8":"first","9":"instock","10":"purchasable","11":"product-type-simple","12":"entry","13":"content-bg","14":"loop-entry"},"_links":{"self":[{"href":"https:\/\/www.hediyepazar.com\/index.php?rest_route=\/wp\/v2\/product\/116738","targetHints":{"allow":["GET"]}}],"collection":[{"href":"https:\/\/www.hediyepazar.com\/index.php?rest_route=\/wp\/v2\/product"}],"about":[{"href":"https:\/\/www.hediyepazar.com\/index.php?rest_route=\/wp\/v2\/types\/product"}],"replies":[{"embeddable":true,"href":"https:\/\/www.hediyepazar.com\/index.php?rest_route=%2Fwp%2Fv2%2Fcomments&post=116738"}],"wp:featuredmedia":[{"embeddable":true,"href":"https:\/\/www.hediyepazar.com\/index.php?rest_route=\/wp\/v2\/media\/116737"}],"wp:attachment":[{"href":"https:\/\/www.hediyepazar.com\/index.php?rest_route=%2Fwp%2Fv2%2Fmedia&parent=116738"}],"wp:term":[{"taxonomy":"product_brand","embeddable":true,"href":"https:\/\/www.hediyepazar.com\/index.php?rest_route=%2Fwp%2Fv2%2Fproduct_brand&post=116738"},{"taxonomy":"product_cat","embeddable":true,"href":"https:\/\/www.hediyepazar.com\/index.php?rest_route=%2Fwp%2Fv2%2Fproduct_cat&post=116738"},{"taxonomy":"product_tag","embeddable":true,"href":"https:\/\/www.hediyepazar.com\/index.php?rest_route=%2Fwp%2Fv2%2Fproduct_tag&post=116738"}],"curies":[{"name":"wp","href":"https:\/\/api.w.org\/{rel}","templated":true}]}}