{"id":116742,"date":"2026-05-05T17:53:15","date_gmt":"2026-05-05T20:53:15","guid":{"rendered":"https:\/\/www.hediyepazar.com\/?product=4-baslikli-suya-dayanikli-sac-kesme-makinesi"},"modified":"2026-05-05T17:53:15","modified_gmt":"2026-05-05T20:53:15","slug":"4-baslikli-suya-dayanikli-sac-kesme-makinesi","status":"publish","type":"product","link":"https:\/\/www.hediyepazar.com\/?product=4-baslikli-suya-dayanikli-sac-kesme-makinesi","title":{"rendered":"4 Ba\u015fl\u0131kl\u0131 Suya Dayan\u0131kl\u0131 Sa\u00e7 Kesme Makinesi"},"content":{"rendered":"<p>Salon kalitesinde sonu\u00e7lar sunan bu \u015farjl\u0131 sa\u00e7 kesme makinesi, evde profesyonel bak\u0131m yapmak isteyenler i\u00e7in \u00f6zel olarak tasarlanm\u0131\u015ft\u0131r. Titanyum ala\u015f\u0131ml\u0131 b\u0131\u00e7aklar\u0131 uzun s\u00fcre keskinli\u011fini korur ve her kullan\u0131mda temiz, d\u00fczg\u00fcn bir kesim sa\u011flar. Cihaz, 0.5 mm&#8217;den ba\u015flayan hassas ayarlarla sakal \u00e7izgisi belirlemek ya da sa\u00e7 detaylar\u0131n\u0131 \u015fekillendirmek i\u00e7in idealdir.Titre\u015fim motoru, sabit ve verimli \u00e7al\u0131\u015f\u0131r. Cihaz\u0131n sessizli\u011fi ve titre\u015fim kontrol\u00fc sayesinde \u00e7ocuklar ve hassas kullan\u0131c\u0131lar i\u00e7in de uygundur. 3\u20134 farkl\u0131 nozul sayesinde farkl\u0131 uzunluklarda kesim yap\u0131labilir. Bu da makineyi yaln\u0131zca sa\u00e7 ve sakal i\u00e7in de\u011fil, ense t\u0131ra\u015f\u0131 ve favori d\u00fczeltme i\u00e7in de uygun hale getirir.Kullan\u0131m s\u00fcresi 2 saate kadar \u00e7\u0131karken, USB \u015farj kablosu sayesinde farkl\u0131 g\u00fc\u00e7 kaynaklar\u0131ndan kolayca \u015farj edilebilir. Su s\u0131\u00e7ramas\u0131na dayan\u0131kl\u0131 yap\u0131s\u0131 temizlik kolayl\u0131\u011f\u0131 sa\u011flar. Temizlik f\u0131r\u00e7as\u0131 ve koruyucu ba\u015fl\u0131\u011f\u0131 sayesinde hem hijyenik kullan\u0131m sunar hem de cihaz\u0131n \u00f6mr\u00fcn\u00fc uzat\u0131r.<\/p>\n","protected":false},"excerpt":{"rendered":"<p>Salon kalitesinde sonu\u00e7lar sunan bu \u015farjl\u0131 sa\u00e7 kesme makinesi, evde profesyonel bak\u0131m yapmak isteyenler i\u00e7in \u00f6zel olarak tasarlanm\u0131\u015ft\u0131r. Titanyum ala\u015f\u0131ml\u0131 b\u0131\u00e7aklar\u0131 uzun s\u00fcre keskinli\u011fini korur ve her kullan\u0131mda temiz, d\u00fczg\u00fcn bir kesim sa\u011flar. Cihaz, 0.5 mm&#8217;den ba\u015flayan hassas ayarlarla sakal \u00e7izgisi belirlemek ya da sa\u00e7 detaylar\u0131n\u0131 \u015fekillendirmek i\u00e7in idealdir.Titre\u015fim motoru, sabit ve verimli \u00e7al\u0131\u015f\u0131r. Cihaz\u0131n&#8230;<\/p>\n","protected":false},"featured_media":116741,"comment_status":"open","ping_status":"closed","template":"","meta":{"_kad_post_transparent":"","_kad_post_title":"","_kad_post_layout":"","_kad_post_sidebar_id":"","_kad_post_content_style":"","_kad_post_vertical_padding":"","_kad_post_feature":"","_kad_post_feature_position":"","_kad_post_header":false,"_kad_post_footer":false,"_kad_post_classname":""},"product_brand":[],"product_cat":[14925],"product_tag":[],"class_list":{"0":"post-116742","1":"product","2":"type-product","3":"status-publish","4":"has-post-thumbnail","6":"product_cat-tiras-makinesi-tiras-makinesi","8":"first","9":"instock","10":"purchasable","11":"product-type-simple","12":"entry","13":"content-bg","14":"loop-entry"},"_links":{"self":[{"href":"https:\/\/www.hediyepazar.com\/index.php?rest_route=\/wp\/v2\/product\/116742","targetHints":{"allow":["GET"]}}],"collection":[{"href":"https:\/\/www.hediyepazar.com\/index.php?rest_route=\/wp\/v2\/product"}],"about":[{"href":"https:\/\/www.hediyepazar.com\/index.php?rest_route=\/wp\/v2\/types\/product"}],"replies":[{"embeddable":true,"href":"https:\/\/www.hediyepazar.com\/index.php?rest_route=%2Fwp%2Fv2%2Fcomments&post=116742"}],"wp:featuredmedia":[{"embeddable":true,"href":"https:\/\/www.hediyepazar.com\/index.php?rest_route=\/wp\/v2\/media\/116741"}],"wp:attachment":[{"href":"https:\/\/www.hediyepazar.com\/index.php?rest_route=%2Fwp%2Fv2%2Fmedia&parent=116742"}],"wp:term":[{"taxonomy":"product_brand","embeddable":true,"href":"https:\/\/www.hediyepazar.com\/index.php?rest_route=%2Fwp%2Fv2%2Fproduct_brand&post=116742"},{"taxonomy":"product_cat","embeddable":true,"href":"https:\/\/www.hediyepazar.com\/index.php?rest_route=%2Fwp%2Fv2%2Fproduct_cat&post=116742"},{"taxonomy":"product_tag","embeddable":true,"href":"https:\/\/www.hediyepazar.com\/index.php?rest_route=%2Fwp%2Fv2%2Fproduct_tag&post=116742"}],"curies":[{"name":"wp","href":"https:\/\/api.w.org\/{rel}","templated":true}]}}