{"id":116744,"date":"2026-05-05T17:55:07","date_gmt":"2026-05-05T20:55:07","guid":{"rendered":"https:\/\/www.hediyepazar.com\/?product=usb-sarjli-kablosuz-sac-kesme-cihazi"},"modified":"2026-05-05T17:55:07","modified_gmt":"2026-05-05T20:55:07","slug":"usb-sarjli-kablosuz-sac-kesme-cihazi","status":"publish","type":"product","link":"https:\/\/www.hediyepazar.com\/?product=usb-sarjli-kablosuz-sac-kesme-cihazi","title":{"rendered":"USB \u015earjl\u0131 Kablosuz Sa\u00e7 Kesme Cihaz\u0131"},"content":{"rendered":"<p>G\u00fcnl\u00fck sa\u00e7 ve sakal bak\u0131m\u0131n\u0131 tek bir cihazla yapmak isteyen kullan\u0131c\u0131lar i\u00e7in bu \u00e7ok i\u015flevli t\u0131ra\u015f makinesi m\u00fckemmel bir \u00e7\u00f6z\u00fcm sunuyor. 4 farkl\u0131 tarak ba\u015fl\u0131\u011f\u0131, titanyum b\u0131\u00e7aklar ve g\u00fc\u00e7l\u00fc vibrasyon motoruyla, farkl\u0131 sa\u00e7 ve sakal uzunluklar\u0131na uygun kesimler yapabilirsiniz. \u00d6zellikle 0.5 mm\u2019den ba\u015flayan minimum kesim uzunlu\u011fu, keskin detaylar ve temiz t\u0131ra\u015f \u00e7izgileri i\u00e7in idealdir.USB \u015farj \u00f6zelli\u011fi sayesinde evde, i\u015f yerinde ya da seyahatte kullan\u0131m\u0131 kolayla\u015ft\u0131r\u0131r. Tek \u015farjla 2 saat kullan\u0131m imk\u00e2n\u0131 sunan cihaz, kablosuz yap\u0131s\u0131yla \u00f6zg\u00fcrce hareket etmenizi sa\u011flar. Ayr\u0131ca, ergonomik tasar\u0131m\u0131 sayesinde elinize rahat\u00e7a oturur ve uzun s\u00fcreli kullan\u0131mlarda bile elinizi yormaz.Cihaz su s\u0131\u00e7ramalar\u0131na kar\u015f\u0131 dayan\u0131kl\u0131 oldu\u011fu i\u00e7in \u0131slak bezle silinerek kolayca temizlenebilir. Temizlik f\u0131r\u00e7as\u0131, b\u0131\u00e7aklar aras\u0131nda biriken sa\u00e7lar\u0131 etkili \u015fekilde temizler. Cihaz\u0131n yan\u0131nda gelen k\u0131l\u0131f sayesinde g\u00fcvenli \u015fekilde ta\u015f\u0131nabilir. Al\u00fcminyum g\u00f6vdesi sayesinde hem sa\u011flam hem hafif bir yap\u0131ya sahiptir.<\/p>\n","protected":false},"excerpt":{"rendered":"<p>G\u00fcnl\u00fck sa\u00e7 ve sakal bak\u0131m\u0131n\u0131 tek bir cihazla yapmak isteyen kullan\u0131c\u0131lar i\u00e7in bu \u00e7ok i\u015flevli t\u0131ra\u015f makinesi m\u00fckemmel bir \u00e7\u00f6z\u00fcm sunuyor. 4 farkl\u0131 tarak ba\u015fl\u0131\u011f\u0131, titanyum b\u0131\u00e7aklar ve g\u00fc\u00e7l\u00fc vibrasyon motoruyla, farkl\u0131 sa\u00e7 ve sakal uzunluklar\u0131na uygun kesimler yapabilirsiniz. \u00d6zellikle 0.5 mm\u2019den ba\u015flayan minimum kesim uzunlu\u011fu, keskin detaylar ve temiz t\u0131ra\u015f \u00e7izgileri i\u00e7in idealdir.USB \u015farj&#8230;<\/p>\n","protected":false},"featured_media":116743,"comment_status":"open","ping_status":"closed","template":"","meta":{"_kad_post_transparent":"","_kad_post_title":"","_kad_post_layout":"","_kad_post_sidebar_id":"","_kad_post_content_style":"","_kad_post_vertical_padding":"","_kad_post_feature":"","_kad_post_feature_position":"","_kad_post_header":false,"_kad_post_footer":false,"_kad_post_classname":""},"product_brand":[],"product_cat":[14925],"product_tag":[],"class_list":{"0":"post-116744","1":"product","2":"type-product","3":"status-publish","4":"has-post-thumbnail","6":"product_cat-tiras-makinesi-tiras-makinesi","8":"first","9":"instock","10":"purchasable","11":"product-type-simple","12":"entry","13":"content-bg","14":"loop-entry"},"_links":{"self":[{"href":"https:\/\/www.hediyepazar.com\/index.php?rest_route=\/wp\/v2\/product\/116744","targetHints":{"allow":["GET"]}}],"collection":[{"href":"https:\/\/www.hediyepazar.com\/index.php?rest_route=\/wp\/v2\/product"}],"about":[{"href":"https:\/\/www.hediyepazar.com\/index.php?rest_route=\/wp\/v2\/types\/product"}],"replies":[{"embeddable":true,"href":"https:\/\/www.hediyepazar.com\/index.php?rest_route=%2Fwp%2Fv2%2Fcomments&post=116744"}],"wp:featuredmedia":[{"embeddable":true,"href":"https:\/\/www.hediyepazar.com\/index.php?rest_route=\/wp\/v2\/media\/116743"}],"wp:attachment":[{"href":"https:\/\/www.hediyepazar.com\/index.php?rest_route=%2Fwp%2Fv2%2Fmedia&parent=116744"}],"wp:term":[{"taxonomy":"product_brand","embeddable":true,"href":"https:\/\/www.hediyepazar.com\/index.php?rest_route=%2Fwp%2Fv2%2Fproduct_brand&post=116744"},{"taxonomy":"product_cat","embeddable":true,"href":"https:\/\/www.hediyepazar.com\/index.php?rest_route=%2Fwp%2Fv2%2Fproduct_cat&post=116744"},{"taxonomy":"product_tag","embeddable":true,"href":"https:\/\/www.hediyepazar.com\/index.php?rest_route=%2Fwp%2Fv2%2Fproduct_tag&post=116744"}],"curies":[{"name":"wp","href":"https:\/\/api.w.org\/{rel}","templated":true}]}}