{"id":116746,"date":"2026-05-05T17:55:18","date_gmt":"2026-05-05T20:55:18","guid":{"rendered":"https:\/\/www.hediyepazar.com\/?product=titresim-motorlu-erkek-sac-ve-sakal-duzeltici"},"modified":"2026-05-05T17:55:18","modified_gmt":"2026-05-05T20:55:18","slug":"titresim-motorlu-erkek-sac-ve-sakal-duzeltici","status":"publish","type":"product","link":"https:\/\/www.hediyepazar.com\/?product=titresim-motorlu-erkek-sac-ve-sakal-duzeltici","title":{"rendered":"Titre\u015fim Motorlu Erkek Sa\u00e7 ve Sakal D\u00fczeltici"},"content":{"rendered":"<p>Bu \u015farjl\u0131 sa\u00e7 kesme makinesi, titanyum ala\u015f\u0131ml\u0131 kesici b\u0131\u00e7aklar\u0131 ve al\u00fcminyum ala\u015f\u0131m g\u00f6vdesiyle uzun \u00f6m\u00fcrl\u00fc kullan\u0131m i\u00e7in tasarland\u0131. Hem profesyonel kuaf\u00f6rler hem de ev kullan\u0131c\u0131lar\u0131 i\u00e7in ideal olan bu cihaz, 0,5 mm&#8217;den 10 mm&#8217;ye kadar kesim uzunlu\u011fu sunarak kullan\u0131c\u0131ya geni\u015f bir stil \u00f6zg\u00fcrl\u00fc\u011f\u00fc tan\u0131r. Titre\u015fimli motoru, sa\u00e7 ve sakal \u00fczerinde g\u00fc\u00e7l\u00fc ve p\u00fcr\u00fczs\u00fcz bir kesim sa\u011flar. G\u00fcr\u00fclt\u00fcs\u00fcz \u00e7al\u0131\u015fmas\u0131yla da dikkat \u00e7eker.1,5 saatlik \u015farjla yakla\u015f\u0131k 2 saat kesintisiz kullan\u0131m sunan cihaz, USB kablo ile \u015farj edilebildi\u011finden priz ba\u011f\u0131ml\u0131l\u0131\u011f\u0131n\u0131 ortadan kald\u0131r\u0131r. K\u00fc\u00e7\u00fck boyutlar\u0131 (15&#215;4 cm) sayesinde \u00e7antan\u0131za kolayca s\u0131\u011far ve seyahatlerde ta\u015f\u0131nmas\u0131 son derece pratiktir. Aksesuar olarak sunulan 4 farkl\u0131 s\u0131n\u0131r tara\u011f\u0131 sayesinde k\u0131sa ve orta uzunluktaki kesimlerde tam kontrol elde edersiniz.Ayr\u0131ca, su s\u0131\u00e7ramalar\u0131na dayan\u0131kl\u0131 olmas\u0131 ve kolay temizlenebilir yap\u0131s\u0131 hijyen a\u00e7\u0131s\u0131ndan da avantaj sa\u011flar. Temizlik f\u0131r\u00e7as\u0131 ile ba\u015fl\u0131klar\u0131 pratik bi\u00e7imde temizleyebilir, b\u0131\u00e7aklarda biriken t\u00fcyleri zahmetsizce giderebilirsiniz. Koruyucu k\u0131l\u0131f ise cihaz\u0131 g\u00fcvenle saklaman\u0131za yard\u0131mc\u0131 olur.<\/p>\n","protected":false},"excerpt":{"rendered":"<p>Bu \u015farjl\u0131 sa\u00e7 kesme makinesi, titanyum ala\u015f\u0131ml\u0131 kesici b\u0131\u00e7aklar\u0131 ve al\u00fcminyum ala\u015f\u0131m g\u00f6vdesiyle uzun \u00f6m\u00fcrl\u00fc kullan\u0131m i\u00e7in tasarland\u0131. Hem profesyonel kuaf\u00f6rler hem de ev kullan\u0131c\u0131lar\u0131 i\u00e7in ideal olan bu cihaz, 0,5 mm&#8217;den 10 mm&#8217;ye kadar kesim uzunlu\u011fu sunarak kullan\u0131c\u0131ya geni\u015f bir stil \u00f6zg\u00fcrl\u00fc\u011f\u00fc tan\u0131r. Titre\u015fimli motoru, sa\u00e7 ve sakal \u00fczerinde g\u00fc\u00e7l\u00fc ve p\u00fcr\u00fczs\u00fcz bir kesim&#8230;<\/p>\n","protected":false},"featured_media":116745,"comment_status":"open","ping_status":"closed","template":"","meta":{"_kad_post_transparent":"","_kad_post_title":"","_kad_post_layout":"","_kad_post_sidebar_id":"","_kad_post_content_style":"","_kad_post_vertical_padding":"","_kad_post_feature":"","_kad_post_feature_position":"","_kad_post_header":false,"_kad_post_footer":false,"_kad_post_classname":""},"product_brand":[],"product_cat":[14925],"product_tag":[],"class_list":{"0":"post-116746","1":"product","2":"type-product","3":"status-publish","4":"has-post-thumbnail","6":"product_cat-tiras-makinesi-tiras-makinesi","8":"first","9":"instock","10":"purchasable","11":"product-type-simple","12":"entry","13":"content-bg","14":"loop-entry"},"_links":{"self":[{"href":"https:\/\/www.hediyepazar.com\/index.php?rest_route=\/wp\/v2\/product\/116746","targetHints":{"allow":["GET"]}}],"collection":[{"href":"https:\/\/www.hediyepazar.com\/index.php?rest_route=\/wp\/v2\/product"}],"about":[{"href":"https:\/\/www.hediyepazar.com\/index.php?rest_route=\/wp\/v2\/types\/product"}],"replies":[{"embeddable":true,"href":"https:\/\/www.hediyepazar.com\/index.php?rest_route=%2Fwp%2Fv2%2Fcomments&post=116746"}],"wp:featuredmedia":[{"embeddable":true,"href":"https:\/\/www.hediyepazar.com\/index.php?rest_route=\/wp\/v2\/media\/116745"}],"wp:attachment":[{"href":"https:\/\/www.hediyepazar.com\/index.php?rest_route=%2Fwp%2Fv2%2Fmedia&parent=116746"}],"wp:term":[{"taxonomy":"product_brand","embeddable":true,"href":"https:\/\/www.hediyepazar.com\/index.php?rest_route=%2Fwp%2Fv2%2Fproduct_brand&post=116746"},{"taxonomy":"product_cat","embeddable":true,"href":"https:\/\/www.hediyepazar.com\/index.php?rest_route=%2Fwp%2Fv2%2Fproduct_cat&post=116746"},{"taxonomy":"product_tag","embeddable":true,"href":"https:\/\/www.hediyepazar.com\/index.php?rest_route=%2Fwp%2Fv2%2Fproduct_tag&post=116746"}],"curies":[{"name":"wp","href":"https:\/\/api.w.org\/{rel}","templated":true}]}}