{"id":116750,"date":"2026-05-05T17:56:25","date_gmt":"2026-05-05T20:56:25","guid":{"rendered":"https:\/\/www.hediyepazar.com\/?product=hassas-bolgeler-icin-cok-fonksiyonlu-tiras-makinesi"},"modified":"2026-05-05T17:56:25","modified_gmt":"2026-05-05T20:56:25","slug":"hassas-bolgeler-icin-cok-fonksiyonlu-tiras-makinesi","status":"publish","type":"product","link":"https:\/\/www.hediyepazar.com\/?product=hassas-bolgeler-icin-cok-fonksiyonlu-tiras-makinesi","title":{"rendered":"Hassas B\u00f6lgeler \u0130\u00e7in \u00c7ok Fonksiyonlu T\u0131ra\u015f Makinesi"},"content":{"rendered":"<p>Her zaman bak\u0131ml\u0131 g\u00f6r\u00fcnmek isteyen erkekler i\u00e7in tasarlanan bu \u015farjl\u0131 t\u0131ra\u015f makinesi, \u00e7ok i\u015flevli yap\u0131s\u0131yla \u00f6ne \u00e7\u0131k\u0131yor. Sa\u00e7 kesimi, sakal d\u00fczeltme ve burun-kulak temizli\u011fi gibi farkl\u0131 ihtiya\u00e7lara cevap veren bu cihaz, birden fazla ba\u015fl\u0131kla birlikte sunulur. Her ba\u015fl\u0131k, kullan\u0131m amac\u0131na g\u00f6re \u00f6zel olarak \u015fekillendirilmi\u015f olup; y\u00fcz\u00fcn ve v\u00fccudun farkl\u0131 b\u00f6lgelerinde rahatl\u0131kla kullan\u0131labilir.Burun ve kulak t\u00fcylerini almak i\u00e7in geli\u015ftirilen hassas ba\u015fl\u0131k, dar alanlarda g\u00fcvenli t\u0131ra\u015f yapma imk\u00e2n\u0131 sunar. Klasik makinelerde ya\u015fanan \u00e7ekme veya tahri\u015f sorunlar\u0131 bu cihazda minimum d\u00fczeydedir. Bu sayede burun i\u00e7i gibi hassas b\u00f6lgelerde bile konforlu bir \u015fekilde bak\u0131m yap\u0131labilir.Kuru kullan\u0131m \u00f6zelli\u011fi sayesinde suya ihtiya\u00e7 duymadan h\u0131zl\u0131 ve etkili bir t\u0131ra\u015f m\u00fcmk\u00fcnd\u00fcr. T\u0131ra\u015f k\u00f6p\u00fc\u011f\u00fc, jel ya da su kullanmadan do\u011frudan uygulama yap\u0131labilir. Bu \u00f6zellik, \u00f6zellikle zaman s\u0131k\u0131nt\u0131s\u0131 ya\u015fayan kullan\u0131c\u0131lar i\u00e7in b\u00fcy\u00fck avantaj sa\u011flar.Kablosuz \u00e7al\u0131\u015fma sistemi, \u00fcr\u00fcn\u00fc pratik hale getirir. \u015earjl\u0131 bataryas\u0131, uzun s\u00fcreli kesintisiz kullan\u0131m sunarken; hafif ve ergonomik tasar\u0131m\u0131, t\u0131ra\u015f makinesini \u00e7antan\u0131za at\u0131p seyahate \u00e7\u0131kman\u0131z i\u00e7in ideal hale getirir. \u0130ster i\u015f gezisi ister tatil olsun, bak\u0131m rutininiz kesintiye u\u011framaz.Ba\u015fl\u0131klar kolayca \u00e7\u0131kar\u0131l\u0131p temizlenebilir. B\u00f6ylece hijyen konusunda da i\u00e7iniz rahat olur. Cihaz\u0131n ithalat\u00e7\u0131 garantili olu\u015fu, kullan\u0131m s\u00fcresince g\u00fcvenli bir destek alabilece\u011finiz anlam\u0131na gelir.Hem g\u00fcnl\u00fck kullan\u0131m hem de \u00f6zel g\u00fcnler i\u00e7in h\u0131zl\u0131 bak\u0131m \u00e7\u00f6z\u00fcmleri arayanlar i\u00e7in bu t\u0131ra\u015f makinesi; fonksiyonelli\u011fi, ta\u015f\u0131nabilirli\u011fi ve hassas performans\u0131yla ideal bir tercihtir.<\/p>\n","protected":false},"excerpt":{"rendered":"<p>Her zaman bak\u0131ml\u0131 g\u00f6r\u00fcnmek isteyen erkekler i\u00e7in tasarlanan bu \u015farjl\u0131 t\u0131ra\u015f makinesi, \u00e7ok i\u015flevli yap\u0131s\u0131yla \u00f6ne \u00e7\u0131k\u0131yor. Sa\u00e7 kesimi, sakal d\u00fczeltme ve burun-kulak temizli\u011fi gibi farkl\u0131 ihtiya\u00e7lara cevap veren bu cihaz, birden fazla ba\u015fl\u0131kla birlikte sunulur. Her ba\u015fl\u0131k, kullan\u0131m amac\u0131na g\u00f6re \u00f6zel olarak \u015fekillendirilmi\u015f olup; y\u00fcz\u00fcn ve v\u00fccudun farkl\u0131 b\u00f6lgelerinde rahatl\u0131kla kullan\u0131labilir.Burun ve kulak t\u00fcylerini&#8230;<\/p>\n","protected":false},"featured_media":116749,"comment_status":"open","ping_status":"closed","template":"","meta":{"_kad_post_transparent":"","_kad_post_title":"","_kad_post_layout":"","_kad_post_sidebar_id":"","_kad_post_content_style":"","_kad_post_vertical_padding":"","_kad_post_feature":"","_kad_post_feature_position":"","_kad_post_header":false,"_kad_post_footer":false,"_kad_post_classname":""},"product_brand":[],"product_cat":[14925],"product_tag":[],"class_list":{"0":"post-116750","1":"product","2":"type-product","3":"status-publish","4":"has-post-thumbnail","6":"product_cat-tiras-makinesi-tiras-makinesi","8":"first","9":"instock","10":"purchasable","11":"product-type-simple","12":"entry","13":"content-bg","14":"loop-entry"},"_links":{"self":[{"href":"https:\/\/www.hediyepazar.com\/index.php?rest_route=\/wp\/v2\/product\/116750","targetHints":{"allow":["GET"]}}],"collection":[{"href":"https:\/\/www.hediyepazar.com\/index.php?rest_route=\/wp\/v2\/product"}],"about":[{"href":"https:\/\/www.hediyepazar.com\/index.php?rest_route=\/wp\/v2\/types\/product"}],"replies":[{"embeddable":true,"href":"https:\/\/www.hediyepazar.com\/index.php?rest_route=%2Fwp%2Fv2%2Fcomments&post=116750"}],"wp:featuredmedia":[{"embeddable":true,"href":"https:\/\/www.hediyepazar.com\/index.php?rest_route=\/wp\/v2\/media\/116749"}],"wp:attachment":[{"href":"https:\/\/www.hediyepazar.com\/index.php?rest_route=%2Fwp%2Fv2%2Fmedia&parent=116750"}],"wp:term":[{"taxonomy":"product_brand","embeddable":true,"href":"https:\/\/www.hediyepazar.com\/index.php?rest_route=%2Fwp%2Fv2%2Fproduct_brand&post=116750"},{"taxonomy":"product_cat","embeddable":true,"href":"https:\/\/www.hediyepazar.com\/index.php?rest_route=%2Fwp%2Fv2%2Fproduct_cat&post=116750"},{"taxonomy":"product_tag","embeddable":true,"href":"https:\/\/www.hediyepazar.com\/index.php?rest_route=%2Fwp%2Fv2%2Fproduct_tag&post=116750"}],"curies":[{"name":"wp","href":"https:\/\/api.w.org\/{rel}","templated":true}]}}