{"id":116754,"date":"2026-05-05T17:57:29","date_gmt":"2026-05-05T20:57:29","guid":{"rendered":"https:\/\/www.hediyepazar.com\/?product=baslikli-sarjli-tiras-ve-bakim-cihazi"},"modified":"2026-05-05T17:57:29","modified_gmt":"2026-05-05T20:57:29","slug":"baslikli-sarjli-tiras-ve-bakim-cihazi","status":"publish","type":"product","link":"https:\/\/www.hediyepazar.com\/?product=baslikli-sarjli-tiras-ve-bakim-cihazi","title":{"rendered":"Ba\u015fl\u0131kl\u0131 \u015earjl\u0131 T\u0131ra\u015f ve Bak\u0131m Cihaz\u0131"},"content":{"rendered":"<p>Her g\u00fcn t\u0131ra\u015f olmak art\u0131k zahmet de\u011fil; bu kompakt, \u00e7ok fonksiyonlu t\u0131ra\u015f makinesiyle keyifli bir rutine d\u00f6n\u00fc\u015f\u00fcyor. Cihaz, sa\u00e7 ve sakal bak\u0131m\u0131n\u0131n yan\u0131 s\u0131ra burun ve kulak t\u00fcylerini almak i\u00e7in \u00f6zel geli\u015ftirilmi\u015f ba\u015fl\u0131klar i\u00e7erir. Bu sayede yaln\u0131zca bir makineyle eksiksiz bak\u0131m m\u00fcmk\u00fcnd\u00fcr.Burun ve kulak temizleme aparat\u0131, cilde zarar vermeden hassas b\u00f6lgelerde g\u00fcvenle kullan\u0131labilir. \u00d6zel ba\u015fl\u0131k yap\u0131s\u0131 sayesinde bu b\u00f6lgelerdeki t\u00fcyleri etkili ve konforlu bi\u00e7imde al\u0131r.Kablosuz yap\u0131s\u0131, kullan\u0131m esnas\u0131nda maksimum hareket \u00f6zg\u00fcrl\u00fc\u011f\u00fc sunar. \u00d6zellikle seyahatlerde veya d\u0131\u015f mekanlarda kullan\u0131m kolayl\u0131\u011f\u0131 sa\u011flar. Kuru t\u0131ra\u015f \u00f6zelli\u011fi sayesinde su ve k\u00f6p\u00fck kullanmadan t\u0131ra\u015f olabilirsiniz. Bu da pratikli\u011fin yan\u0131 s\u0131ra zaman tasarrufu sa\u011flar.Motor g\u00fcc\u00fc ve b\u0131\u00e7ak yap\u0131s\u0131, h\u0131zl\u0131 ve kesintisiz performans sunar. Ba\u015fl\u0131klar\u0131 suyla temizlenebilir oldu\u011fundan hijyenik bir kullan\u0131m m\u00fcmk\u00fcnd\u00fcr. Ayr\u0131ca, ithalat\u00e7\u0131 garantili olu\u015fu \u00fcr\u00fcn\u00fcn g\u00fcvenli kullan\u0131m\u0131n\u0131 destekler.Bu makine, ki\u015fisel bak\u0131m\u0131na \u00f6nem veren, her an bak\u0131ml\u0131 g\u00f6r\u00fcnmek isteyen erkeklerin \u00e7antas\u0131nda mutlaka yer almas\u0131 gereken ak\u0131ll\u0131 bir cihazd\u0131r.<\/p>\n","protected":false},"excerpt":{"rendered":"<p>Her g\u00fcn t\u0131ra\u015f olmak art\u0131k zahmet de\u011fil; bu kompakt, \u00e7ok fonksiyonlu t\u0131ra\u015f makinesiyle keyifli bir rutine d\u00f6n\u00fc\u015f\u00fcyor. Cihaz, sa\u00e7 ve sakal bak\u0131m\u0131n\u0131n yan\u0131 s\u0131ra burun ve kulak t\u00fcylerini almak i\u00e7in \u00f6zel geli\u015ftirilmi\u015f ba\u015fl\u0131klar i\u00e7erir. Bu sayede yaln\u0131zca bir makineyle eksiksiz bak\u0131m m\u00fcmk\u00fcnd\u00fcr.Burun ve kulak temizleme aparat\u0131, cilde zarar vermeden hassas b\u00f6lgelerde g\u00fcvenle kullan\u0131labilir. \u00d6zel ba\u015fl\u0131k&#8230;<\/p>\n","protected":false},"featured_media":116753,"comment_status":"open","ping_status":"closed","template":"","meta":{"_kad_post_transparent":"","_kad_post_title":"","_kad_post_layout":"","_kad_post_sidebar_id":"","_kad_post_content_style":"","_kad_post_vertical_padding":"","_kad_post_feature":"","_kad_post_feature_position":"","_kad_post_header":false,"_kad_post_footer":false,"_kad_post_classname":""},"product_brand":[],"product_cat":[14925],"product_tag":[],"class_list":{"0":"post-116754","1":"product","2":"type-product","3":"status-publish","4":"has-post-thumbnail","6":"product_cat-tiras-makinesi-tiras-makinesi","8":"first","9":"instock","10":"purchasable","11":"product-type-simple","12":"entry","13":"content-bg","14":"loop-entry"},"_links":{"self":[{"href":"https:\/\/www.hediyepazar.com\/index.php?rest_route=\/wp\/v2\/product\/116754","targetHints":{"allow":["GET"]}}],"collection":[{"href":"https:\/\/www.hediyepazar.com\/index.php?rest_route=\/wp\/v2\/product"}],"about":[{"href":"https:\/\/www.hediyepazar.com\/index.php?rest_route=\/wp\/v2\/types\/product"}],"replies":[{"embeddable":true,"href":"https:\/\/www.hediyepazar.com\/index.php?rest_route=%2Fwp%2Fv2%2Fcomments&post=116754"}],"wp:featuredmedia":[{"embeddable":true,"href":"https:\/\/www.hediyepazar.com\/index.php?rest_route=\/wp\/v2\/media\/116753"}],"wp:attachment":[{"href":"https:\/\/www.hediyepazar.com\/index.php?rest_route=%2Fwp%2Fv2%2Fmedia&parent=116754"}],"wp:term":[{"taxonomy":"product_brand","embeddable":true,"href":"https:\/\/www.hediyepazar.com\/index.php?rest_route=%2Fwp%2Fv2%2Fproduct_brand&post=116754"},{"taxonomy":"product_cat","embeddable":true,"href":"https:\/\/www.hediyepazar.com\/index.php?rest_route=%2Fwp%2Fv2%2Fproduct_cat&post=116754"},{"taxonomy":"product_tag","embeddable":true,"href":"https:\/\/www.hediyepazar.com\/index.php?rest_route=%2Fwp%2Fv2%2Fproduct_tag&post=116754"}],"curies":[{"name":"wp","href":"https:\/\/api.w.org\/{rel}","templated":true}]}}