{"id":116758,"date":"2026-05-05T17:58:27","date_gmt":"2026-05-05T20:58:27","guid":{"rendered":"https:\/\/www.hediyepazar.com\/?product=burun-sakal-ve-sac-icin-erkek-tiras-cihazi"},"modified":"2026-05-05T17:58:27","modified_gmt":"2026-05-05T20:58:27","slug":"burun-sakal-ve-sac-icin-erkek-tiras-cihazi","status":"publish","type":"product","link":"https:\/\/www.hediyepazar.com\/?product=burun-sakal-ve-sac-icin-erkek-tiras-cihazi","title":{"rendered":"Burun Sakal ve Sa\u00e7 \u0130\u00e7in Erkek T\u0131ra\u015f Cihaz\u0131"},"content":{"rendered":"<p>\u015e\u0131k, ergonomik ve fonksiyonel tasar\u0131m\u0131 ile \u00f6ne \u00e7\u0131kan bu \u00e7ok y\u00f6nl\u00fc t\u0131ra\u015f makinesi; sa\u00e7, sakal ve burun t\u00fcy\u00fc temizli\u011fini tek cihazla m\u00fcmk\u00fcn k\u0131lar. Farkl\u0131 ba\u015fl\u0131k se\u00e7enekleriyle her b\u00f6lgeye \u00f6zel bak\u0131m sunan cihaz, \u00f6zellikle y\u00fcz bak\u0131m\u0131n\u0131 \u00f6zenle yapan kullan\u0131c\u0131lar i\u00e7in tasarland\u0131.Burun ve kulak temizleme ba\u015fl\u0131\u011f\u0131, hassas b\u00f6lgelerde g\u00fcvenli temizlik imk\u00e2n\u0131 sunar. Ucundaki \u00f6zel kesim b\u0131\u00e7a\u011f\u0131, t\u00fcyleri ac\u0131tmadan ve tahri\u015f etmeden al\u0131r. Bu \u00f6zellik, ki\u015fisel bak\u0131m\u0131n en zorlu k\u0131s\u0131mlar\u0131ndan biri olan burun ve kulak b\u00f6lgelerini kolayla\u015ft\u0131r\u0131r.Geli\u015fmi\u015f motor teknolojisi sayesinde h\u0131zl\u0131 ve g\u00fc\u00e7l\u00fc t\u0131ra\u015f sa\u011flarken, kuru kullan\u0131m \u00f6zelli\u011fi ile su veya k\u00f6p\u00fck gibi yard\u0131mc\u0131 \u00fcr\u00fcnlere ihtiya\u00e7 duymadan i\u015flem yap\u0131labilir. \u00d6zellikle yo\u011fun tempoda olan kullan\u0131c\u0131lar i\u00e7in h\u0131zl\u0131 \u00e7\u00f6z\u00fcm sunar.USB \u00fczerinden \u015farj edilebilen cihaz, birka\u00e7 saatlik \u015farjla uzun s\u00fcreli kablosuz kullan\u0131m sunar. Bu \u00f6zellik seyahat eden, d\u0131\u015far\u0131da zaman ge\u00e7iren kullan\u0131c\u0131lar i\u00e7in ekstra konfor sa\u011flar. \u0130htiyac\u0131n\u0131z olan her yerde ki\u015fisel bak\u0131m rutininizi aksatmadan s\u00fcrd\u00fcrebilirsiniz.Kompakt tasar\u0131m\u0131 ve hafif yap\u0131s\u0131yla ta\u015f\u0131nabilirli\u011fi kolayd\u0131r. \u00c7antan\u0131za atabilir, i\u015f yerinde ya da seyahatte bile rahat\u00e7a kullanabilirsiniz. T\u00fcm ba\u015fl\u0131klar y\u0131kanabilir yap\u0131dad\u0131r ve cihaz\u0131n hijyenik kalmas\u0131n\u0131 sa\u011flar.Estetik, fonksiyonellik ve pratikli\u011fi bir araya getiren bu t\u0131ra\u015f makinesi, bak\u0131m\u0131na \u00f6nem veren erkeklerin en iyi yard\u0131mc\u0131s\u0131 olacak.<\/p>\n","protected":false},"excerpt":{"rendered":"<p>\u015e\u0131k, ergonomik ve fonksiyonel tasar\u0131m\u0131 ile \u00f6ne \u00e7\u0131kan bu \u00e7ok y\u00f6nl\u00fc t\u0131ra\u015f makinesi; sa\u00e7, sakal ve burun t\u00fcy\u00fc temizli\u011fini tek cihazla m\u00fcmk\u00fcn k\u0131lar. Farkl\u0131 ba\u015fl\u0131k se\u00e7enekleriyle her b\u00f6lgeye \u00f6zel bak\u0131m sunan cihaz, \u00f6zellikle y\u00fcz bak\u0131m\u0131n\u0131 \u00f6zenle yapan kullan\u0131c\u0131lar i\u00e7in tasarland\u0131.Burun ve kulak temizleme ba\u015fl\u0131\u011f\u0131, hassas b\u00f6lgelerde g\u00fcvenli temizlik imk\u00e2n\u0131 sunar. Ucundaki \u00f6zel kesim b\u0131\u00e7a\u011f\u0131, t\u00fcyleri&#8230;<\/p>\n","protected":false},"featured_media":116757,"comment_status":"open","ping_status":"closed","template":"","meta":{"_kad_post_transparent":"","_kad_post_title":"","_kad_post_layout":"","_kad_post_sidebar_id":"","_kad_post_content_style":"","_kad_post_vertical_padding":"","_kad_post_feature":"","_kad_post_feature_position":"","_kad_post_header":false,"_kad_post_footer":false,"_kad_post_classname":""},"product_brand":[],"product_cat":[14925],"product_tag":[],"class_list":{"0":"post-116758","1":"product","2":"type-product","3":"status-publish","4":"has-post-thumbnail","6":"product_cat-tiras-makinesi-tiras-makinesi","8":"first","9":"instock","10":"purchasable","11":"product-type-simple","12":"entry","13":"content-bg","14":"loop-entry"},"_links":{"self":[{"href":"https:\/\/www.hediyepazar.com\/index.php?rest_route=\/wp\/v2\/product\/116758","targetHints":{"allow":["GET"]}}],"collection":[{"href":"https:\/\/www.hediyepazar.com\/index.php?rest_route=\/wp\/v2\/product"}],"about":[{"href":"https:\/\/www.hediyepazar.com\/index.php?rest_route=\/wp\/v2\/types\/product"}],"replies":[{"embeddable":true,"href":"https:\/\/www.hediyepazar.com\/index.php?rest_route=%2Fwp%2Fv2%2Fcomments&post=116758"}],"wp:featuredmedia":[{"embeddable":true,"href":"https:\/\/www.hediyepazar.com\/index.php?rest_route=\/wp\/v2\/media\/116757"}],"wp:attachment":[{"href":"https:\/\/www.hediyepazar.com\/index.php?rest_route=%2Fwp%2Fv2%2Fmedia&parent=116758"}],"wp:term":[{"taxonomy":"product_brand","embeddable":true,"href":"https:\/\/www.hediyepazar.com\/index.php?rest_route=%2Fwp%2Fv2%2Fproduct_brand&post=116758"},{"taxonomy":"product_cat","embeddable":true,"href":"https:\/\/www.hediyepazar.com\/index.php?rest_route=%2Fwp%2Fv2%2Fproduct_cat&post=116758"},{"taxonomy":"product_tag","embeddable":true,"href":"https:\/\/www.hediyepazar.com\/index.php?rest_route=%2Fwp%2Fv2%2Fproduct_tag&post=116758"}],"curies":[{"name":"wp","href":"https:\/\/api.w.org\/{rel}","templated":true}]}}