{"id":116764,"date":"2026-05-05T17:59:23","date_gmt":"2026-05-05T20:59:23","guid":{"rendered":"https:\/\/www.hediyepazar.com\/?product=tuy-temizleme-ve-cilt-bakim-cihazi"},"modified":"2026-05-05T17:59:23","modified_gmt":"2026-05-05T20:59:23","slug":"tuy-temizleme-ve-cilt-bakim-cihazi","status":"publish","type":"product","link":"https:\/\/www.hediyepazar.com\/?product=tuy-temizleme-ve-cilt-bakim-cihazi","title":{"rendered":"T\u00fcy Temizleme ve Cilt Bak\u0131m Cihaz\u0131"},"content":{"rendered":"<p>Kompakt ve i\u015flevsel yap\u0131s\u0131yla \u00f6ne \u00e7\u0131kan bu \u015farjl\u0131 epilat\u00f6r, epilasyonun yan\u0131 s\u0131ra el ve ayak bak\u0131m\u0131n\u0131 da kapsayan 4 farkl\u0131 ba\u015fl\u0131\u011f\u0131 ile gelir. Her bir ba\u015fl\u0131k, farkl\u0131 bir bak\u0131m ihtiyac\u0131na hitap eder.Epilasyon ba\u015fl\u0131\u011f\u0131 ile t\u00fcyleri k\u00f6k\u00fcnden alabilir, t\u0131ra\u015f ba\u015fl\u0131\u011f\u0131 ile h\u0131zl\u0131ca temizlik yapabilirsiniz. Ayak t\u00f6rp\u00fcs\u00fc, kuru ve sertle\u015fmi\u015f deriyi temizlerken, ince t\u00f6rp\u00fc ba\u015fl\u0131\u011f\u0131 ile manik\u00fcr ve pedik\u00fcr i\u015flemleriniz \u00e7ok daha pratik hale gelir.8 saatlik \u015farj s\u00fcresi sonras\u0131nda 45 dakikaya kadar kablosuz \u00e7al\u0131\u015fma s\u00fcresi, \u00f6zg\u00fcrce bak\u0131m yapman\u0131za olanak sa\u011flar. Cihaz\u0131n ta\u015f\u0131nabilirli\u011fi, seyahatler i\u00e7in m\u00fckemmel bir \u00e7\u00f6z\u00fcm sunar. Ergonomik formu sayesinde kolay tutulur ve el yorgunlu\u011fu olu\u015fturmaz.Ba\u015fl\u0131klar su ile temizlenebilir, kutudaki temizlik f\u0131r\u00e7as\u0131 ise ekstra hijyen sa\u011flar. Setin i\u00e7inde bulunan \u015farj adapt\u00f6r\u00fc, cihaz\u0131 g\u00fcvenli bir \u015fekilde \u015farj etmenizi sa\u011flar.Kusursuz bir bak\u0131m rutini olu\u015fturmak isteyen her kullan\u0131c\u0131 i\u00e7in bu \u00fcr\u00fcn, zaman kazand\u0131ran ve fonksiyonel bir yard\u0131mc\u0131d\u0131r.<\/p>\n","protected":false},"excerpt":{"rendered":"<p>Kompakt ve i\u015flevsel yap\u0131s\u0131yla \u00f6ne \u00e7\u0131kan bu \u015farjl\u0131 epilat\u00f6r, epilasyonun yan\u0131 s\u0131ra el ve ayak bak\u0131m\u0131n\u0131 da kapsayan 4 farkl\u0131 ba\u015fl\u0131\u011f\u0131 ile gelir. Her bir ba\u015fl\u0131k, farkl\u0131 bir bak\u0131m ihtiyac\u0131na hitap eder.Epilasyon ba\u015fl\u0131\u011f\u0131 ile t\u00fcyleri k\u00f6k\u00fcnden alabilir, t\u0131ra\u015f ba\u015fl\u0131\u011f\u0131 ile h\u0131zl\u0131ca temizlik yapabilirsiniz. Ayak t\u00f6rp\u00fcs\u00fc, kuru ve sertle\u015fmi\u015f deriyi temizlerken, ince t\u00f6rp\u00fc ba\u015fl\u0131\u011f\u0131 ile manik\u00fcr&#8230;<\/p>\n","protected":false},"featured_media":116763,"comment_status":"open","ping_status":"closed","template":"","meta":{"_kad_post_transparent":"","_kad_post_title":"","_kad_post_layout":"","_kad_post_sidebar_id":"","_kad_post_content_style":"","_kad_post_vertical_padding":"","_kad_post_feature":"","_kad_post_feature_position":"","_kad_post_header":false,"_kad_post_footer":false,"_kad_post_classname":""},"product_brand":[],"product_cat":[14919],"product_tag":[],"class_list":{"0":"post-116764","1":"product","2":"type-product","3":"status-publish","4":"has-post-thumbnail","6":"product_cat-epilator-epilator","8":"first","9":"instock","10":"purchasable","11":"product-type-simple","12":"entry","13":"content-bg","14":"loop-entry"},"_links":{"self":[{"href":"https:\/\/www.hediyepazar.com\/index.php?rest_route=\/wp\/v2\/product\/116764","targetHints":{"allow":["GET"]}}],"collection":[{"href":"https:\/\/www.hediyepazar.com\/index.php?rest_route=\/wp\/v2\/product"}],"about":[{"href":"https:\/\/www.hediyepazar.com\/index.php?rest_route=\/wp\/v2\/types\/product"}],"replies":[{"embeddable":true,"href":"https:\/\/www.hediyepazar.com\/index.php?rest_route=%2Fwp%2Fv2%2Fcomments&post=116764"}],"wp:featuredmedia":[{"embeddable":true,"href":"https:\/\/www.hediyepazar.com\/index.php?rest_route=\/wp\/v2\/media\/116763"}],"wp:attachment":[{"href":"https:\/\/www.hediyepazar.com\/index.php?rest_route=%2Fwp%2Fv2%2Fmedia&parent=116764"}],"wp:term":[{"taxonomy":"product_brand","embeddable":true,"href":"https:\/\/www.hediyepazar.com\/index.php?rest_route=%2Fwp%2Fv2%2Fproduct_brand&post=116764"},{"taxonomy":"product_cat","embeddable":true,"href":"https:\/\/www.hediyepazar.com\/index.php?rest_route=%2Fwp%2Fv2%2Fproduct_cat&post=116764"},{"taxonomy":"product_tag","embeddable":true,"href":"https:\/\/www.hediyepazar.com\/index.php?rest_route=%2Fwp%2Fv2%2Fproduct_tag&post=116764"}],"curies":[{"name":"wp","href":"https:\/\/api.w.org\/{rel}","templated":true}]}}