{"id":116766,"date":"2026-05-05T18:00:01","date_gmt":"2026-05-05T21:00:01","guid":{"rendered":"https:\/\/www.hediyepazar.com\/?product=cok-amacli-kadin-bakim-seti-epilasyon-ve-torpu"},"modified":"2026-05-05T18:00:01","modified_gmt":"2026-05-05T21:00:01","slug":"cok-amacli-kadin-bakim-seti-epilasyon-ve-torpu","status":"publish","type":"product","link":"https:\/\/www.hediyepazar.com\/?product=cok-amacli-kadin-bakim-seti-epilasyon-ve-torpu","title":{"rendered":"\u00c7ok Ama\u00e7l\u0131 Kad\u0131n Bak\u0131m Seti Epilasyon ve T\u00f6rp\u00fc"},"content":{"rendered":"<p>Evde profesyonel bak\u0131m deneyimi ya\u015famak isteyenler i\u00e7in tasarlanan bu \u015farjl\u0131 epilasyon makinesi, \u00e7ok y\u00f6nl\u00fc kullan\u0131m\u0131 ile \u00f6ne \u00e7\u0131kar. 4 de\u011fi\u015ftirilebilir ba\u015fl\u0131k, cihaz\u0131 sadece bir epilat\u00f6r olmaktan \u00e7\u0131kar\u0131p tam te\u015fekk\u00fcll\u00fc bir ki\u015fisel bak\u0131m setine d\u00f6n\u00fc\u015ft\u00fcr\u00fcr.Epilasyon ba\u015fl\u0131\u011f\u0131, k\u0131l k\u00f6klerini hedef alarak t\u00fcyleri uzun s\u00fcreli olarak yok eder. T\u0131ra\u015f ba\u015fl\u0131\u011f\u0131, h\u0131zl\u0131 \u00e7\u00f6z\u00fcmler i\u00e7in birebirdir. Ayak t\u00f6rp\u00fcs\u00fc ba\u015fl\u0131\u011f\u0131, sertle\u015fmi\u015f topuk derisini nazik\u00e7e temizlerken; ince t\u00f6rp\u00fc ba\u015fl\u0131\u011f\u0131 ile manik\u00fcr ve pedik\u00fcr i\u015flemleri kusursuz hale gelir.\u00dcr\u00fcn, 8 saatlik \u015farj s\u00fcresiyle tam dolum sa\u011flad\u0131ktan sonra 45 dakikal\u0131k kablosuz kullan\u0131m sunar. Bu s\u00fcre, birden fazla ba\u015fl\u0131kla i\u015flemi tamamlayabilmek i\u00e7in yeterlidir. Kablosuz tasar\u0131m sayesinde kablo karma\u015fas\u0131na veda edersiniz. Hafif ve kompakt yap\u0131s\u0131, uzun s\u00fcre elde tutmay\u0131 kolayla\u015ft\u0131r\u0131r.Temizli\u011fi olduk\u00e7a pratiktir; ba\u015fl\u0131klar \u00e7\u0131kar\u0131l\u0131p su alt\u0131nda y\u0131kanabilir. Ayr\u0131ca kutu i\u00e7eri\u011findeki temizlik f\u0131r\u00e7as\u0131, ba\u015fl\u0131klar\u0131n hijyenini koruman\u0131za yard\u0131mc\u0131 olur. \u00dcr\u00fcnle birlikte gelen \u015farj adapt\u00f6r\u00fc, h\u0131zl\u0131 ve g\u00fcvenli dolum sa\u011flar.G\u00fcnl\u00fck bak\u0131m\u0131n\u0131 evde yapmak isteyenler i\u00e7in son derece pratik, ekonomik ve kapsaml\u0131 bir cihazd\u0131r. Her ortamda kullan\u0131labilecek ta\u015f\u0131nabilir tasar\u0131m\u0131 ile yan\u0131n\u0131zdan ay\u0131ramayaca\u011f\u0131n\u0131z bir bak\u0131m yard\u0131mc\u0131s\u0131 olacak.<\/p>\n","protected":false},"excerpt":{"rendered":"<p>Evde profesyonel bak\u0131m deneyimi ya\u015famak isteyenler i\u00e7in tasarlanan bu \u015farjl\u0131 epilasyon makinesi, \u00e7ok y\u00f6nl\u00fc kullan\u0131m\u0131 ile \u00f6ne \u00e7\u0131kar. 4 de\u011fi\u015ftirilebilir ba\u015fl\u0131k, cihaz\u0131 sadece bir epilat\u00f6r olmaktan \u00e7\u0131kar\u0131p tam te\u015fekk\u00fcll\u00fc bir ki\u015fisel bak\u0131m setine d\u00f6n\u00fc\u015ft\u00fcr\u00fcr.Epilasyon ba\u015fl\u0131\u011f\u0131, k\u0131l k\u00f6klerini hedef alarak t\u00fcyleri uzun s\u00fcreli olarak yok eder. T\u0131ra\u015f ba\u015fl\u0131\u011f\u0131, h\u0131zl\u0131 \u00e7\u00f6z\u00fcmler i\u00e7in birebirdir. Ayak t\u00f6rp\u00fcs\u00fc ba\u015fl\u0131\u011f\u0131, sertle\u015fmi\u015f&#8230;<\/p>\n","protected":false},"featured_media":116765,"comment_status":"open","ping_status":"closed","template":"","meta":{"_kad_post_transparent":"","_kad_post_title":"","_kad_post_layout":"","_kad_post_sidebar_id":"","_kad_post_content_style":"","_kad_post_vertical_padding":"","_kad_post_feature":"","_kad_post_feature_position":"","_kad_post_header":false,"_kad_post_footer":false,"_kad_post_classname":""},"product_brand":[],"product_cat":[14919],"product_tag":[],"class_list":{"0":"post-116766","1":"product","2":"type-product","3":"status-publish","4":"has-post-thumbnail","6":"product_cat-epilator-epilator","8":"first","9":"instock","10":"purchasable","11":"product-type-simple","12":"entry","13":"content-bg","14":"loop-entry"},"_links":{"self":[{"href":"https:\/\/www.hediyepazar.com\/index.php?rest_route=\/wp\/v2\/product\/116766","targetHints":{"allow":["GET"]}}],"collection":[{"href":"https:\/\/www.hediyepazar.com\/index.php?rest_route=\/wp\/v2\/product"}],"about":[{"href":"https:\/\/www.hediyepazar.com\/index.php?rest_route=\/wp\/v2\/types\/product"}],"replies":[{"embeddable":true,"href":"https:\/\/www.hediyepazar.com\/index.php?rest_route=%2Fwp%2Fv2%2Fcomments&post=116766"}],"wp:featuredmedia":[{"embeddable":true,"href":"https:\/\/www.hediyepazar.com\/index.php?rest_route=\/wp\/v2\/media\/116765"}],"wp:attachment":[{"href":"https:\/\/www.hediyepazar.com\/index.php?rest_route=%2Fwp%2Fv2%2Fmedia&parent=116766"}],"wp:term":[{"taxonomy":"product_brand","embeddable":true,"href":"https:\/\/www.hediyepazar.com\/index.php?rest_route=%2Fwp%2Fv2%2Fproduct_brand&post=116766"},{"taxonomy":"product_cat","embeddable":true,"href":"https:\/\/www.hediyepazar.com\/index.php?rest_route=%2Fwp%2Fv2%2Fproduct_cat&post=116766"},{"taxonomy":"product_tag","embeddable":true,"href":"https:\/\/www.hediyepazar.com\/index.php?rest_route=%2Fwp%2Fv2%2Fproduct_tag&post=116766"}],"curies":[{"name":"wp","href":"https:\/\/api.w.org\/{rel}","templated":true}]}}