{"id":116768,"date":"2026-05-05T18:00:16","date_gmt":"2026-05-05T21:00:16","guid":{"rendered":"https:\/\/www.hediyepazar.com\/?product=4-baslikli-kablosuz-sarjli-epilasyon-cihazi"},"modified":"2026-05-05T18:00:16","modified_gmt":"2026-05-05T21:00:16","slug":"4-baslikli-kablosuz-sarjli-epilasyon-cihazi","status":"publish","type":"product","link":"https:\/\/www.hediyepazar.com\/?product=4-baslikli-kablosuz-sarjli-epilasyon-cihazi","title":{"rendered":"4 Ba\u015fl\u0131kl\u0131 Kablosuz \u015earjl\u0131 Epilasyon Cihaz\u0131"},"content":{"rendered":"<p>Bu \u00e7ok y\u00f6nl\u00fc \u015farjl\u0131 epilasyon makinesi, d\u00f6rt farkl\u0131 ba\u015fl\u0131k sayesinde ki\u015fisel bak\u0131m\u0131n\u0131z\u0131 eksiksiz tamamlaman\u0131z\u0131 sa\u011flar. Epilasyon ba\u015fl\u0131\u011f\u0131, istenmeyen t\u00fcyleri k\u00f6k\u00fcnden alarak uzun s\u00fcreli p\u00fcr\u00fczs\u00fczl\u00fck sunarken; t\u0131ra\u015f ba\u015fl\u0131\u011f\u0131, h\u0131zl\u0131 ve y\u00fczeysel temizlik i\u00e7in idealdir. Ayak t\u00f6rp\u00fcs\u00fc ba\u015fl\u0131\u011f\u0131, sertle\u015fmi\u015f deri ve topuk b\u00f6lgelerini nazik\u00e7e temizlerken; ince t\u00f6rp\u00fc ba\u015fl\u0131\u011f\u0131 sayesinde t\u0131rnaklar\u0131n\u0131za istedi\u011finiz formu kolayl\u0131kla verebilirsiniz.Cihaz, tam \u015farj i\u00e7in 8 saat s\u00fcrede dolarken, tek \u015farjla yakla\u015f\u0131k 45 dakika kesintisiz \u00e7al\u0131\u015f\u0131r. Kablosuz kullan\u0131m avantaj\u0131 sayesinde priz arama derdi olmadan \u00f6zg\u00fcrce hareket edebilirsiniz. Bu da \u00fcr\u00fcn\u00fc hem ev kullan\u0131m\u0131 hem de seyahatler i\u00e7in vazge\u00e7ilmez k\u0131lar.Ergonomik ve hafif tasar\u0131m\u0131, uzun s\u00fcreli kullan\u0131mlarda bile elinizde rahat\u00e7a tutulmas\u0131n\u0131 sa\u011flar. T\u00fcm ba\u015fl\u0131klar kolayca tak\u0131l\u0131p \u00e7\u0131kar\u0131labilir ve temizlik f\u0131r\u00e7as\u0131 sayesinde hijyenik kullan\u0131m\u0131 destekler. \u00dcr\u00fcn paketinde, 1 cihaz g\u00f6vdesi, 4 ba\u015fl\u0131k, 1 \u015farj adapt\u00f6r\u00fc ve 1 temizlik f\u0131r\u00e7as\u0131 yer al\u0131r.Bu cihaz, sadece epilasyon de\u011fil; t\u0131rnak ve ayak bak\u0131m\u0131 ile de ilgilenerek bak\u0131m rutinini ba\u015ftan sona kolayla\u015ft\u0131r\u0131r. Modern kad\u0131n\u0131n ihtiyac\u0131na hitap eden fonksiyonel yap\u0131s\u0131yla, kompakt boyutu sayesinde \u00e7antan\u0131za at\u0131p her yere ta\u015f\u0131yabilirsiniz. G\u00fcnl\u00fck ya da haftal\u0131k bak\u0131m rutininizi art\u0131k konforlu bir \u015fekilde ger\u00e7ekle\u015ftirebilirsiniz.<\/p>\n","protected":false},"excerpt":{"rendered":"<p>Bu \u00e7ok y\u00f6nl\u00fc \u015farjl\u0131 epilasyon makinesi, d\u00f6rt farkl\u0131 ba\u015fl\u0131k sayesinde ki\u015fisel bak\u0131m\u0131n\u0131z\u0131 eksiksiz tamamlaman\u0131z\u0131 sa\u011flar. Epilasyon ba\u015fl\u0131\u011f\u0131, istenmeyen t\u00fcyleri k\u00f6k\u00fcnden alarak uzun s\u00fcreli p\u00fcr\u00fczs\u00fczl\u00fck sunarken; t\u0131ra\u015f ba\u015fl\u0131\u011f\u0131, h\u0131zl\u0131 ve y\u00fczeysel temizlik i\u00e7in idealdir. Ayak t\u00f6rp\u00fcs\u00fc ba\u015fl\u0131\u011f\u0131, sertle\u015fmi\u015f deri ve topuk b\u00f6lgelerini nazik\u00e7e temizlerken; ince t\u00f6rp\u00fc ba\u015fl\u0131\u011f\u0131 sayesinde t\u0131rnaklar\u0131n\u0131za istedi\u011finiz formu kolayl\u0131kla verebilirsiniz.Cihaz, tam \u015farj i\u00e7in&#8230;<\/p>\n","protected":false},"featured_media":116767,"comment_status":"open","ping_status":"closed","template":"","meta":{"_kad_post_transparent":"","_kad_post_title":"","_kad_post_layout":"","_kad_post_sidebar_id":"","_kad_post_content_style":"","_kad_post_vertical_padding":"","_kad_post_feature":"","_kad_post_feature_position":"","_kad_post_header":false,"_kad_post_footer":false,"_kad_post_classname":""},"product_brand":[],"product_cat":[14919],"product_tag":[],"class_list":{"0":"post-116768","1":"product","2":"type-product","3":"status-publish","4":"has-post-thumbnail","6":"product_cat-epilator-epilator","8":"first","9":"instock","10":"purchasable","11":"product-type-simple","12":"entry","13":"content-bg","14":"loop-entry"},"_links":{"self":[{"href":"https:\/\/www.hediyepazar.com\/index.php?rest_route=\/wp\/v2\/product\/116768","targetHints":{"allow":["GET"]}}],"collection":[{"href":"https:\/\/www.hediyepazar.com\/index.php?rest_route=\/wp\/v2\/product"}],"about":[{"href":"https:\/\/www.hediyepazar.com\/index.php?rest_route=\/wp\/v2\/types\/product"}],"replies":[{"embeddable":true,"href":"https:\/\/www.hediyepazar.com\/index.php?rest_route=%2Fwp%2Fv2%2Fcomments&post=116768"}],"wp:featuredmedia":[{"embeddable":true,"href":"https:\/\/www.hediyepazar.com\/index.php?rest_route=\/wp\/v2\/media\/116767"}],"wp:attachment":[{"href":"https:\/\/www.hediyepazar.com\/index.php?rest_route=%2Fwp%2Fv2%2Fmedia&parent=116768"}],"wp:term":[{"taxonomy":"product_brand","embeddable":true,"href":"https:\/\/www.hediyepazar.com\/index.php?rest_route=%2Fwp%2Fv2%2Fproduct_brand&post=116768"},{"taxonomy":"product_cat","embeddable":true,"href":"https:\/\/www.hediyepazar.com\/index.php?rest_route=%2Fwp%2Fv2%2Fproduct_cat&post=116768"},{"taxonomy":"product_tag","embeddable":true,"href":"https:\/\/www.hediyepazar.com\/index.php?rest_route=%2Fwp%2Fv2%2Fproduct_tag&post=116768"}],"curies":[{"name":"wp","href":"https:\/\/api.w.org\/{rel}","templated":true}]}}