{"id":116770,"date":"2026-05-05T18:00:33","date_gmt":"2026-05-05T21:00:33","guid":{"rendered":"https:\/\/www.hediyepazar.com\/?product=darbelere-dayanikli-kablosuz-erkek-tiras-aleti"},"modified":"2026-05-05T18:00:33","modified_gmt":"2026-05-05T21:00:33","slug":"darbelere-dayanikli-kablosuz-erkek-tiras-aleti","status":"publish","type":"product","link":"https:\/\/www.hediyepazar.com\/?product=darbelere-dayanikli-kablosuz-erkek-tiras-aleti","title":{"rendered":"Darbelere Dayan\u0131kl\u0131 Kablosuz Erkek T\u0131ra\u015f Aleti"},"content":{"rendered":"<p>Bu t\u0131ra\u015f makinesi, g\u00fcnl\u00fck bak\u0131m\u0131n\u0131 \u00f6nemseyen erkekler i\u00e7in geli\u015ftirildi. Kablosuz yap\u0131s\u0131, priz arama derdini ortadan kald\u0131r\u0131rken, \u015farj g\u00f6stergesi ile bataryan\u0131n doluluk oran\u0131 kolayca izlenebilir. Bu \u00f6zellikler, \u00fcr\u00fcn\u00fc pratik ve kullan\u0131c\u0131 dostu hale getirir.Kuru t\u0131ra\u015f teknolojisi, cilt \u00fczerinde yumu\u015fak bir temas sa\u011flayarak tahri\u015f riskini azalt\u0131r. K\u00f6p\u00fck veya jel olmadan, h\u0131zl\u0131 ve temiz bir t\u0131ra\u015f sa\u011flar. Folyo ba\u015fl\u0131\u011f\u0131, cilt dostu yap\u0131s\u0131 sayesinde hem y\u00fcz hem de boyun b\u00f6lgesinde etkili kullan\u0131m sunar.\u00dcr\u00fcn\u00fcn \u00e7ift ba\u015fl\u0131kl\u0131 yap\u0131s\u0131, farkl\u0131 t\u0131ra\u015f modlar\u0131 aras\u0131nda kolayca ge\u00e7i\u015f yapman\u0131za olanak verir. Y\u0131kanabilir tasar\u0131m ve temizleme f\u0131r\u00e7as\u0131, hijyenik kullan\u0131m\u0131n s\u00fcrekli olmas\u0131n\u0131 sa\u011flar. Bu sayede t\u0131ra\u015f sonras\u0131 temizlik zahmetsiz hale gelir.Dayan\u0131kl\u0131 materyallerle \u00fcretilmi\u015f olmas\u0131 sayesinde darbelere kar\u015f\u0131 uzun s\u00fcreli koruma sunar. Kompakt boyutlar\u0131 ile \u00e7antaya kolayl\u0131kla s\u0131\u011far. Seyahat eden kullan\u0131c\u0131lar i\u00e7in ideal bir \u00e7\u00f6z\u00fcm sunar.<\/p>\n","protected":false},"excerpt":{"rendered":"<p>Bu t\u0131ra\u015f makinesi, g\u00fcnl\u00fck bak\u0131m\u0131n\u0131 \u00f6nemseyen erkekler i\u00e7in geli\u015ftirildi. Kablosuz yap\u0131s\u0131, priz arama derdini ortadan kald\u0131r\u0131rken, \u015farj g\u00f6stergesi ile bataryan\u0131n doluluk oran\u0131 kolayca izlenebilir. Bu \u00f6zellikler, \u00fcr\u00fcn\u00fc pratik ve kullan\u0131c\u0131 dostu hale getirir.Kuru t\u0131ra\u015f teknolojisi, cilt \u00fczerinde yumu\u015fak bir temas sa\u011flayarak tahri\u015f riskini azalt\u0131r. K\u00f6p\u00fck veya jel olmadan, h\u0131zl\u0131 ve temiz bir t\u0131ra\u015f sa\u011flar. Folyo&#8230;<\/p>\n","protected":false},"featured_media":116769,"comment_status":"open","ping_status":"closed","template":"","meta":{"_kad_post_transparent":"","_kad_post_title":"","_kad_post_layout":"","_kad_post_sidebar_id":"","_kad_post_content_style":"","_kad_post_vertical_padding":"","_kad_post_feature":"","_kad_post_feature_position":"","_kad_post_header":false,"_kad_post_footer":false,"_kad_post_classname":""},"product_brand":[],"product_cat":[14925],"product_tag":[],"class_list":{"0":"post-116770","1":"product","2":"type-product","3":"status-publish","4":"has-post-thumbnail","6":"product_cat-tiras-makinesi-tiras-makinesi","8":"first","9":"instock","10":"purchasable","11":"product-type-simple","12":"entry","13":"content-bg","14":"loop-entry"},"_links":{"self":[{"href":"https:\/\/www.hediyepazar.com\/index.php?rest_route=\/wp\/v2\/product\/116770","targetHints":{"allow":["GET"]}}],"collection":[{"href":"https:\/\/www.hediyepazar.com\/index.php?rest_route=\/wp\/v2\/product"}],"about":[{"href":"https:\/\/www.hediyepazar.com\/index.php?rest_route=\/wp\/v2\/types\/product"}],"replies":[{"embeddable":true,"href":"https:\/\/www.hediyepazar.com\/index.php?rest_route=%2Fwp%2Fv2%2Fcomments&post=116770"}],"wp:featuredmedia":[{"embeddable":true,"href":"https:\/\/www.hediyepazar.com\/index.php?rest_route=\/wp\/v2\/media\/116769"}],"wp:attachment":[{"href":"https:\/\/www.hediyepazar.com\/index.php?rest_route=%2Fwp%2Fv2%2Fmedia&parent=116770"}],"wp:term":[{"taxonomy":"product_brand","embeddable":true,"href":"https:\/\/www.hediyepazar.com\/index.php?rest_route=%2Fwp%2Fv2%2Fproduct_brand&post=116770"},{"taxonomy":"product_cat","embeddable":true,"href":"https:\/\/www.hediyepazar.com\/index.php?rest_route=%2Fwp%2Fv2%2Fproduct_cat&post=116770"},{"taxonomy":"product_tag","embeddable":true,"href":"https:\/\/www.hediyepazar.com\/index.php?rest_route=%2Fwp%2Fv2%2Fproduct_tag&post=116770"}],"curies":[{"name":"wp","href":"https:\/\/api.w.org\/{rel}","templated":true}]}}